{"id":102,"date":"2015-05-19T06:16:24","date_gmt":"2015-05-18T22:16:24","guid":{"rendered":"http:\/\/www.komododivecenter.com\/?page_id=102"},"modified":"2018-06-11T10:56:56","modified_gmt":"2018-06-11T02:56:56","slug":"padi-courses","status":"publish","type":"page","link":"https:\/\/www.komododivecenter.com\/de\/tauchen\/padi-courses\/","title":{"rendered":"PADI-Kurse"},"content":{"rendered":"<div class=\"fusion-fullwidth fullwidth-box fusion-parallax-none\" style=\"border-color:#eae9e9;border-bottom-width: 0px;border-top-width: 0px;border-bottom-style: solid;border-top-style: solid;padding-bottom:20px;padding-left:0px;padding-right:0px;padding-top:20px;background-position:left top;background-repeat:no-repeat;-webkit-background-size:cover;-moz-background-size:cover;-o-background-size:cover;background-size:cover;\"><div class=\"fusion-row\"><div class=\"fusion-title title center-heading\"><h1 class=\"title-heading-left\">PADI-Kurse<\/h1><div class=\"title-sep-container\"><div class=\"title-sep sep-none\"><\/div><\/div><\/div><p style=\"text-align: center;\">M\u00f6chten Sie Tauchen lernen oder Ihre F\u00e4higkeiten verbessern?<br \/>\nWir bieten Ihnen das ganze Spektrum der PADI-Kurse. Unsere erfahrenen Tauchlehrer werden Sie hochqualifiziert ausbilden.<\/p>\n<div class=\"fusion-sep-clear\"><\/div><div class=\"fusion-separator fusion-full-width-sep sep-none\" style=\"border-color:#e0dede;margin-left: auto;margin-right: auto;margin-top:px;\"><\/div><div class=\"imageframe-align-center\"><span class=\"fusion-imageframe imageframe-none imageframe-1 courses-image\"> <img decoding=\"async\" src=\"https:\/\/www.komododivecenter.com\/wp-content\/uploads\/PADI-ladder.jpg\" alt=\"PADI Courses at Komodo Dive Center\" class=\"img-responsive\"\/><\/span><\/div><div class=\"accordian fusion-accordian\"><div class=\"panel-group\" id=\"accordion-102-1\"><div class=\"fusion-panel panel-default\"><div class=\"panel-heading\"><h4 class=\"panel-title toggle\"><a data-toggle=\"collapse\" data-parent=\"#accordion-102-1\" data-target=\"#20bbb7ab419edb954\" href=\"#20bbb7ab419edb954\"><i class=\"fa-fusion-box\"><\/i><div class=\"fusion-toggle-heading\">PADI Discover Scuba Diving<\/div><\/a><\/h4><\/div><div id=\"20bbb7ab419edb954\" class=\"panel-collapse collapse \"><div class=\"panel-body toggle-content\">Wenn Sie noch kein Tauchzertifikat besitzen, aber gerne einen Einblick erhalten m\u00f6chten, was die Unterwasserwelt Komodos zu bieten hat, k\u00f6nnten Sie in diesem\u00a0eint\u00e4gigen Lehrgang erste Taucherfahrungen sammeln.<\/p>\n<p>Haben Sie sich schon einmal gefragt wie es ist, unter Wasser zu atmen? Wenn Sie es herausfinden m\u00f6chten, aber noch keinen ganzen Kurs absolvieren m\u00f6chten, k\u00f6nnen Sie im <strong>Discover Scuba Diving<\/strong> ausprobieren, ob Ihnen das Tauchen gef\u00e4llt.<\/p>\n<p>Der Kurs schlie\u00dft mit keinem Privet ab, liefert Ihnen aber erste Erfahrungen im Umgang mit der Tauchausr\u00fcstung im seichten Wasser. Ein guter Einstieg, um den Komodo Nationalpark kennenzulernen!<\/p>\n<p>Unter Wasser zu atmen und zu verweilen ist ein unvergleichliches Erlebnis. Es dauert ein wenig, bis Sie sich an dieses neue Erfahrung gew\u00f6hnen werden \u2013 Menschen sind nunmal ja von Natur aus dazu ausgestattet, aber bereits nach ein paar Minuten werden Sie erleben, wie einfach und entspannend das Tauchen ist.<\/p>\n<p>Nach einer kurzen theorietischen Einf\u00fchrung und praktischer Vorbereitung werden Sie im seichten Gew\u00e4sser den Umgang mit der Tauchausr\u00fcstung und die Atmung unter Wasser erlernen. Sobald Sie sich damit wohl f\u00fchlen, k\u00f6nnen Sie mit uns einen richtigen Tauchgang, nat\u00fcrlich unter professioneller Begleitung eines Tauchlehrers, auf unserem Tagesboot absolvieren.<\/p>\n<p>Der Preis von <span style=\"text-decoration: underline;\">140 US$\/Person<\/span> beinhaltet:<\/p>\n<ul>\n<li>Theoretische Einf\u00fchrung und praktische Vorbereitung<\/li>\n<li>Vollst\u00e4ndige Tauchausr\u00fcstung<\/li>\n<li>Drei Tauchg\u00e4nge mit Tauchlehrer<\/li>\n<li>Versicherung<\/li>\n<\/ul>\n<\/div><\/div><\/div><div class=\"fusion-panel panel-default\"><div class=\"panel-heading\"><h4 class=\"panel-title toggle\"><a data-toggle=\"collapse\" data-parent=\"#accordion-102-1\" data-target=\"#73873b9c93719812f\" href=\"#73873b9c93719812f\"><i class=\"fa-fusion-box\"><\/i><div class=\"fusion-toggle-heading\">PADI Open Water Kurs<\/div><\/a><\/h4><\/div><div id=\"73873b9c93719812f\" class=\"panel-collapse collapse \"><div class=\"panel-body toggle-content\">Der <strong>PADI Open Water Diver Kurs<\/strong> ist Ihre Eintrittskarte in die marine Welt. Nach Abschluss des Kurses werden Sie als PADI Open Water Diver (PADI OWD) zertifiziert. Dieses international anerkannte Brevet, das Sie in einem nur dreit\u00e4gigen Kurs abschlie\u00dfen k\u00f6nnen, erlaubt Ihnen, \u00fcberall auf der Welt bis zu einer Tiefe von 18m zu tauchen.<\/p>\n<p>Gemeinsam mit Ihrem qualifizierten PADI Tauchlehrer erarbeiten Sie die Grundlagen des Tauchens, unterschiedliche Tauch-Techniken sowie den korrekten Umgang mit dem Tauch-Equipment. Der vorgeschriebene theoretische Unterricht, der mit einem Test abschlie\u00dft, wird durch Video-Sessions, Quizz-Fragen und die detaillierten Anleitungen und Erkl\u00e4rungen Ihres Tauchlehrers zu einem spannenden Einstieg in die Unterwasserwelt. Der praktische Teil beinhaltet sechs \u00dcbungstauchg\u00e4nge, anfangs im flachen Wasser und anschlie\u00dfend im Meer.<\/p>\n<p><span style=\"text-decoration: underline;\">Ausbildungsort<\/span>:<br \/>\nDer theoretische Unterricht findet in den R\u00e4umen des Komodo Dive Center in Labuan Bajo, Flores, statt. Den praktischen Teil absolvieren Sie bereits an verschiedenen Tauch-Spots im Komodo National Park.<\/p>\n<p><span style=\"text-decoration: underline;\">Der PADI Open Water Course beinhaltet<\/span>:<br \/>\nTheoretischen Unterricht, praktisches Unterwasser-Training, die gesamte erforderliche Tauchausr\u00fcstung, Versicherung, Fr\u00fchst\u00fcck und Lunch (nur auf dem Boot), pers\u00f6nliches Tauch-Logbuch, Sauerstoffflaschen und Gewichte. Kleine Gruppen von max. 4 Teilnehmern\/Instructor.<\/p>\n<p><span style=\"text-decoration: underline;\">Der Preis von US$ 480,00 beinhaltet<\/span>:<br \/>\nPADI Open Water Kurs (1 Tag Theorie, 2 Tage praktisches Training im Komodo National Park auf unserem eigenen Boot)<br \/>\nPADI Zertifizierungskosten und Kursunterlagen (US$ 92,00)<br \/>\nEintritt in den Komodo Nationalpark (US$ 28,00)<\/div><\/div><\/div><div class=\"fusion-panel panel-default\"><div class=\"panel-heading\"><h4 class=\"panel-title toggle\"><a data-toggle=\"collapse\" data-parent=\"#accordion-102-1\" data-target=\"#93fa29642081f3d0d\" href=\"#93fa29642081f3d0d\"><i class=\"fa-fusion-box\"><\/i><div class=\"fusion-toggle-heading\">PADI Advanced Open Water<\/div><\/a><\/h4><\/div><div id=\"93fa29642081f3d0d\" class=\"panel-collapse collapse \"><div class=\"panel-body toggle-content\">Der <strong>PADI Advanced Open Water Kurs<\/strong> ist Ihr zweiter Schritt, nachdem Sie den PADI Open Water Kurs absolviert haben. Advanced oder fortgeschritten bedeutet hierbei nicht, dass Sie \u00fcber gro\u00dfe Taucherfahrung verf\u00fcgen m\u00fcssen, um diesen Kurs zu belegen, sondern dass dieser Kurs auf das aufbaut, was Sie bereits PADI Open Water Kurs erlernt haben.<\/p>\n<p>Der Advanced Open Water Kurs zielt darauf ab, Ihre praktischen Fertigkeiten zu vertiefen und professional angeleitet weitere Taucherfahrungen zu sammeln. Die Ausbildung besteht aus 5 Modulen, die jeweils einen Tauchgang und einen Theorieteil beinhalten. Durch die Flexibilit\u00e4t dieses Kurses und die M\u00f6glichkeit, einzelne Module zu w\u00e4hlen, k\u00f6nnen Sie die Inhalte auf Ihre pers\u00f6nlichen Interessen und Anspr\u00fcchen anpassen.<\/p>\n<p><strong>VORGESCHRIEBENE MODULE<\/strong><\/p>\n<p><span style=\"text-decoration: underline;\">PADI Deep Dive<\/span> \u2013 Dieser Tauchgang f\u00fchrt Sie in Tiefen bis zu 30m. Sie lernen, die Gegebenheiten des Tauchens in gr\u00f6\u00dferen Tiefen als es Ihr Open Water Zertifikat erlaubt, zu erkennen und entsprechend darauf zu reagieren.<\/p>\n<p><span style=\"text-decoration: underline;\">PADI Underwater Navigation dive<\/span> \u2013 hierbei erlernen Sie die Prinzipien des Navigierens unter Wasser, einschlie\u00dflich des Gebrauchs des Kompasses, das Absch\u00e4tzen von Entfernungen und die damit verbundenen Schwierigkeiten.<\/p>\n<p><strong>WAHLMODULE<\/strong><\/p>\n<p>Drei der folgenden Module k\u00f6nnen je nach Interesse, Verf\u00fcgbarkeit und Wetter gew\u00e4hlt werden:<\/p>\n<p><span style=\"text-decoration: underline;\">PADI Night Dive<\/span> \u2013 als Wahlmodul sehr empfohlen, um die Grundlagen des Nachttauchens zu erlernen.<\/p>\n<p><span style=\"text-decoration: underline;\">PADI Peak Performance Buoyancy dive<\/span> \u2013 eines der beliebtesten Wahlmodule, das Tauchern hilft, die &#8222;Sache mit dem Auftrieb&#8220; noch besser in den Griff zu bekommen, hei\u00dft, die Verteilung und das korrekte Errechnen der Gewichte. Weiters werden Tauchprofile erstellt, das Prinzip der Sicherheitsstopps trainiert und allgemeine Tauchfertigkeiten erworben.<\/p>\n<p><span style=\"text-decoration: underline;\">PADI Enriched Air Nitrox<\/span> \u2013 Lernen Sie die Vorz\u00fcge kennen, Ihr Sauerstoff\/Nitrogengemisch korrekt zu ermitteln und somit l\u00e4ngere Bottom Times bei Ihren Tauchg\u00e4ngen genie\u00dfen zu k\u00f6nnen.<\/p>\n<p><span style=\"text-decoration: underline;\">PADI Boat Dive<\/span> \u2013 ein entspannter Tauchgang am Ende des Kurses f\u00fcr diejenigen, die hart daran gearbeitet haben, neue Fertigkeiten zu erlernen, und diese nun in der spektakul\u00e4ren Unterwasserwelt des Komodo Nationalparks ausprobieren m\u00f6chten.<\/p>\n<p><span style=\"text-decoration: underline;\">PADI Underwater Photographer<\/span> \u2013 tauchen Sie ein in die Geheimnisse der Unterwasserfotografie mit ihren speziellen Techniken und Tricks.<\/p>\n<p><span style=\"text-decoration: underline;\">PADI Search &amp; Recovery dive<\/span> \u2013 verfeinern Sie ihre Navigationskenntnisse und lernen Sie, \u2026. Zu suchen, lift bags zu bedienen und eine ganze Suchaktion zu leiten.<\/p>\n<p><span style=\"text-decoration: underline;\">PADI Underwater Naturalist<\/span> \u2013 f\u00fcr all diejenigen, die mehr \u00fcber Ihre Unterwasser-Umgebung erfahren m\u00f6chten, das Meer im Allgemeinen und auch \u00fcber lokale Besonderheiten hier im Komodo National Park.<\/p>\n<p>Zur Vorbereitung f\u00fcr diesen Kurs lesen Sie bitte die entsprechenden Kapitel in Ihrem PADI Manual und f\u00fcllen die \u201eWiederholungsfragen\u201c im Anschluss an diese Kapitel aus. Diese <strong>Knowledge Reviews<\/strong> werden am Ende des Kurses von Ihrem Tauchlehrer begutachtet und gelten als Nachweis f\u00fcr die Absolvierung des Kurses. Ein Test ist nicht vorgesehen.<\/p>\n<p><span style=\"text-decoration: underline;\">Ausbildungsort<\/span>:<br \/>\nAlle theoretischen Einheiten werden zwischen den Tauchg\u00e4ngen direkt auf dem Boot absolviert.<br \/>\nAlle Trainingstauchg\u00e4nge finden an unterschiedlichen Tauchpl\u00e4tzen im Komodo National Park statt.<\/p>\n<p><span style=\"text-decoration: underline;\">Der PADI Advanced Open Water Course beinhaltet:<\/span>:<br \/>\nDen theoretischen Unterricht, die Trainingstauchg\u00e4nge, das erforderliche Tauch-Equipment, Fr\u00fchst\u00fcck und Lunch (wenn auf unserem Boot), das pers\u00f6nliche Tauch-Logbuch, Sauerstofftanks und Gewichte. Max. 4 Teilnehmer\/Instructor.<\/p>\n<p><span style=\"text-decoration: underline;\">Der Preis von US$ 450,00 beinhaltet:<\/span>:<br \/>\nPADI Advanced Open Water Course (zwei Tage Trainingstauchg\u00e4nge auf unserem Boot)<br \/>\nPADI Zertifizierungskosten und Kursunterlagen (US$ 92,00)<br \/>\nEintritt in den Komodo National Park (US$ 28,00)<\/div><\/div><\/div><div class=\"fusion-panel panel-default\"><div class=\"panel-heading\"><h4 class=\"panel-title toggle\"><a data-toggle=\"collapse\" data-parent=\"#accordion-102-1\" data-target=\"#df1f8416a23c27cf3\" href=\"#df1f8416a23c27cf3\"><i class=\"fa-fusion-box\"><\/i><div class=\"fusion-toggle-heading\">PADI Rescue Diver<\/div><\/a><\/h4><\/div><div id=\"df1f8416a23c27cf3\" class=\"panel-collapse collapse \"><div class=\"panel-body toggle-content\">Wie kann man aus dem wichtigen Thema Unfallverh\u00fctung und Management ein spannendes und erlebnisreiches Modul machen? Beim <strong>Padi Rescue Diver Kurs<\/strong>! Hierbei werden Sie Ihre Fertigkeiten und Kenntnisse so erweitern, dass Sie bei Tauchunf\u00e4llen effektive Hilfe leisten und Rettungsma\u00dfnahmen vornehmen k\u00f6nnen. Das ist sicherlich das interessanteste und wichtigste Training, das Sie als Taucher absolvieren k\u00f6nnen.<\/p>\n<p>Sie werden Fertigkeiten lernen, die Sie nicht nur dazu qualifizieren, Ihrem Tauch-Buddy oder anderen Tauchern im Notfall Hilfe zu leisten, sondern Sie werden auch Ihren eigenen Erfahrungshorizont erweitern und das Achtsamkeitsbewusstsein sch\u00e4rfen.<\/p>\n<p>Mit maximal drei Teilnehmern\/Instuctor werden Sie intensivere pers\u00f6nliche Lernerfahrungen machen als in jedem anderen Kurs! An zwei Abenden werden Sie den Theorieteil und die Trainings im Pool absolvieren, welche Situationen wie Self Rescue, Diver Stress, Erste Hilfe beim Tauchen, Notfall-Management und Equipment Considerations einschlie\u00dfen.<\/p>\n<p><span style=\"text-decoration: underline;\">Auf folgende Situationen werden Sie vorbereitet<\/span>:<br \/>\nErsch\u00f6pfter Taucher, Panik bei Tauchern, Funkkontakt von K\u00fcste\/Boot zu einem Taucher bei Bewusstsein, ersch\u00f6pfter Taucher unter Wasser, vermisster Taucher, Auftauchen mit einem bewusstlosen Taucher, bewusstloser Taucher an der Wasseroberfl\u00e4che, Erste Hilfe bei Druck-Unf\u00e4llen, Kontakt von K\u00fcste\/Boot zu einem bewusstlosen Taucher.<br \/>\nSzenario #1 \u2013 Unterwasserbergung<br \/>\nSzenario #2 \u2013 Stressmanagement<\/p>\n<p>Voraussetzung f\u00fcr die Teilnahme am PADI Rescue Diver Programm ist ein PADI Advanced Open Water Zertifikat (oder entsprechend). Und der Nachweis eines erfolgreich abgeschlossenen <strong>&#8222;Erste Hilfe&#8220; Kurses<\/strong> (PADI EFR, Rotes Kreuz o.\u00e4.) innerhalb der letzten zwei Jahre. <\/div><\/div><\/div><div class=\"fusion-panel panel-default\"><div class=\"panel-heading\"><h4 class=\"panel-title toggle\"><a data-toggle=\"collapse\" data-parent=\"#accordion-102-1\" data-target=\"#13803bf841534a415\" href=\"#13803bf841534a415\"><i class=\"fa-fusion-box\"><\/i><div class=\"fusion-toggle-heading\">PADI Divemaster<\/div><\/a><\/h4><\/div><div id=\"13803bf841534a415\" class=\"panel-collapse collapse \"><div class=\"panel-body toggle-content\">Auf Anfrage \u2013 bitte <strong><a href=\"https:\/\/www.komododivecenter.com\/de\/kontakt\/\">kontaktieren Sie uns<\/a><\/strong> f\u00fcr weitere Informationen<\/div><\/div><\/div><\/div><\/div><\/div><\/div><div class=\"fusion-fullwidth fullwidth-box fusion-parallax-none\" style=\"border-color:#eae9e9;border-bottom-width: 0px;border-top-width: 0px;border-bottom-style: solid;border-top-style: solid;padding-bottom:20px;padding-left:0px;padding-right:0px;padding-top:20px;background-position:left top;background-repeat:no-repeat;-webkit-background-size:cover;-moz-background-size:cover;-o-background-size:cover;background-size:cover;\"><div class=\"fusion-row\"><div class=\"fusion-one-third one_third fusion-layout-column fusion-spacing-yes\" style=\"margin-top:0px;margin-bottom:20px;\"><div class=\"fusion-column-wrapper\"><\/div><\/div><div class=\"fusion-one-third one_third fusion-layout-column fusion-spacing-yes\" style=\"margin-top:0px;margin-bottom:20px;\"><div class=\"fusion-column-wrapper\"><a href=\"http:\/\/www.komododivecenter.com\/de\/kontact\/\" class=\"learn-more-btn more-padding\">Buchen Sie noch heute!<\/a><\/div><\/div><div class=\"fusion-one-third one_third fusion-layout-column fusion-column-last fusion-spacing-yes\" style=\"margin-top:0px;margin-bottom:20px;\"><div class=\"fusion-column-wrapper\"><\/div><\/div><div class=\"fusion-clearfix\"><\/div><\/div><\/div>\n","protected":false},"excerpt":{"rendered":"","protected":false},"author":2,"featured_media":0,"parent":61,"menu_order":0,"comment_status":"open","ping_status":"closed","template":"100-width.php","meta":{"_acf_changed":false,"footnotes":""},"class_list":["post-102","page","type-page","status-publish","hentry"],"acf":[],"_links":{"self":[{"href":"https:\/\/www.komododivecenter.com\/de\/wp-json\/wp\/v2\/pages\/102","targetHints":{"allow":["GET"]}}],"collection":[{"href":"https:\/\/www.komododivecenter.com\/de\/wp-json\/wp\/v2\/pages"}],"about":[{"href":"https:\/\/www.komododivecenter.com\/de\/wp-json\/wp\/v2\/types\/page"}],"author":[{"embeddable":true,"href":"https:\/\/www.komododivecenter.com\/de\/wp-json\/wp\/v2\/users\/2"}],"replies":[{"embeddable":true,"href":"https:\/\/www.komododivecenter.com\/de\/wp-json\/wp\/v2\/comments?post=102"}],"version-history":[{"count":0,"href":"https:\/\/www.komododivecenter.com\/de\/wp-json\/wp\/v2\/pages\/102\/revisions"}],"up":[{"embeddable":true,"href":"https:\/\/www.komododivecenter.com\/de\/wp-json\/wp\/v2\/pages\/61"}],"wp:attachment":[{"href":"https:\/\/www.komododivecenter.com\/de\/wp-json\/wp\/v2\/media?parent=102"}],"curies":[{"name":"wp","href":"https:\/\/api.w.org\/{rel}","templated":true}]}}