{"id":1081,"date":"2015-06-23T15:32:16","date_gmt":"2015-06-23T07:32:16","guid":{"rendered":"http:\/\/www.komododivecenter.com\/?page_id=1081"},"modified":"2018-06-07T11:39:18","modified_gmt":"2018-06-07T03:39:18","slug":"tauchen-komodo","status":"publish","type":"page","link":"https:\/\/www.komododivecenter.com\/de\/","title":{"rendered":"Tauchen Komodo Tauchsafaris, Tagestrips und PADI-Kurse | Komodo Dive Center"},"content":{"rendered":"<div class=\"fusion-fullwidth fullwidth-box fusion-parallax-none\" style=\"border-color:#eae9e9;border-bottom-width: 0px;border-top-width: 0px;border-bottom-style: solid;border-top-style: solid;padding-bottom:50px;padding-left:0px;padding-right:0px;padding-top:50px;background-position:left top;background-repeat:no-repeat;-webkit-background-size:cover;-moz-background-size:cover;-o-background-size:cover;background-size:cover;\"><div class=\"fusion-row\"><div class=\"fusion-two-third fusion-layout-column fusion-spacing-yes\" style=\"margin-top:0px;margin-bottom:20px;\"><div class=\"fusion-column-wrapper\" style=\"background-color:#f0f0ed;border:1px solid #000000;padding:50px;\"><div class=\"fusion-column-table\"><div class=\"fusion-column-tablecell\">\n<h3 style=\"text-align: center;\">LAST MINUTE ANGEBOT!<\/h3>\n<p style=\"text-align: center;\">\u00a05% Rabatt auf unsere n\u00e4chste <strong><a href=\"https:\/\/www.komododivecenter.com\/de\/tauchen\/tauchsafaris\/\">Komodo Tauchsafari<\/a><\/strong> am 30. November\u00a0<img decoding=\"async\" src=\"https:\/\/www.komododivecenter.com\/wp-content\/uploads\/logo-mastro-aldo.png\" alt=\"Diver\" \/><\/p>\n<\/div><\/div><\/div><\/div><div class=\"fusion-one-third one_third fusion-layout-column fusion-column-last fusion-spacing-yes fusion-hide-on-mobile\" style=\"margin-top:0px;margin-bottom:20px;\"><div class=\"fusion-column-wrapper\"><p><center><div id=\"TA_certificateOfExcellence458\" class=\"TA_certificateOfExcellence\">\r\n<ul id=\"gr3x0xSQN\" class=\"TA_links FCROUP\">\r\n<li id=\"hkFTab6YIw\" class=\"tz4PtgoxgM\">\r\n<a target=\"_blank\" href=\"http:\/\/www.tripadvisor.com\/Attraction_Review-g1777483-d4156378-Reviews-Komodo_Dive_Center-Labuan_Bajo_Flores_East_Nusa_Tenggara.html \"><img decoding=\"async\" src=\"http:\/\/www.tripadvisor.com\/img\/cdsi\/img2\/awards\/CoE2015_WidgetAsset-14348-2.png \" alt=\"TripAdvisor\" class=\"widCOEImg\" id=\"CDSWIDCOELOGO\"\/><\/a>\r\n<\/li>\r\n<\/ul>\r\n<\/div>\r\n<script src=\"http:\/\/www.jscache.com\/wejs?wtype=certificateOfExcellence&uniq=458&locationId=4156378&lang=en_US&year=2015&display_version=2 \"><\/script><\/center><\/p><p><center><div class=\"fb-page\" data-href=\"https:\/\/www.facebook.com\/pages\/Komodo-Dive-Center\/367248220041174\" data-small-header=\"true\" data-adapt-container-width=\"true\" data-hide-cover=\"true\" data-show-facepile=\"true\" data-show-posts=\"false\"><div class=\"fb-xfbml-parse-ignore\"><blockquote cite=\"https:\/\/www.facebook.com\/pages\/Komodo-Dive-Center\/367248220041174\"><a href=\"https:\/\/www.facebook.com\/pages\/Komodo-Dive-Center\/367248220041174\">Komodo Dive Center<\/a><\/blockquote><\/div><\/div><\/center><\/p><\/div><\/div><div class=\"fusion-clearfix\"><\/div><div class=\"fusion-one-third one_third fusion-layout-column fusion-spacing-yes\" style=\"margin-top:35px;margin-bottom:20px;\"><div class=\"fusion-column-wrapper\"><div class=\"fusion-column-table\"><div class=\"fusion-column-tablecell\"><div class=\"fusion-title title nobottom\"><h2 class=\"title-heading-left\"><strong><a href=\"https:\/\/www.komododivecenter.com\/de\/tauchen\/tagestrips\/\">Tagesausfl\u00fcge<\/a><\/strong><br \/>\n<\/h2><div class=\"title-sep-container\"><div class=\"title-sep sep-none\"><\/div><\/div><\/div><p><a href=\"https:\/\/www.komododivecenter.com\/de\/tauchen\/tagestrips\/\"><img loading=\"lazy\" decoding=\"async\" class=\"aligncenter size-large wp-image-363\" src=\"https:\/\/www.komododivecenter.com\/wp-content\/uploads\/day-boat-dining-area-guests-460x295.jpg\" alt=\"Tauchboot Tagestrips\" width=\"359\" height=\"239\" srcset=\"https:\/\/www.komododivecenter.com\/wp-content\/uploads\/day-boat-dining-area-guests-300x200.jpg 300w, https:\/\/www.komododivecenter.com\/wp-content\/uploads\/day-boat-dining-area-guests-1024x683.jpg 1024w, https:\/\/www.komododivecenter.com\/wp-content\/uploads\/day-boat-dining-area-guests.jpg 1900w\" sizes=\"auto, (max-width: 359px) 100vw, 359px\" \/><\/a><br \/>\nEntdecken Sie die unglaubliche Biodiversit\u00e4t das Komodo Nationalparks auf unserem <strong><a href=\"https:\/\/www.komododivecenter.com\/de\/tauchen\/tagestrips\/\">luxuri\u00f6s ausgestatteten Holzboot<\/a><\/strong>. Drei Tauchg\u00e4nge t\u00e4glich, jeden Tag!Tauchboot f\u00fcr Tagesausfl\u00fcge. Drei Tauchg\u00e4nge pro Tag!<\/p>\n<\/div><\/div><\/div><\/div><div class=\"fusion-one-third one_third fusion-layout-column fusion-spacing-yes\" style=\"margin-top:35px;margin-bottom:20px;\"><div class=\"fusion-column-wrapper\"><div class=\"fusion-column-table\"><div class=\"fusion-column-tablecell\"><div class=\"fusion-title title nobottom\"><h2 class=\"title-heading-left\"><strong><a href=\"https:\/\/www.komododivecenter.com\/de\/tauchen\/tauchsafaris\/\">Tauchsafaris<\/a><\/strong><br \/>\n<\/h2><div class=\"title-sep-container\"><div class=\"title-sep sep-none\"><\/div><\/div><\/div><p><a href=\"https:\/\/www.komododivecenter.com\/de\/tauchen\/tauchsafaris\/\"><img loading=\"lazy\" decoding=\"async\" class=\"aligncenter size-large wp-image-151\" src=\"https:\/\/www.komododivecenter.com\/wp-content\/uploads\/liveaboard-460x295.jpg\" alt=\"Tauchsafari Safariboot Liveaboard\" width=\"359\" height=\"239\" srcset=\"https:\/\/www.komododivecenter.com\/wp-content\/uploads\/liveaboard-300x200.jpg 300w, https:\/\/www.komododivecenter.com\/wp-content\/uploads\/liveaboard-1024x683.jpg 1024w, https:\/\/www.komododivecenter.com\/wp-content\/uploads\/liveaboard.jpg 1900w\" sizes=\"auto, (max-width: 359px) 100vw, 359px\" \/><\/a><br \/>\nVom Bett aus direkt hinein in die kristallklaren Gew\u00e4sser von Komodo! <strong><a href=\"https:\/\/www.komododivecenter.com\/de\/tauchen\/tauchsafaris\/\">Unser Safariboot (&#8222;Liveaboard&#8220;)<\/a><\/strong> ist der ideale Ort, die Welt \u00fcber und unter den Wellen zu erkunden.<\/p>\n<\/div><\/div><\/div><\/div><div class=\"fusion-one-third one_third fusion-layout-column fusion-column-last fusion-spacing-yes\" style=\"margin-top:35px;margin-bottom:20px;\"><div class=\"fusion-column-wrapper\"><div class=\"fusion-column-table\"><div class=\"fusion-column-tablecell\"><div class=\"fusion-title title nobottom\"><h2 class=\"title-heading-left\"><strong><a href=\"https:\/\/www.komododivecenter.com\/de\/tauchen\/padi-kurse\/\">PADI-Kurse<\/a><\/strong><br \/>\n<\/h2><div class=\"title-sep-container\"><div class=\"title-sep sep-none\"><\/div><\/div><\/div><p><a href=\"https:\/\/www.komododivecenter.com\/de\/tauchen\/padi-kurse\/\"><img loading=\"lazy\" decoding=\"async\" class=\"aligncenter size-large wp-image-525\" src=\"https:\/\/www.komododivecenter.com\/wp-content\/uploads\/manta-point-komodo-diver-460x295.jpg\" alt=\"PADI Kurse\" width=\"359\" height=\"239\" srcset=\"https:\/\/www.komododivecenter.com\/wp-content\/uploads\/manta-point-komodo-diver-300x200.jpg 300w, https:\/\/www.komododivecenter.com\/wp-content\/uploads\/manta-point-komodo-diver-1024x683.jpg 1024w, https:\/\/www.komododivecenter.com\/wp-content\/uploads\/manta-point-komodo-diver.jpg 1900w\" sizes=\"auto, (max-width: 359px) 100vw, 359px\" \/><\/a><br \/>\nM\u00f6chten Sie sich zertifizieren? Wir bieten die gesamte Palette der <strong><a href=\"https:\/\/www.komododivecenter.com\/de\/tauchen\/padi-kurse\/\">PADI Tauchkurse<\/a><\/strong> an. Und es gibt keinen sch\u00f6neren Ort, tauchen zu lernen als in den aufregenden Str\u00f6mungen des Komodo Nationalparks!<\/p>\n<\/div><\/div><\/div><\/div><div class=\"fusion-clearfix\"><\/div><\/div><\/div><div class=\"fusion-fullwidth fullwidth-box fusion-parallax-none fusion-equal-height-columns\" style=\"border-color:#eae9e9;border-bottom-width: 0px;border-top-width: 0px;border-bottom-style: solid;border-top-style: solid;padding-bottom:50px;padding-left:0px;padding-right:0px;padding-top:0px;background-position:left top;background-repeat:no-repeat;-webkit-background-size:cover;-moz-background-size:cover;-o-background-size:cover;background-size:cover;\"><div class=\"fusion-row\"><div class=\"fusion-one-half fusion-layout-column fusion-spacing-yes special\" style=\"margin-top:0px;margin-bottom:0px;\"><div class=\"fusion-column-wrapper\" style=\"padding:0px;\"><span class=\"fusion-imageframe imageframe-none imageframe-1\"> <img decoding=\"async\" src=\"https:\/\/www.komododivecenter.com\/wp-content\/uploads\/South-Komodo-National-Park-6-1024x683.jpg\" alt=\"Komodo\" class=\"img-responsive\"\/><\/span><\/div><\/div><div class=\"fusion-one-half fusion-layout-column fusion-column-last fusion-spacing-yes special nomargin-heading\" style=\"margin-top:0px;margin-bottom:0px;\"><div class=\"fusion-column-wrapper\" style=\"padding:0px;\"><h1>\u00dcber Komodo<\/h1>\n<p><span class=\"fusion-dropcap dropcap\" style=\"color:#1a80b6;\">D<\/span>er Komodo National Park, bestehend aus drei Hauptinseln und einer Vielzahl von kleineren Inseln und Unterwasserbergen, gilt als eines der bedeutendsten und urspr\u00fcnglichsten <strong><a href=\"https:\/\/www.komododivecenter.com\/de\/tauchen\/tauchplaetze\/\">Tauchgebiete<\/a><\/strong> weltweit. Mit seinem unermesslichen Artenreichtum ist dieses Unesco-Naturerbe Heimat von \u00fcber tausend Fischarten. Darunter Haie, Mantarochen und Schildkr\u00f6ten bis hin zu den winzigsten Meeresbewohnern\u00a0wie Nacktkiemer, Garnelen, Krabben, Anglerfische\u00a0und Geisterpfeifenfische.\u00a0Die Komodo Dive Center Crew freut sich darauf, Ihnen ein <strong><a href=\"https:\/\/www.komododivecenter.com\/de\/tauchen\/\">unvergessliches Tauchabenteuer<\/a><\/strong> in dieser fantastischen Unterwasserwelt zu erm\u00f6glichen! Wir kombinieren unsere Tauchexpeditionen mit einer Wanderung auf der Insel Rinca, um die Komodowarane in freier Wildbahn zu beobachten. Gerne organisieren wir auch <strong><a href=\"https:\/\/www.komododivecenter.com\/de\/flores-landausfluege\/\">Landausfl\u00fcge<\/a><\/strong> zu Wasserf\u00e4llen, H\u00f6hlen und D\u00f6rfern im wundersch\u00f6nen Flores in Indonesien.<\/p>\n<\/div><\/div><div class=\"fusion-clearfix\"><\/div><\/div><\/div><div class=\"fusion-fullwidth fullwidth-box fusion-parallax-none fusion-hide-on-mobile\" style=\"border-color:#eae9e9;border-bottom-width: 0px;border-top-width: 0px;border-bottom-style: solid;border-top-style: solid;padding-bottom:45px;padding-left:0px;padding-right:0px;padding-top:60px;background-color:#f0f0ed;background-position:left top;background-repeat:no-repeat;-webkit-background-size:cover;-moz-background-size:cover;-o-background-size:cover;background-size:cover;\"><div class=\"fusion-row\"><h1 style=\"text-align: center;\">GALERIE<\/h1>\n<div class=\"fusion-sep-clear\"><\/div><div class=\"fusion-separator sep-single\" style=\"border-color:#000000;border-top-width:1px;margin-left: auto;margin-right: auto;margin-top:px;margin-bottom:40px;width:100%;max-width:170px;\"><\/div><div class=\"fusion-one-sixth fusion-layout-column fusion-spacing-yes\" style=\"margin-top:0px;margin-bottom:20px;\"><div class=\"fusion-column-wrapper\"><\/div><\/div><div class=\"fusion-two-third fusion-layout-column fusion-spacing-yes\" style=\"margin-top:0px;margin-bottom:20px;\"><div class=\"fusion-column-wrapper\"><h3 style=\"text-align: center;\">Bl\u00e4ttern Sie durch <strong><a href=\"https:\/\/www.komododivecenter.com\/de\/galerie\/\">unsere Fotogalerie<\/a><\/strong>, um einen Vorgeschmack auf die unglaubliche Artenvielfalt Komodos zu erhalten. Wir bieten au\u00dferdem <strong><a href=\"https:\/\/www.komododivecenter.com\/de\/tauchen\/unterwasserfotografie-workshop\/\">Unterwasserfotografie-Workshops<\/a><\/strong> an!<\/h3>\n<\/div><\/div><div class=\"fusion-one-sixth fusion-layout-column fusion-column-last fusion-spacing-yes\" style=\"margin-top:0px;margin-bottom:20px;\"><div class=\"fusion-column-wrapper\"><\/div><\/div><div class=\"fusion-clearfix\"><\/div><div class=\"fusion-sep-clear\"><\/div><div class=\"fusion-separator fusion-full-width-sep sep-none\" style=\"border-color:#e0dede;margin-left: auto;margin-right: auto;margin-top:20px;width:100%;max-width:100%;\"><\/div><div class=\"fusion-image-carousel lightbox-enabled\"><div class=\"fusion-carousel\" data-autoplay=\"yes\" data-columns=\"3\" data-itemmargin=\"13\" data-itemwidth=\"180\" data-touchscroll=\"no\" data-imagesize=\"fixed\"><div class=\"fusion-carousel-positioner\"><ul class=\"fusion-carousel-holder\"><li class=\"fusion-carousel-item\"><div class=\"fusion-carousel-item-wrapper\"><div class=\"fusion-image-wrapper\"><a data-rel=\"iLightbox[gallery_image_1]\" data-caption=\"Surgeonfish in Komodo\" data-title=\"Surgeonfish in Komodo\" href=\"https:\/\/www.komododivecenter.com\/wp-content\/uploads\/surgeon-fish-komodo.jpg\" target=\"_self\"><img decoding=\"async\" src=\"https:\/\/www.komododivecenter.com\/wp-content\/uploads\/surgeon-fish-komodo-460x295.jpg\" alt=\"Doktorfische in Komodo\" \/><\/a><\/div><\/div><\/li><li class=\"fusion-carousel-item\"><div class=\"fusion-carousel-item-wrapper\"><div class=\"fusion-image-wrapper\"><a data-rel=\"iLightbox[gallery_image_1]\" data-title=\"Nacktkiemer in Komodo\" href=\"https:\/\/www.komododivecenter.com\/wp-content\/uploads\/nudibranch-komodo.jpg\" target=\"_self\"><img decoding=\"async\" src=\"https:\/\/www.komododivecenter.com\/wp-content\/uploads\/nudibranch-komodo-460x295.jpg\" alt=\"Nacktkiemer in Komodo\" \/><\/a><\/div><\/div><\/li><li class=\"fusion-carousel-item\"><div class=\"fusion-carousel-item-wrapper\"><div class=\"fusion-image-wrapper\"><a data-rel=\"iLightbox[gallery_image_1]\" data-caption=\"Manta train at Dive Site &quot;Manta Point&quot;\" data-title=\"Manta train at Manta Point in Komodo\" href=\"https:\/\/www.komododivecenter.com\/wp-content\/uploads\/manta-train-komodo.jpg\" target=\"_self\"><img decoding=\"async\" src=\"https:\/\/www.komododivecenter.com\/wp-content\/uploads\/manta-train-komodo-460x295.jpg\" alt=\"Mantarochen\" \/><\/a><\/div><\/div><\/li><li class=\"fusion-carousel-item\"><div class=\"fusion-carousel-item-wrapper\"><div class=\"fusion-image-wrapper\"><a data-rel=\"iLightbox[gallery_image_1]\" data-caption=\"Dive Site &quot;Cannibal Rock&quot; in Komodo\" data-title=\"Dive Site Cannibal Rock in Komodo\" href=\"https:\/\/www.komododivecenter.com\/wp-content\/uploads\/cannibal-rock-komodo-diver.jpg\" target=\"_self\"><img decoding=\"async\" src=\"https:\/\/www.komododivecenter.com\/wp-content\/uploads\/cannibal-rock-komodo-diver-460x295.jpg\" alt=\"Tauchplatz Cannibal Rock\" \/><\/a><\/div><\/div><\/li><li class=\"fusion-carousel-item\"><div class=\"fusion-carousel-item-wrapper\"><div class=\"fusion-image-wrapper\"><a data-rel=\"iLightbox[gallery_image_1]\" data-caption=\"Komodo Landscape\" data-title=\"Komodo Landscape\" href=\"https:\/\/www.komododivecenter.com\/wp-content\/uploads\/komodo-landscape.jpg\" target=\"_self\"><img decoding=\"async\" src=\"https:\/\/www.komododivecenter.com\/wp-content\/uploads\/komodo-landscape-460x295.jpg\" alt=\"Komodo Landschaft\" \/><\/a><\/div><\/div><\/li><li class=\"fusion-carousel-item\"><div class=\"fusion-carousel-item-wrapper\"><div class=\"fusion-image-wrapper\"><a data-rel=\"iLightbox[gallery_image_1]\" data-caption=\"Dive Site &quot;Batu Bolong&quot;\" data-title=\"Batu Bolong Dive Site in Komodo\" href=\"https:\/\/www.komododivecenter.com\/wp-content\/uploads\/batu-bolong-komodo.jpg\" target=\"_self\"><img decoding=\"async\" src=\"https:\/\/www.komododivecenter.com\/wp-content\/uploads\/batu-bolong-komodo-460x295.jpg\" alt=\"Tauchplatz Batu Bolong\" \/><\/a><\/div><\/div><\/li><\/ul><div class=\"fusion-carousel-nav\"><span class=\"fusion-nav-prev\"><\/span><span class=\"fusion-nav-next\"><\/span><\/div><\/div><\/div><\/div><div class=\"fusion-one-sixth fusion-layout-column fusion-spacing-yes\" style=\"margin-top:0px;margin-bottom:20px;\"><div class=\"fusion-column-wrapper\"><\/div><\/div><div class=\"fusion-two-third fusion-layout-column fusion-spacing-yes\" style=\"margin-top:0px;margin-bottom:20px;\"><div class=\"fusion-column-wrapper\"><h3 style=\"text-align: center;\"><a href=\"https:\/\/www.komododivecenter.com\/gallery\/\">Mehr Bilder<\/a><\/h3>\n<\/div><\/div><div class=\"fusion-one-sixth fusion-layout-column fusion-column-last fusion-spacing-yes\" style=\"margin-top:0px;margin-bottom:20px;\"><div class=\"fusion-column-wrapper\"><\/div><\/div><div class=\"fusion-clearfix\"><\/div><\/div><\/div><div class=\"fusion-fullwidth fullwidth-box fusion-parallax-none\" style=\"border-color:#eae9e9;border-bottom-width: 0px;border-top-width: 0px;border-bottom-style: solid;border-top-style: solid;padding-bottom:35px;padding-left:0px;padding-right:0px;padding-top:60px;background-position:left top;background-repeat:no-repeat;-webkit-background-size:cover;-moz-background-size:cover;-o-background-size:cover;background-size:cover;\"><div class=\"fusion-row\"><div class=\"fusion-one-half fusion-layout-column fusion-spacing-yes fusion-hide-on-mobile\" style=\"margin-top:0px;margin-bottom:20px;\"><div class=\"fusion-column-wrapper\"><h1 style=\"text-align: center;\"><a href=\"https:\/\/www.komododivecenter.com\/posts\/\">BLOG<\/a><\/h1>\n<div class=\"fusion-sep-clear\"><\/div><div class=\"fusion-separator sep-single\" style=\"border-color:#000000;border-top-width:1px;margin-left: auto;margin-right: auto;margin-top:px;margin-bottom:20px;width:100%;max-width:170px;\"><\/div><h3 style=\"text-align: center;\">Neuigkeiten<\/h3>\n<p style=\"text-align: center;\">Lesen Sie aktuelle Informationen und Updates <strong><a href=\"https:\/\/www.komododivecenter.com\/posts\/\">in unserem Blog<\/a><\/strong>!<\/p>\n<p style=\"text-align: center;\">(Derzeit nur in englischer Sprache)<\/p>\n<\/div><\/div><div class=\"fusion-one-half fusion-layout-column fusion-column-last fusion-spacing-yes\" style=\"margin-top:0px;margin-bottom:20px;\"><div class=\"fusion-column-wrapper\"><h1 style=\"text-align: center;\">KONTAKT<\/h1>\n<div class=\"fusion-sep-clear\"><\/div><div class=\"fusion-separator sep-single\" style=\"border-color:#000000;border-top-width:1px;margin-left: auto;margin-right: auto;margin-top:px;margin-bottom:20px;width:100%;max-width:170px;\"><\/div><h3 style=\"text-align: center;\">KOMODO DIVE CENTER<\/h3>\n<p style=\"text-align: center;\">Jalan Soekarno Hatta RT 010 RW 005 (Across the road of Surya Jaya supermarket), Labuan Bajo, Nusa Tenggara Timur 86554, Indonesia Email: info@komododivecenter.com Tel: +62 (0) 81236303644 Tel 2: +62 (0) 85338265208 WhatsApp:\u00a0+62081236303644<\/p>\n<div style=\"text-align: center\">\r\n<script type=\"text\/javascript\" src=\"http:\/\/www.skypeassets.com\/i\/scom\/js\/skype-uri.js\"><\/script>\r\n<div id=\"SkypeButton_Call_www.komododivecenter.com_1\">\r\n  <script type=\"text\/javascript\">\r\n    Skype.ui({\r\n      \"name\": \"dropdown\",\r\n      \"element\": \"SkypeButton_Call_www.komododivecenter.com_1\",\r\n      \"participants\": [\"www.komododivecenter.com\"],\r\n      \"imageSize\": 24\r\n    });\r\n  <\/script>\r\n<\/div><\/div><\/div><\/div><div class=\"fusion-clearfix\"><\/div><\/div><\/div>\n","protected":false},"excerpt":{"rendered":"","protected":false},"author":2,"featured_media":0,"parent":0,"menu_order":0,"comment_status":"closed","ping_status":"closed","template":"100-width.php","meta":{"_acf_changed":false,"footnotes":""},"class_list":["post-1081","page","type-page","status-publish","hentry"],"acf":[],"_links":{"self":[{"href":"https:\/\/www.komododivecenter.com\/de\/wp-json\/wp\/v2\/pages\/1081","targetHints":{"allow":["GET"]}}],"collection":[{"href":"https:\/\/www.komododivecenter.com\/de\/wp-json\/wp\/v2\/pages"}],"about":[{"href":"https:\/\/www.komododivecenter.com\/de\/wp-json\/wp\/v2\/types\/page"}],"author":[{"embeddable":true,"href":"https:\/\/www.komododivecenter.com\/de\/wp-json\/wp\/v2\/users\/2"}],"replies":[{"embeddable":true,"href":"https:\/\/www.komododivecenter.com\/de\/wp-json\/wp\/v2\/comments?post=1081"}],"version-history":[{"count":0,"href":"https:\/\/www.komododivecenter.com\/de\/wp-json\/wp\/v2\/pages\/1081\/revisions"}],"wp:attachment":[{"href":"https:\/\/www.komododivecenter.com\/de\/wp-json\/wp\/v2\/media?parent=1081"}],"curies":[{"name":"wp","href":"https:\/\/api.w.org\/{rel}","templated":true}]}}