{"id":61,"date":"2015-05-18T08:52:09","date_gmt":"2015-05-18T00:52:09","guid":{"rendered":"http:\/\/www.komododivecenter.com\/?page_id=61"},"modified":"2018-06-11T08:19:18","modified_gmt":"2018-06-11T00:19:18","slug":"tauchen","status":"publish","type":"page","link":"https:\/\/www.komododivecenter.com\/de\/tauchen\/","title":{"rendered":"Tauchen"},"content":{"rendered":"<div class=\"fusion-fullwidth fullwidth-box fusion-parallax-none nobottom center-mobile\" style=\"border-color:#eae9e9;border-bottom-width: 0px;border-top-width: 0px;border-bottom-style: solid;border-top-style: solid;padding-bottom:20px;padding-left:0px;padding-right:0px;padding-top:20px;background-position:left top;background-repeat:no-repeat;-webkit-background-size:cover;-moz-background-size:cover;-o-background-size:cover;background-size:cover;\"><div class=\"fusion-row\"><div class=\"fusion-one-full fusion-layout-column fusion-column-last fusion-spacing-yes nomargin-heading\" style=\"margin-top:0px;margin-bottom:20px;\"><div class=\"fusion-column-wrapper\"><div class=\"fusion-title title\"><h1 class=\"title-heading-left\">Tauchen in Komodo<\/h1><div class=\"title-sep-container\"><div class=\"title-sep sep-none\"><\/div><\/div><\/div><h3>Interessiert, an den vielf\u00e4ltigsten und unber\u00fchrtesten Korallenriffen der Welt zu tauchen? Inmitten hunderten von Riff-Fischen zu driften oder mit Haien und Mantas zu schwimmen? Oder auf dem Meeresboden einige der kleinsten und seltensten Meeresbewohner zu entdecken? Tauchen im Komodo Nationalpark hat f\u00fcr jeden etwas \u2013 Sie werden nicht entt\u00e4uscht sein! Wir bieten Ihnen:<\/h3>\n<\/div><\/div><div class=\"fusion-clearfix\"><\/div><div class=\"fusion-one-third one_third fusion-layout-column fusion-spacing-yes\" style=\"margin-top:35px;margin-bottom:20px;\"><div class=\"fusion-column-wrapper\"><div class=\"fusion-title title\"><h2 class=\"title-heading-left\"><strong><a href=\"https:\/\/www.komododivecenter.com\/de\/tauchen\/tagestrips\">Tagesausfl\u00fcge<\/a><\/strong><\/h2><div class=\"title-sep-container\"><div class=\"title-sep sep-none\"><\/div><\/div><\/div><p><a href=\"https:\/\/www.komododivecenter.com\/de\/tauchen\/tagestrips\/\"><img loading=\"lazy\" decoding=\"async\" class=\"aligncenter size-large wp-image-363\" src=\"https:\/\/www.komododivecenter.com\/wp-content\/uploads\/day-boat-dining-area-guests-1024x683.jpg\" alt=\"Tauchboot Tagestrips\" width=\"669\" height=\"446\" srcset=\"https:\/\/www.komododivecenter.com\/wp-content\/uploads\/day-boat-dining-area-guests-1024x683.jpg 1024w, https:\/\/www.komododivecenter.com\/wp-content\/uploads\/day-boat-dining-area-guests-300x200.jpg 300w, https:\/\/www.komododivecenter.com\/wp-content\/uploads\/day-boat-dining-area-guests.jpg 1900w\" sizes=\"auto, (max-width: 669px) 100vw, 669px\" \/><\/a><\/p>\n<p>Entdecken Sie die unglaubliche Biodiversit\u00e4t das Komodo Nationalparks auf unserem <strong><a href=\"https:\/\/www.komododivecenter.com\/de\/tauchen\/tagestrips\/\">luxuri\u00f6s ausgestatteten Holzboot<\/a><\/strong>. Drei Tauchg\u00e4nge t\u00e4glich, jeden Tag!Tauchboot f\u00fcr Tagesausfl\u00fcge. Drei Tauchg\u00e4nge pro Tag!<\/p>\n<\/div><\/div><div class=\"fusion-one-third one_third fusion-layout-column fusion-spacing-yes\" style=\"margin-top:35px;margin-bottom:20px;\"><div class=\"fusion-column-wrapper\"><div class=\"fusion-title title\"><h2 class=\"title-heading-left\"><strong><a href=\"https:\/\/www.komododivecenter.com\/de\/tauchen\/tauchsafaris\/\">Tauchsafaris<\/a><\/strong><\/h2><div class=\"title-sep-container\"><div class=\"title-sep sep-none\"><\/div><\/div><\/div><p><a href=\"https:\/\/www.komododivecenter.com\/de\/tauchen\/tauchsafaris\/\"><img loading=\"lazy\" decoding=\"async\" class=\"aligncenter size-large wp-image-151\" src=\"https:\/\/www.komododivecenter.com\/wp-content\/uploads\/liveaboard-1024x683.jpg\" alt=\"Tauchsafari Safariboot Liveaboard\" width=\"669\" height=\"446\" srcset=\"https:\/\/www.komododivecenter.com\/wp-content\/uploads\/liveaboard-1024x683.jpg 1024w, https:\/\/www.komododivecenter.com\/wp-content\/uploads\/liveaboard-300x200.jpg 300w, https:\/\/www.komododivecenter.com\/wp-content\/uploads\/liveaboard.jpg 1900w\" sizes=\"auto, (max-width: 669px) 100vw, 669px\" \/><\/a><\/p>\n<p>Vom Bett aus direkt hinein in die kristallklaren Gew\u00e4sser von Komodo! <strong><a href=\"https:\/\/www.komododivecenter.com\/de\/tauchen\/tauchsafaris\/\">Unser Safariboot (&#8222;Liveaboard&#8220;)<\/a><\/strong> ist der ideale Ort, die Welt \u00fcber und unter den Wellen zu erkunden.<\/p>\n<\/div><\/div><div class=\"fusion-one-third one_third fusion-layout-column fusion-column-last fusion-spacing-yes\" style=\"margin-top:35px;margin-bottom:20px;\"><div class=\"fusion-column-wrapper\"><div class=\"fusion-title title\"><h2 class=\"title-heading-left\"><strong><a href=\"https:\/\/www.komododivecenter.com\/de\/tauchen\/padi-kurse\/\">PADI-Kurse<\/a><\/strong><\/h2><div class=\"title-sep-container\"><div class=\"title-sep sep-none\"><\/div><\/div><\/div><p><a href=\"https:\/\/www.komododivecenter.com\/de\/tauchen\/padi-kurse\/\"><img loading=\"lazy\" decoding=\"async\" class=\"aligncenter size-large wp-image-525\" src=\"https:\/\/www.komododivecenter.com\/wp-content\/uploads\/manta-point-komodo-diver-1024x683.jpg\" alt=\"Tauchplatz \" width=\"669\" height=\"446\" srcset=\"https:\/\/www.komododivecenter.com\/wp-content\/uploads\/manta-point-komodo-diver-1024x683.jpg 1024w, https:\/\/www.komododivecenter.com\/wp-content\/uploads\/manta-point-komodo-diver-300x200.jpg 300w, https:\/\/www.komododivecenter.com\/wp-content\/uploads\/manta-point-komodo-diver.jpg 1900w\" sizes=\"auto, (max-width: 669px) 100vw, 669px\" \/><\/a><\/p>\n<p>M\u00f6chten Sie sich zertifizieren? Wir bieten die gesamte Palette der <strong><a href=\"https:\/\/www.komododivecenter.com\/de\/tauchen\/padi-kurse\/\">PADI Tauchkurse<\/a><\/strong> an. Und es gibt keinen sch\u00f6neren Ort, tauchen zu lernen als in den aufregenden Str\u00f6mungen des Komodo Nationalparks!<\/p>\n<\/div><\/div><div class=\"fusion-clearfix\"><\/div><p><span class=\"fusion-dropcap dropcap\" style=\"color:#1a80b6;\">K<\/span>omodo ist ber\u00fchmt f\u00fcr seine starken Str\u00f6mungen an manchen Tauchp\u00e4tzen. Und das ist wahr, aber dies bedeutet nicht dass Sie diese spannende unterwasserregion nicht sicher betauchen k\u00f6nnen. Unsere erfahrenen Tauchguides kennen die lokalen Str\u00f6mungen und Gezeitentabellen in und ausw\u00e4ndig und werden stets die richtigen Einstiegspunkte zur rechten Zeit und Mondphase w\u00e4hlen. Alle Tauchpl\u00e4tze in Komodo k\u00f6nnen &#8222;einfach&#8220; und\/oder &#8222;herausvordernd betaucht werden. Es kommt immer darauf as wie, wo und wann man mit dem Tauchgang beginnt.<\/p>\n<p>Wenn St\u00f6mungstauchg\u00e4nge Ihre derzeitige Herausforderung sind, dann wird es uns eine Freude sein Ihnen zu helfen, sich diesen zu stellen. In den Str\u00f6mungen von <strong><a href=\"https:\/\/www.komododivecenter.com\/de\/tauchen\/tauchplaetze\/\">Tauchpl\u00e4tzen<\/a><\/strong> wie &#8222;Castle Rock&#8220;, &#8222;Crystal Rock&#8220; und &#8222;The Cauldron&#8220; gibt es kaum etwas Besseres als hautnahe Begegnungen mit grauen Riffhaien, Barakudas und 60kg Riesentravalleys die sich dort zum allgemeinen &#8222;Futterjagd&#8220; versammeln. Mantarochen trifft man sehr h\u00e4ufig in gro\u00dfer Zahl an Orten wie &#8222;Makassar Reef&#8220; oder &#8222;Mawan&#8220; an und man wei\u00df nie, welche seltenen Meereslebewesen man bei den extremsten Tauchpl\u00e4tzen wie &#8222;Batu Tiga&#8220;, &#8222;Bonsai&#8220; oder &#8222;Police Corner&#8220; antrifft.<\/p>\n<p>Alle Tauchpl\u00e4tze in Komodo sind relativ gem\u00fctlich und zugleich schnell mit <strong><a href=\"https:\/\/www.komododivecenter.com\/de\/tauchen\/tagestrips\/\">unserem ger\u00e4umingen Tagesboot<\/a><\/strong> erreichbar. Eine andere Option ist es den Nationalpark <strong><a href=\"https:\/\/www.komododivecenter.com\/de\/tauchen\/tauchsafaris\/\">via Safariboot zu erkunden<\/a><\/strong>, dann sind Sie direkt for der Haust\u00fcr der besten und br\u00fchmtesten Tauchpl\u00e4tze und ersparen sich nat\u00fcrlich die t\u00e4gliche Anfahrt.<\/p>\n<p>Egal wof\u00fcr Sie sich entscheiden, Komodo Dive Center hat immer eine L\u00f6sung f\u00fcr Sie parat!<\/p>\n<\/div><\/div><div class=\"fusion-fullwidth fullwidth-box fusion-parallax-none\" style=\"border-color:#eae9e9;border-bottom-width: 0px;border-top-width: 0px;border-bottom-style: solid;border-top-style: solid;padding-bottom:45px;padding-left:0px;padding-right:0px;padding-top:20px;background-color:#f0f0ed;background-position:left top;background-repeat:no-repeat;-webkit-background-size:cover;-moz-background-size:cover;-o-background-size:cover;background-size:cover;\"><div class=\"fusion-row\"><h1 style=\"text-align: center;\">GALERIE<\/h1>\n<div class=\"fusion-sep-clear\"><\/div><div class=\"fusion-separator sep-single\" style=\"border-color:#000000;border-top-width:1px;margin-left: auto;margin-right: auto;margin-top:px;margin-bottom:40px;width:100%;max-width:170px;\"><\/div><div class=\"fusion-one-sixth fusion-layout-column fusion-spacing-yes\" style=\"margin-top:0px;margin-bottom:20px;\"><div class=\"fusion-column-wrapper\"><\/div><\/div><div class=\"fusion-two-third fusion-layout-column fusion-spacing-yes\" style=\"margin-top:0px;margin-bottom:20px;\"><div class=\"fusion-column-wrapper\"><h3 style=\"text-align: center;\">Bl\u00e4ttern Sie durch <a href=\"https:\/\/www.komododivecenter.com\/de\/galerie\/\">unsere Fotogalerie<\/a>, um einen Vorgeschmack auf die unglaubliche Artenvielfalt in Komodo zu erhalten. Wir bieten\u00a0au\u00dferdem <a href=\"https:\/\/www.komododivecenter.com\/de\/tauchen\/unterwasserfotografie-workshop\/\">Unterwasserfotografie-Workshops<\/a>\u00a0an!<\/h3>\n<\/div><\/div><div class=\"fusion-one-sixth fusion-layout-column fusion-column-last fusion-spacing-yes\" style=\"margin-top:0px;margin-bottom:20px;\"><div class=\"fusion-column-wrapper\"><\/div><\/div><div class=\"fusion-clearfix\"><\/div><div class=\"fusion-sep-clear\"><\/div><div class=\"fusion-separator fusion-full-width-sep sep-none\" style=\"border-color:#e0dede;margin-left: auto;margin-right: auto;margin-top:20px;width:100%;max-width:100%;\"><\/div><div class=\"fusion-image-carousel lightbox-enabled\"><div class=\"fusion-carousel\" data-autoplay=\"yes\" data-columns=\"5\" data-itemmargin=\"13\" data-itemwidth=\"180\" data-touchscroll=\"no\" data-imagesize=\"fixed\"><div class=\"fusion-carousel-positioner\"><ul class=\"fusion-carousel-holder\"><li class=\"fusion-carousel-item\"><div class=\"fusion-carousel-item-wrapper\"><div class=\"fusion-image-wrapper\"><a data-rel=\"iLightbox[gallery_image_1]\" data-title=\"Schildkr\u00f6te in Batu Bolong in Komodo\" href=\"https:\/\/www.komododivecenter.com\/wp-content\/uploads\/turtle-batu-bolong-komodo.jpg\" target=\"_self\"><img decoding=\"async\" src=\"https:\/\/www.komododivecenter.com\/wp-content\/uploads\/turtle-batu-bolong-komodo-300x200.jpg\" alt=\"Schildkroete in Batu Bolong\" \/><\/a><\/div><\/div><\/li><li class=\"fusion-carousel-item\"><div class=\"fusion-carousel-item-wrapper\"><div class=\"fusion-image-wrapper\"><a data-rel=\"iLightbox[gallery_image_1]\" data-caption=\"Dive Site &quot;The Cauldron&quot;\" data-title=\"Dive Site &quot;The Cauldron&quot; in Komodo\" href=\"https:\/\/www.komododivecenter.com\/wp-content\/uploads\/the-cauldron-komodo.jpg\" target=\"_self\"><img decoding=\"async\" src=\"https:\/\/www.komododivecenter.com\/wp-content\/uploads\/the-cauldron-komodo-300x200.jpg\" alt=\"Tauchplatz The Cauldron\" \/><\/a><\/div><\/div><\/li><li class=\"fusion-carousel-item\"><div class=\"fusion-carousel-item-wrapper\"><div class=\"fusion-image-wrapper\"><a data-rel=\"iLightbox[gallery_image_1]\" data-title=\"Tauchplatz &quot;Tatawa Kecil&quot; in Komodo\" href=\"https:\/\/www.komododivecenter.com\/wp-content\/uploads\/tatawa-kecil-komodo.jpg\" target=\"_self\"><img decoding=\"async\" src=\"https:\/\/www.komododivecenter.com\/wp-content\/uploads\/tatawa-kecil-komodo-300x200.jpg\" alt=\"Tauchplatz Tatawa Kecil\" \/><\/a><\/div><\/div><\/li><li class=\"fusion-carousel-item\"><div class=\"fusion-carousel-item-wrapper\"><div class=\"fusion-image-wrapper\"><a data-rel=\"iLightbox[gallery_image_1]\" data-caption=\"Surgeonfish in Komodo\" data-title=\"Surgeonfish in Komodo\" href=\"https:\/\/www.komododivecenter.com\/wp-content\/uploads\/surgeon-fish-komodo.jpg\" target=\"_self\"><img decoding=\"async\" src=\"https:\/\/www.komododivecenter.com\/wp-content\/uploads\/surgeon-fish-komodo-300x200.jpg\" alt=\"Doktorfische in Komodo\" \/><\/a><\/div><\/div><\/li><li class=\"fusion-carousel-item\"><div class=\"fusion-carousel-item-wrapper\"><div class=\"fusion-image-wrapper\"><a data-rel=\"iLightbox[gallery_image_1]\" data-caption=\"Squat Lobster in Komodo\" data-title=\"Squat Lobster in Komodo\" href=\"https:\/\/www.komododivecenter.com\/wp-content\/uploads\/squat-lobster-komodo.jpg\" target=\"_self\"><img decoding=\"async\" src=\"https:\/\/www.komododivecenter.com\/wp-content\/uploads\/squat-lobster-komodo-300x200.jpg\" alt=\"Squat Lobster\" \/><\/a><\/div><\/div><\/li><li class=\"fusion-carousel-item\"><div class=\"fusion-carousel-item-wrapper\"><div class=\"fusion-image-wrapper\"><a data-rel=\"iLightbox[gallery_image_1]\" data-title=\"Nacktkiemer in Komodo\" href=\"https:\/\/www.komododivecenter.com\/wp-content\/uploads\/nudibranch-komodo.jpg\" target=\"_self\"><img decoding=\"async\" src=\"https:\/\/www.komododivecenter.com\/wp-content\/uploads\/nudibranch-komodo-300x200.jpg\" alt=\"Nacktkiemer\" \/><\/a><\/div><\/div><\/li><li class=\"fusion-carousel-item\"><div class=\"fusion-carousel-item-wrapper\"><div class=\"fusion-image-wrapper\"><a data-rel=\"iLightbox[gallery_image_1]\" data-caption=\"Manta train at Dive Site &quot;Manta Point&quot;\" data-title=\"Manta train at Manta Point in Komodo\" href=\"https:\/\/www.komododivecenter.com\/wp-content\/uploads\/manta-train-komodo.jpg\" target=\"_self\"><img decoding=\"async\" src=\"https:\/\/www.komododivecenter.com\/wp-content\/uploads\/manta-train-komodo-300x200.jpg\" alt=\"Mantarochen in Komodo\" \/><\/a><\/div><\/div><\/li><li class=\"fusion-carousel-item\"><div class=\"fusion-carousel-item-wrapper\"><div class=\"fusion-image-wrapper\"><a data-rel=\"iLightbox[gallery_image_1]\" data-caption=\"Dive Site &quot;Karang Makassar&quot; aka Manta Point\" data-title=\"Dive Site &quot;Karang Makassar&quot; in Komodo\" href=\"https:\/\/www.komododivecenter.com\/wp-content\/uploads\/manta-point-komodo-diver.jpg\" target=\"_self\"><img decoding=\"async\" src=\"https:\/\/www.komododivecenter.com\/wp-content\/uploads\/manta-point-komodo-diver-300x200.jpg\" alt=\"Tauchplatz Karang Makassar (Manta Point)\" \/><\/a><\/div><\/div><\/li><li class=\"fusion-carousel-item\"><div class=\"fusion-carousel-item-wrapper\"><div class=\"fusion-image-wrapper\"><a data-rel=\"iLightbox[gallery_image_1]\" data-title=\"Tauchplatz &quot;Golden Passage&quot; in Komodo\" href=\"https:\/\/www.komododivecenter.com\/wp-content\/uploads\/golden-passage-komodo.jpg\" target=\"_self\"><img decoding=\"async\" src=\"https:\/\/www.komododivecenter.com\/wp-content\/uploads\/golden-passage-komodo-300x200.jpg\" alt=\"Tauchplatz \"Golden Passage\" in Komodo\" \/><\/a><\/div><\/div><\/li><li class=\"fusion-carousel-item\"><div class=\"fusion-carousel-item-wrapper\"><div class=\"fusion-image-wrapper\"><a data-rel=\"iLightbox[gallery_image_1]\" data-caption=\"Dive Site &quot;Cannibal Rock&quot; in Komodo\" data-title=\"Dive Site Cannibal Rock in Komodo\" href=\"https:\/\/www.komododivecenter.com\/wp-content\/uploads\/cannibal-rock-komodo-diver.jpg\" target=\"_self\"><img decoding=\"async\" src=\"https:\/\/www.komododivecenter.com\/wp-content\/uploads\/cannibal-rock-komodo-diver-300x200.jpg\" alt=\"Tauchplatz Cannibal Rock\" \/><\/a><\/div><\/div><\/li><\/ul><div class=\"fusion-carousel-nav\"><span class=\"fusion-nav-prev\"><\/span><span class=\"fusion-nav-next\"><\/span><\/div><\/div><\/div><\/div><\/div><\/div><div class=\"fusion-fullwidth fullwidth-box fusion-parallax-none contact-us mobile-center\" style=\"border-color:#eae9e9;border-bottom-width: 0px;border-top-width: 0px;border-bottom-style: solid;border-top-style: solid;padding-bottom:20px;padding-left:0px;padding-right:0px;padding-top:20px;background-position:left top;background-repeat:no-repeat;-webkit-background-size:cover;-moz-background-size:cover;-o-background-size:cover;background-size:cover;\"><div class=\"fusion-row\"><div class=\"fusion-sep-clear\"><\/div><div class=\"fusion-separator fusion-full-width-sep sep-none\" style=\"border-color:#e0dede;margin-left: auto;margin-right: auto;margin-top:px;\"><\/div><div class=\"fusion-one-half fusion-layout-column fusion-spacing-yes decrease-lineheight\" style=\"margin-top:0px;margin-bottom:20px;\"><div class=\"fusion-column-wrapper\"><div class=\"fusion-title title\"><h3 class=\"title-heading-left\">\n<p style=\"text-align: center;\"><strong><a href=\"https:\/\/www.komododivecenter.com\/de\/kontakt\/\">Kontaktieren Sie uns<\/a><\/strong>:<\/p>\n<\/h3><div class=\"title-sep-container\"><div class=\"title-sep sep-none\"><\/div><\/div><\/div>\n<div class=\"wpcf7 no-js\" id=\"wpcf7-f239-o1\" lang=\"en-US\" dir=\"ltr\">\n<div class=\"screen-reader-response\"><p role=\"status\" aria-live=\"polite\" aria-atomic=\"true\"><\/p> <ul><\/ul><\/div>\n<form action=\"\/de\/wp-json\/wp\/v2\/pages\/61#wpcf7-f239-o1\" method=\"post\" class=\"wpcf7-form init\" aria-label=\"Contact form\" novalidate=\"novalidate\" data-status=\"init\">\n<div style=\"display: none;\">\n<input type=\"hidden\" name=\"_wpcf7\" value=\"239\" \/>\n<input type=\"hidden\" name=\"_wpcf7_version\" value=\"5.9.5\" \/>\n<input type=\"hidden\" name=\"_wpcf7_locale\" value=\"en_US\" \/>\n<input type=\"hidden\" name=\"_wpcf7_unit_tag\" value=\"wpcf7-f239-o1\" \/>\n<input type=\"hidden\" name=\"_wpcf7_container_post\" value=\"0\" \/>\n<input type=\"hidden\" name=\"_wpcf7_posted_data_hash\" value=\"\" \/>\n<\/div>\n<p>Your Name (required)\n<\/p>\n<p><span class=\"wpcf7-form-control-wrap\" data-name=\"your-name\"><input size=\"40\" class=\"wpcf7-form-control wpcf7-text wpcf7-validates-as-required\" aria-required=\"true\" aria-invalid=\"false\" value=\"\" type=\"text\" name=\"your-name\" \/><\/span>\n<\/p>\n<p>Your Email (required)\n<\/p>\n<p><span class=\"wpcf7-form-control-wrap\" data-name=\"your-email\"><input size=\"40\" class=\"wpcf7-form-control wpcf7-email wpcf7-validates-as-required wpcf7-text wpcf7-validates-as-email\" aria-required=\"true\" aria-invalid=\"false\" value=\"\" type=\"email\" name=\"your-email\" \/><\/span>\n<\/p>\n<p>Subject\n<\/p>\n<p><span class=\"wpcf7-form-control-wrap\" data-name=\"your-subject\"><input size=\"40\" class=\"wpcf7-form-control wpcf7-text\" aria-invalid=\"false\" value=\"\" type=\"text\" name=\"your-subject\" \/><\/span>\n<\/p>\n<p>Your Message\n<\/p>\n<p><span class=\"wpcf7-form-control-wrap\" data-name=\"your-message\"><textarea cols=\"40\" rows=\"10\" class=\"wpcf7-form-control wpcf7-textarea\" aria-invalid=\"false\" name=\"your-message\"><\/textarea><\/span>\n<\/p>\n<p>[recaptcha]\n<\/p>\n<p style=\"margin-top: 10px;\"><input class=\"wpcf7-form-control wpcf7-submit has-spinner learn-more-btn\" type=\"submit\" value=\"Send\" \/>\n<\/p><div class=\"wpcf7-response-output\" aria-hidden=\"true\"><\/div>\n<\/form>\n<\/div>\n\n<\/div><\/div><div class=\"fusion-one-half fusion-layout-column fusion-column-last fusion-spacing-yes decrease-lineheight\" style=\"margin-top:0px;margin-bottom:20px;\"><div class=\"fusion-column-wrapper\"><div class=\"fusion-column-table\"><div class=\"fusion-column-tablecell\"><div class=\"fusion-title title\"><h3 class=\"title-heading-left\">\n<p style=\"text-align: center;\">Karte der <strong><a href=\"https:\/\/www.komododivecenter.com\/de\/tauchen\/tauchplaetze\/\">Tauchpl\u00e4tze in Komodo<\/a><\/strong>:<\/p>\n<\/h3><div class=\"title-sep-container\"><div class=\"title-sep sep-none\"><\/div><\/div><\/div><span class=\"fusion-imageframe imageframe-none imageframe-1 imgfull-mobile\"><a href=\"https:\/\/www.komododivecenter.com\/de\/tauchen\/tauchplaetze\/\" target=\"_self\"> <img decoding=\"async\" alt=\"Tauchpl\u00e4tze in Komodo\" src=\"https:\/\/www.komododivecenter.com\/wp-content\/uploads\/Komodo-Dive-Map-562x393.jpg\" class=\"img-responsive\"\/><\/a><\/span><\/div><\/div><\/div><\/div><div class=\"fusion-clearfix\"><\/div><\/div><\/div>\n","protected":false},"excerpt":{"rendered":"","protected":false},"author":2,"featured_media":0,"parent":0,"menu_order":0,"comment_status":"open","ping_status":"closed","template":"100-width.php","meta":{"_acf_changed":false,"footnotes":""},"class_list":["post-61","page","type-page","status-publish","hentry"],"acf":[],"_links":{"self":[{"href":"https:\/\/www.komododivecenter.com\/de\/wp-json\/wp\/v2\/pages\/61","targetHints":{"allow":["GET"]}}],"collection":[{"href":"https:\/\/www.komododivecenter.com\/de\/wp-json\/wp\/v2\/pages"}],"about":[{"href":"https:\/\/www.komododivecenter.com\/de\/wp-json\/wp\/v2\/types\/page"}],"author":[{"embeddable":true,"href":"https:\/\/www.komododivecenter.com\/de\/wp-json\/wp\/v2\/users\/2"}],"replies":[{"embeddable":true,"href":"https:\/\/www.komododivecenter.com\/de\/wp-json\/wp\/v2\/comments?post=61"}],"version-history":[{"count":0,"href":"https:\/\/www.komododivecenter.com\/de\/wp-json\/wp\/v2\/pages\/61\/revisions"}],"wp:attachment":[{"href":"https:\/\/www.komododivecenter.com\/de\/wp-json\/wp\/v2\/media?parent=61"}],"curies":[{"name":"wp","href":"https:\/\/api.w.org\/{rel}","templated":true}]}}