{"id":74,"date":"2015-05-19T05:56:28","date_gmt":"2015-05-18T21:56:28","guid":{"rendered":"http:\/\/www.komododivecenter.com\/?page_id=74"},"modified":"2018-06-12T08:30:56","modified_gmt":"2018-06-12T00:30:56","slug":"kontakt","status":"publish","type":"page","link":"https:\/\/www.komododivecenter.com\/de\/kontakt\/","title":{"rendered":"\u00dcber uns &#038; Kontakt | Komodo Dive Center"},"content":{"rendered":"<div class=\"fusion-fullwidth fullwidth-box fusion-parallax-none nomargin-heading center-mobile komodo-location \" style=\"border-color:#eae9e9;border-bottom-width: 0px;border-top-width: 0px;border-bottom-style: solid;border-top-style: solid;padding-bottom:20px;padding-left:0px;padding-right:0px;padding-top:20px;background-position:left top;background-repeat:no-repeat;-webkit-background-size:cover;-moz-background-size:cover;-o-background-size:cover;background-size:cover;\"><div class=\"fusion-row\"><div class=\"fusion-one-half fusion-layout-column fusion-spacing-yes k-first_col\" style=\"margin-top:0px;margin-bottom:20px;\"><div class=\"fusion-column-wrapper\"><div class=\"fusion-title title\"><h3 class=\"title-heading-left\">KOMODO DIVE CENTER<\/h3><div class=\"title-sep-container\"><div class=\"title-sep sep-none\"><\/div><\/div><\/div><p>Jalan Soekarno Hatta RT 010 RW 005 (Across the road of Surya Jaya supermarket), Labuan Bajo, Nusa Tenggara Timur 86554, Indonesia.<\/p>\n<ul class=\"komodo-info\">\r\n<li>\r\n<a href=\"mailto:info@komododivecenter.com\"><i class=\"fa fa-envelope fa-2x\"><\/i><span>info@komododivecenter.com<\/span><\/a>\r\n<\/li>\r\n<li>\r\n<a href=\"tel:081236303644\"><i class=\"fa fa-phone fa-2x\"><\/i><span>+62 (0) 81236303644<\/span><\/a>\r\n<\/li>\r\n<li>\r\n<a href=\"tel:08113897007\"><i class=\"fa fa-phone fa-2x\"><\/i><span>+62 (0) 8113897007<\/span><\/a>\r\n<\/li>\r\n<li>\r\n<a href=\"https:\/\/api.whatsapp.com\/send?phone=081236303644\"><i class=\"fa fa-whatsapp fa-2x\"><\/i><span>+62081236303644<\/span><\/a>\r\n<\/li>\r\n<\/ul><script type=\"text\/javascript\" src=\"http:\/\/www.skypeassets.com\/i\/scom\/js\/skype-uri.js\"><\/script>\r\n<div id=\"SkypeButton_Call_www.komododivecenter.com_1\">\r\n  <script type=\"text\/javascript\">\r\n    Skype.ui({\r\n      \"name\": \"dropdown\",\r\n      \"element\": \"SkypeButton_Call_www.komododivecenter.com_1\",\r\n      \"participants\": [\"www.komododivecenter.com\"],\r\n      \"imageSize\": 24\r\n    });\r\n  <\/script>\r\n<\/div><\/div><\/div><div class=\"fusion-one-half fusion-layout-column fusion-column-last fusion-spacing-yes\" style=\"margin-top:0px;margin-bottom:20px;\"><div class=\"fusion-column-wrapper\"><div class=\"fusion-title title\"><h3 class=\"title-heading-left\">ORT<\/h3><div class=\"title-sep-container\"><div class=\"title-sep sep-none\"><\/div><\/div><\/div><div class=\"fusion-one-half fusion-layout-column fusion-column-last fusion-spacing-yes\">\n<div class=\"fusion-column-wrapper\">Unsere Tauchschule befindet sich auf der Stra\u00dfe Jalan Soekarno-Hatta im Zentrum\u00a0vom Labuanbajo in Flores, Indonesien. Sie finden uns auf der Hauptstra\u00dfe auf der rechten Seite gegen\u00fcber dem Supermarkt &#8222;Surya Jaya&#8220;, rund 30m nach dem Postamt. Wir freuen uns auf Ihren Besuch! Jalan Soekarno Hatta RT 010 RW 005 (Across the road of Surya Jaya supermarket), Labuan Bajo, Nusa Tenggara Timur 86554, Indonesia<\/div>\n<\/div>\n<\/div><\/div><div class=\"fusion-clearfix\"><\/div><\/div><\/div><div class=\"fusion-fullwidth fullwidth-box fusion-parallax-none nomargin-heading center-mobile contact-us\" style=\"border-color:#eae9e9;border-bottom-width: 0px;border-top-width: 0px;border-bottom-style: solid;border-top-style: solid;padding-bottom:20px;padding-left:0px;padding-right:0px;padding-top:20px;background-position:left top;background-repeat:no-repeat;-webkit-background-size:cover;-moz-background-size:cover;-o-background-size:cover;background-size:cover;\"><div class=\"fusion-row\"><div class=\"fusion-one-third one_third fusion-layout-column fusion-spacing-yes\" style=\"margin-top:0px;margin-bottom:20px;\"><div class=\"fusion-column-wrapper\"><div class=\"fusion-title title\"><h3 class=\"title-heading-left\">KONTAKTFORMULAR<\/h3><div class=\"title-sep-container\"><div class=\"title-sep sep-none\"><\/div><\/div><\/div>\n<div class=\"wpcf7 no-js\" id=\"wpcf7-f239-o1\" lang=\"en-US\" dir=\"ltr\">\n<div class=\"screen-reader-response\"><p role=\"status\" aria-live=\"polite\" aria-atomic=\"true\"><\/p> <ul><\/ul><\/div>\n<form action=\"\/de\/wp-json\/wp\/v2\/pages\/74#wpcf7-f239-o1\" method=\"post\" class=\"wpcf7-form init\" aria-label=\"Contact form\" novalidate=\"novalidate\" data-status=\"init\">\n<div style=\"display: none;\">\n<input type=\"hidden\" name=\"_wpcf7\" value=\"239\" \/>\n<input type=\"hidden\" name=\"_wpcf7_version\" value=\"5.9.5\" \/>\n<input type=\"hidden\" name=\"_wpcf7_locale\" value=\"en_US\" \/>\n<input type=\"hidden\" name=\"_wpcf7_unit_tag\" value=\"wpcf7-f239-o1\" \/>\n<input type=\"hidden\" name=\"_wpcf7_container_post\" value=\"0\" \/>\n<input type=\"hidden\" name=\"_wpcf7_posted_data_hash\" value=\"\" \/>\n<\/div>\n<p>Your Name (required)\n<\/p>\n<p><span class=\"wpcf7-form-control-wrap\" data-name=\"your-name\"><input size=\"40\" class=\"wpcf7-form-control wpcf7-text wpcf7-validates-as-required\" aria-required=\"true\" aria-invalid=\"false\" value=\"\" type=\"text\" name=\"your-name\" \/><\/span>\n<\/p>\n<p>Your Email (required)\n<\/p>\n<p><span class=\"wpcf7-form-control-wrap\" data-name=\"your-email\"><input size=\"40\" class=\"wpcf7-form-control wpcf7-email wpcf7-validates-as-required wpcf7-text wpcf7-validates-as-email\" aria-required=\"true\" aria-invalid=\"false\" value=\"\" type=\"email\" name=\"your-email\" \/><\/span>\n<\/p>\n<p>Subject\n<\/p>\n<p><span class=\"wpcf7-form-control-wrap\" data-name=\"your-subject\"><input size=\"40\" class=\"wpcf7-form-control wpcf7-text\" aria-invalid=\"false\" value=\"\" type=\"text\" name=\"your-subject\" \/><\/span>\n<\/p>\n<p>Your Message\n<\/p>\n<p><span class=\"wpcf7-form-control-wrap\" data-name=\"your-message\"><textarea cols=\"40\" rows=\"10\" class=\"wpcf7-form-control wpcf7-textarea\" aria-invalid=\"false\" name=\"your-message\"><\/textarea><\/span>\n<\/p>\n<p>[recaptcha]\n<\/p>\n<p style=\"margin-top: 10px;\"><input class=\"wpcf7-form-control wpcf7-submit has-spinner learn-more-btn\" type=\"submit\" value=\"Send\" \/>\n<\/p><div class=\"wpcf7-response-output\" aria-hidden=\"true\"><\/div>\n<\/form>\n<\/div>\n\n<\/div><\/div><div class=\"fusion-two-third fusion-layout-column fusion-column-last fusion-spacing-yes maps-section\" style=\"margin-top:0px;margin-bottom:20px;\"><div class=\"fusion-column-wrapper\"><div class=\"fusion-title title\"><h3 class=\"title-heading-left\">FIND US ON GOOGLE MAPS<\/h3><div class=\"title-sep-container\"><div class=\"title-sep sep-none\"><\/div><\/div><\/div><iframe loading=\"lazy\" src=\"https:\/\/www.google.com\/maps\/embed?pb=!1m18!1m12!1m3!1d3946.06574395472!2d119.87958746058962!3d-8.492988991808996!2m3!1f0!2f0!3f0!3m2!1i1024!2i768!4f13.1!3m3!1m2!1s0x2db46683d3568e6f%3A0x9e071dc7531c0445!2sKomodo+Dive+Center!5e0!3m2!1sen!2s!4v1437199575235\" width=\"800\" height=\"600\" frameborder=\"0\" style=\"border:0\" allowfullscreen><\/iframe><\/div><\/div><div class=\"fusion-clearfix\"><\/div><\/div><\/div><div class=\"fusion-fullwidth fullwidth-box fusion-parallax-none nomargin-heading gallery-team center-mobile\" style=\"border-color:#eae9e9;border-bottom-width: 0px;border-top-width: 0px;border-bottom-style: solid;border-top-style: solid;padding-bottom:20px;padding-left:0px;padding-right:0px;padding-top:20px;background-position:left top;background-repeat:no-repeat;-webkit-background-size:cover;-moz-background-size:cover;-o-background-size:cover;background-size:cover;\"><div class=\"fusion-row\"><div class=\"fusion-title title\"><h3 class=\"title-heading-left\">UNSER TEAM<\/h3><div class=\"title-sep-container\"><div class=\"title-sep sep-none\"><\/div><\/div><\/div><div class=\"fusion-tabs fusion-tabs-1 classic horizontal-tabs\"><style type=\"text\/css\">.fusion-tabs.fusion-tabs-1 .nav-tabs li a{border-top-color:#ebeaea;background-color:#ebeaea;}.fusion-tabs.fusion-tabs-1 .nav-tabs{background-color:#ffffff;}.fusion-tabs.fusion-tabs-1 .nav-tabs li.active a,.fusion-tabs.fusion-tabs-1 .nav-tabs li.active a:hover,.fusion-tabs.fusion-tabs-1 .nav-tabs li.active a:focus{border-right-color:#ffffff;}.fusion-tabs.fusion-tabs-1 .nav-tabs li.active a,.fusion-tabs.fusion-tabs-1 .nav-tabs li.active a:hover,.fusion-tabs.fusion-tabs-1 .nav-tabs li.active a:focus{background-color:#ffffff;}.fusion-tabs.fusion-tabs-1 .nav-tabs li a:hover{background-color:#ffffff;border-top-color:#ffffff;}.fusion-tabs.fusion-tabs-1 .tab-pane{background-color:#ffffff;}.fusion-tabs.fusion-tabs-1 .nav,.fusion-tabs.fusion-tabs-1 .nav-tabs,.fusion-tabs.fusion-tabs-1 .tab-content .tab-pane{border-color:#c5c5d7;}<\/style><div class=\"nav\"><ul class=\"nav-tabs nav-justified\"><li class=\"active\"><a class=\"tab-link\" id=\"staffb\u00fcro\" href=\"#tab-71631afd7ba450e09c0\" data-toggle=\"tab\"><h4 class=\"fusion-tab-heading\">Staff B\u00fcro<\/h4><\/a><\/li><li><a class=\"tab-link\" id=\"stafftauchen\" href=\"#tab-6653fd70af44da8b2db\" data-toggle=\"tab\"><h4 class=\"fusion-tab-heading\">Staff Tauchen<\/h4><\/a><\/li><li><a class=\"tab-link\" id=\"crewtagesboot\" href=\"#tab-8f4cd9cc6bde3309b35\" data-toggle=\"tab\"><h4 class=\"fusion-tab-heading\">Crew Tagesboot<\/h4><\/a><\/li><li><a class=\"tab-link\" id=\"crewsafariboot\" href=\"#tab-cd054b24b9dc170193f\" data-toggle=\"tab\"><h4 class=\"fusion-tab-heading\">Crew Safariboot<\/h4><\/a><\/li><\/ul><\/div><div class=\"tab-content\"><div class=\"tab-pane fade in active\" id=\"tab-71631afd7ba450e09c0\">Manager MORITZ \u2013 schmei\u00dft den ganzen Laden und freut sich, Ihre Mails oder Anrufe zu beantworten. Nachdem er quasi auf seinem B\u00fcrosessel festklebt, werden Sie ihm nur selten an Bord begegnen. Assistant Manager und Buchhaltung RANY \u2013 hier ist nicht genug Platz um all die Dinge zu beschreiben, die sie erledigt. Aber glauben Sie uns \u2013 es ist eine MENGE! Sekret\u00e4rin LERI alias VALERIANA \u2013 die gute Seele des KDC. Sie ber\u00e4t unsere G\u00e4ste, bereitet die Trips vor, organisiert das Catering, beh\u00e4lt auch beim gr\u00f6\u00dften Ansturm die Ruhe. Und sie w\u00e4re am liebsten Pirat! F\u00fcr die Tauchausr\u00fcstung zust\u00e4ndig: DARMIN \u2013 er sorgt daf\u00fcr, dass die gesamte Tauchausr\u00fcstung f\u00fcr den n\u00e4chsten Trip vollst\u00e4ndig und gewartet ist.<\/div><div class=\"tab-pane fade\" id=\"tab-6653fd70af44da8b2db\">Tauchf\u00fchrer ALEX, STONER, SOLEMAN, SARDINE, ODY, DOM, MARTYN \u2013 bescheren Ihnen unvergessliche Taucherlebnisse. Cruise directors DOM and MARTYN \u2013 tragen die ganze Verantwortung! Alles h\u00f6rt auf ihr Kommando.<\/div><div class=\"tab-pane fade\" id=\"tab-8f4cd9cc6bde3309b35\">Kapit\u00e4n OVAN \u2013 brummig und witzig zugleich. Ist immer zur Stelle, wenn Sie ihn brauchen. Besonders beim Auftauchen nach dem Tauchgang. Er kennt den Komodo National Park wie seine Westentasche. Bootsjunge und Mechaniker: DENI and MARTO \u2013 wenn Sie sich wundern, dass Sie so pl\u00f6tzlich in Ihrem BCD und den Flossen stecken\u2026 dann war es einer der beiden, der Ihnen in Windeseile dabei geholfen hat! Und w\u00e4hrend Sie tauchen, putzen und warten sie das Boot. Service HANS \u2013 Kaffee, Tee, Snacks, Fr\u00fcchte, Lunch \u2013 das ist die Welt von HANS. Er k\u00fcmmert sich um Ihr leibliches Wohl. Nebenbei betreibt er seine kleine \u201eHANS Minibar\u201c und verkauft Ihnen gerne Softdrinks oder ein kaltes Bier nach dem letzten Tauchgang.<\/div><div class=\"tab-pane fade\" id=\"tab-cd054b24b9dc170193f\">Captain SAIFUL &#8211; versteckt sich immer in seinem Kapit\u00e4nsquartier 2. Kapit\u00e4n HASNU &#8211; spielt gerne auf dem 2. Deck Karten Beiboot-Fahrer RISHWAN &#8211; spricht sehr gut Englisch und liebt Scherze Chefmechaniker DODY &#8211; kriegt man selten zu Gesicht, ist aber unverzichtbar f\u00fcr das Schiff. Versteckt sich oft unter Deck im Maschinenraum. Und spielt virtuos Gitarre! Mechaniker und Matrose ZAKKA &#8211; sieht man nach ein paar Tagen ein neues Gesicht an Bord, ist es Zak, der gerade aus dem Maschinenraum gekrochen kam. Chefkoch DIMAS &#8211; stets in der K\u00fcche zu finden. Sollten Sie hungrig sein, zaubert er Ihnen jeder Zeit ein fantastisches Omelett. K\u00fcchenjungen FRANS and ERICK \u2013 schnippeln, raspeln, r\u00fchren, sp\u00fclen, putzen und das ganze wieder von vorne! Service EFAS &#8211; ihn kann man um alles bitten. Immer und \u00fcberall zu finden. HARRIS &#8211; f\u00fcr den Service und die Kabinen zust\u00e4ndig. Spricht jede auf unserem Planeten bekannte Sprache! Zumindest ein paar Worte\u2026<\/div><\/div><\/div><div class=\"fusion-one-sixth fusion-layout-column fusion-spacing-yes\" style=\"margin-top:0px;margin-bottom:20px;\"><div class=\"fusion-column-wrapper\"><span class=\"fusion-imageframe imageframe-none imageframe-1\"> <img decoding=\"async\" alt=\"Moritz, Komodo Dive Center\" src=\"https:\/\/www.komododivecenter.com\/wp-content\/uploads\/moritz.jpg\" class=\"img-responsive\"\/><\/span><p>Moritz<\/p>\n<\/div><\/div><div class=\"fusion-one-sixth fusion-layout-column fusion-spacing-yes\" style=\"margin-top:0px;margin-bottom:20px;\"><div class=\"fusion-column-wrapper\"><span class=\"fusion-imageframe imageframe-none imageframe-2\"> <img decoding=\"async\" alt=\"Alex, Dive Guide at Komodo Dive Center\" src=\"https:\/\/www.komododivecenter.com\/wp-content\/uploads\/alex.jpg\" class=\"img-responsive\"\/><\/span><p>Alex<\/p>\n<\/div><\/div><div class=\"fusion-one-sixth fusion-layout-column fusion-spacing-yes\" style=\"margin-top:0px;margin-bottom:20px;\"><div class=\"fusion-column-wrapper\"><span class=\"fusion-imageframe imageframe-none imageframe-3\"> <img decoding=\"async\" alt=\"Ovan, Captain at Komodo Dive Center\" src=\"https:\/\/www.komododivecenter.com\/wp-content\/uploads\/ovan-kdc.jpg\" class=\"img-responsive\"\/><\/span><p>Ovan<\/p>\n<\/div><\/div><div class=\"fusion-one-sixth fusion-layout-column fusion-spacing-yes\" style=\"margin-top:0px;margin-bottom:20px;\"><div class=\"fusion-column-wrapper\"><span class=\"fusion-imageframe imageframe-none imageframe-4\"> <img decoding=\"async\" alt=\"Hans, Komodo Dive Center\" src=\"https:\/\/www.komododivecenter.com\/wp-content\/uploads\/hans-kdc.jpg\" class=\"img-responsive\"\/><\/span><p>Hans<\/p>\n<\/div><\/div><div class=\"fusion-one-sixth fusion-layout-column fusion-spacing-yes\" style=\"margin-top:0px;margin-bottom:20px;\"><div class=\"fusion-column-wrapper\"><span class=\"fusion-imageframe imageframe-none imageframe-5\"> <img decoding=\"async\" alt=\"Harris, Komodo Dive Center\" src=\"https:\/\/www.komododivecenter.com\/wp-content\/uploads\/harris.jpg\" class=\"img-responsive\"\/><\/span><p>Harris<\/p>\n<\/div><\/div><div class=\"fusion-one-sixth fusion-layout-column fusion-column-last fusion-spacing-yes\" style=\"margin-top:0px;margin-bottom:20px;\"><div class=\"fusion-column-wrapper\"><span class=\"fusion-imageframe imageframe-none imageframe-6\"> <img decoding=\"async\" alt=\"Manung, Komodo Dive Center\" src=\"https:\/\/www.komododivecenter.com\/wp-content\/uploads\/manung-kdc.jpg\" class=\"img-responsive\"\/><\/span><p>Manung<\/p>\n<\/div><\/div><div class=\"fusion-clearfix\"><\/div><\/div><\/div>\n","protected":false},"excerpt":{"rendered":"","protected":false},"author":2,"featured_media":0,"parent":0,"menu_order":0,"comment_status":"closed","ping_status":"closed","template":"100-width.php","meta":{"_acf_changed":false,"footnotes":""},"class_list":["post-74","page","type-page","status-publish","hentry"],"acf":[],"_links":{"self":[{"href":"https:\/\/www.komododivecenter.com\/de\/wp-json\/wp\/v2\/pages\/74","targetHints":{"allow":["GET"]}}],"collection":[{"href":"https:\/\/www.komododivecenter.com\/de\/wp-json\/wp\/v2\/pages"}],"about":[{"href":"https:\/\/www.komododivecenter.com\/de\/wp-json\/wp\/v2\/types\/page"}],"author":[{"embeddable":true,"href":"https:\/\/www.komododivecenter.com\/de\/wp-json\/wp\/v2\/users\/2"}],"replies":[{"embeddable":true,"href":"https:\/\/www.komododivecenter.com\/de\/wp-json\/wp\/v2\/comments?post=74"}],"version-history":[{"count":0,"href":"https:\/\/www.komododivecenter.com\/de\/wp-json\/wp\/v2\/pages\/74\/revisions"}],"wp:attachment":[{"href":"https:\/\/www.komododivecenter.com\/de\/wp-json\/wp\/v2\/media?parent=74"}],"curies":[{"name":"wp","href":"https:\/\/api.w.org\/{rel}","templated":true}]}}