{"id":96,"date":"2015-05-19T06:14:20","date_gmt":"2015-05-18T22:14:20","guid":{"rendered":"http:\/\/www.komododivecenter.com\/?page_id=96"},"modified":"2018-06-20T16:01:55","modified_gmt":"2018-06-20T08:01:55","slug":"tagestrips","status":"publish","type":"page","link":"https:\/\/www.komododivecenter.com\/de\/tauchen\/tagestrips\/","title":{"rendered":"Tauchen Tagestrips"},"content":{"rendered":"<div class=\"fusion-fullwidth fullwidth-box fusion-parallax-none center-mobile flex-row\" style=\"border-color:#eae9e9;border-bottom-width: 0px;border-top-width: 0px;border-bottom-style: solid;border-top-style: solid;padding-bottom:20px;padding-left:0px;padding-right:0px;padding-top:20px;background-position:left top;background-repeat:no-repeat;-webkit-background-size:cover;-moz-background-size:cover;-o-background-size:cover;background-size:cover;\"><div class=\"fusion-row\"><div class=\"fusion-one-third one_third fusion-layout-column fusion-spacing-yes\" style=\"margin-top:0px;margin-bottom:20px;\"><div class=\"fusion-column-wrapper\" style=\"background:url(https:\/\/www.komododivecenter.com\/wp-content\/uploads\/day-boat-540x272.jpg) left top no-repeat ;-webkit-background-size:cover;-moz-background-size:cover;-o-background-size:cover;background-size:cover;\" data-bg-url=\"https:\/\/www.komododivecenter.com\/wp-content\/uploads\/day-boat-540x272.jpg\"><\/div><\/div><div class=\"fusion-two-third fusion-layout-column fusion-column-last fusion-spacing-yes nomargin-heading decrease-lineheight\" style=\"margin-top:0px;margin-bottom:20px;\"><div class=\"fusion-column-wrapper\"><div class=\"fusion-title title\"><h1 class=\"title-heading-left\">Tagestrips<br \/>\n<\/h1><div class=\"title-sep-container\"><div class=\"title-sep sep-none\"><\/div><\/div><\/div><h2>\u2014 Tauchen in Komodo<\/h2>\n<\/div><\/div><div class=\"fusion-clearfix\"><\/div><h2>Das Komodo Dive Center (KDC) bietet t\u00e4glich Tauchexkursionen in den ber\u00fchmten Komodo National Park in Flores\/Indonesien an. Unsere einheimischen und ausl\u00e4ndischen Tauchf\u00fchrer sind erstklassig, was Professionalit\u00e4t und gute Laune betrifft.<\/h2>\n<div class=\"fusion-one-third one_third fusion-layout-column fusion-spacing-yes flex-col imgfull-mobile imgheight-mobile\" style=\"margin-top:0px;margin-bottom:20px;\"><div class=\"fusion-column-wrapper\"><span class=\"fusion-imageframe imageframe-none imageframe-1\"> <img decoding=\"async\" src=\"https:\/\/www.komododivecenter.com\/wp-content\/uploads\/day-boat-equipment-tanks-683x1024.jpg\" alt=\"Tauchen Tagestrips Komodo\" class=\"img-responsive\"\/><\/span><\/div><\/div><div class=\"fusion-two-third fusion-layout-column fusion-column-last fusion-spacing-yes flex-col\" style=\"margin-top:0px;margin-bottom:20px;\"><div class=\"fusion-column-wrapper\"><p><span class=\"fusion-dropcap dropcap\" style=\"color:#1a80b6;\">U<\/span><span lang=\"de-AT\">nser Tagesboot ist eine Klasse f\u00fcr sich. Das traditionelle Holzboot ist mit bequemen Liegen, Sitzs\u00e4cken, Teakm\u00f6beln, westlichen Toiletten, Stromanschl\u00fcssen und einem separaten Tauchdeck ausgestattet und bietet den Tauchern jeden erdenklichen Komfort. Wenn Sie einen entspannten Tauch- oder Schnorchelausflug oder einfach nur gem\u00fctlich von unserem ger\u00e4umigen Sonnendeck aus die grandiose Inselwelt des Komodo Nationalparks erleben m\u00f6chten, dann sind Sie bei uns genau richtig.<\/span><\/p>\n<p><span lang=\"de-AT\">Innerhalb von zwei Stunden erreichen Sie mit unserem Boot alle\u00a0<strong><a href=\"https:\/\/www.komododivecenter.com\/de\/tauchen\/tauchplaetze\/\">Tauchpl\u00e4tze des Komodo Nationalparks<\/a><\/strong> wie Batu Bolong, Castle Rock, Lighthouse, Three Sisters und Manta Point. Selbstverst\u00e4ndlich gibt es noch viele andere interessante Tauchspots, die wir regelm\u00e4\u00dfig ansteuern.<\/span><\/p>\n<p><span lang=\"de-AT\">Unser Tagesboot, auf dem 10-12 G\u00e4ste bequem Platz finden, operiert t\u00e4glich und wir versuchen mindestens zw\u00f6lf verschiedene Spots in einem viert\u00e4gigen Zyklus zu besuchen. Der leise Sechszylinder Mitsubishi Dieselmotor garantiert eine relaxte Atmosph\u00e4re an Bord und ist \u00fcberdies sehr schnell. Daher k\u00f6nnen wir Ihnen drei Tauchg\u00e4nge pro\u00a0Tag anbieten und immer noch vor Sonnenuntergang wieder im Hafen einlaufen.<\/span><\/p>\n<p>Wir verlassen den Hafen von Labuan Bajo <strong>morgens um 7:30 Uhr<\/strong> und kehren gegen 17:00 wieder zur\u00fcck. Tauchen im Komodo Nationalpark\u00a0ist definitiv ein gro\u00dfartiges Erlebnis, nicht nur wegen der beliebten Str\u00f6mungen und Kan\u00e4le, sondern auch und vor allem, weil wir Ihnen &#8222;Big Fish Encounters&#8220; garantieren k\u00f6nnen!<\/p>\n<\/div><\/div><div class=\"fusion-clearfix\"><\/div><p>Wir <strong>teilen die Gruppen<\/strong> nach den individuellen Taucherfahrungen der G\u00e4ste ein, jedoch nie mehr als <strong>drei Taucher pro Guide<\/strong>.<br \/>\nF\u00fcr die gesamte Crew des Komodo Dive Centers ist <strong>Sicherheit<\/strong> das oberste Gebot, besonders hier in Komodo, wo die Str\u00f6mung mitunter herausfordernd sein kann. Unsere Guides sind mit den exakten Gezeitendaten jedes einzelnen Tauchspots bestens vertraut. Ihre Sicherheit ist uns am wichtigsten!<\/p>\n<div class=\"fusion-image-carousel lightbox-enabled\"><div class=\"fusion-carousel\" data-autoplay=\"yes\" data-columns=\"3\" data-itemmargin=\"13\" data-itemwidth=\"180\" data-touchscroll=\"no\" data-imagesize=\"fixed\"><div class=\"fusion-carousel-positioner\"><ul class=\"fusion-carousel-holder\"><li class=\"fusion-carousel-item\"><div class=\"fusion-carousel-item-wrapper\"><div class=\"fusion-image-wrapper\"><a data-rel=\"iLightbox[gallery_image_1]\" data-caption=\"Dining Area on our Day Boat\" data-title=\"Diving Day Boat Dining Area\" href=\"https:\/\/www.komododivecenter.com\/wp-content\/uploads\/day-boat-dining-area.jpg\" target=\"_self\"><img decoding=\"async\" src=\"https:\/\/www.komododivecenter.com\/wp-content\/uploads\/day-boat-dining-area-500x383.jpg\" alt=\"Tagesboot Essensbereich\" \/><\/a><\/div><\/div><\/li><li class=\"fusion-carousel-item\"><div class=\"fusion-carousel-item-wrapper\"><div class=\"fusion-image-wrapper\"><a data-rel=\"iLightbox[gallery_image_1]\" data-caption=\"Dive Briefing on our Day Boat\" data-title=\"Dive Briefing on our Day Boat\" href=\"https:\/\/www.komododivecenter.com\/wp-content\/uploads\/day-boat-dive-briefing.jpg\" target=\"_self\"><img decoding=\"async\" src=\"https:\/\/www.komododivecenter.com\/wp-content\/uploads\/day-boat-dive-briefing-500x383.jpg\" alt=\"Briefing vor dem Tauchgang\" \/><\/a><\/div><\/div><\/li><li class=\"fusion-carousel-item\"><div class=\"fusion-carousel-item-wrapper\"><div class=\"fusion-image-wrapper\"><a data-rel=\"iLightbox[gallery_image_1]\" data-caption=\"Diving Boat for Day Trips\" data-title=\"Diving Day Trips Boat\" href=\"https:\/\/www.komododivecenter.com\/wp-content\/uploads\/day-boat-dining-area-guests.jpg\" target=\"_self\"><img decoding=\"async\" src=\"https:\/\/www.komododivecenter.com\/wp-content\/uploads\/day-boat-dining-area-guests-500x383.jpg\" alt=\"Tagesboot Essensbereich\" \/><\/a><\/div><\/div><\/li><li class=\"fusion-carousel-item\"><div class=\"fusion-carousel-item-wrapper\"><div class=\"fusion-image-wrapper\"><a data-rel=\"iLightbox[gallery_image_1]\" data-caption=\"Sun Deck of our Day Trips Dive Boat\" data-title=\"Customers on deck of our diving day boat\" href=\"https:\/\/www.komododivecenter.com\/wp-content\/uploads\/day-boat-customers-deck.jpg\" target=\"_self\"><img decoding=\"async\" src=\"https:\/\/www.komododivecenter.com\/wp-content\/uploads\/day-boat-customers-deck-500x383.jpg\" alt=\"Sonnendeck Tagesboot\" \/><\/a><\/div><\/div><\/li><li class=\"fusion-carousel-item\"><div class=\"fusion-carousel-item-wrapper\"><div class=\"fusion-image-wrapper\"><a data-rel=\"iLightbox[gallery_image_1]\" data-title=\"Tagesboot Tauchen Ausr\u00fcstung\" href=\"https:\/\/www.komododivecenter.com\/wp-content\/uploads\/day-boat-diving-tanks-equipment.jpg\" target=\"_self\"><img decoding=\"async\" src=\"https:\/\/www.komododivecenter.com\/wp-content\/uploads\/day-boat-diving-tanks-equipment-500x383.jpg\" alt=\"Tauchausr\u00fcstung\" \/><\/a><\/div><\/div><\/li><li class=\"fusion-carousel-item\"><div class=\"fusion-carousel-item-wrapper\"><div class=\"fusion-image-wrapper\"><a data-rel=\"iLightbox[gallery_image_1]\" data-caption=\"Jump!\" data-title=\"Jump off our Day Trips Boat\" href=\"https:\/\/www.komododivecenter.com\/wp-content\/uploads\/day-boat-jump.jpg\" target=\"_self\"><img decoding=\"async\" src=\"https:\/\/www.komododivecenter.com\/wp-content\/uploads\/day-boat-jump-500x383.jpg\" alt=\"Sprung vom Boot\" \/><\/a><\/div><\/div><\/li><\/ul><div class=\"fusion-carousel-nav\"><span class=\"fusion-nav-prev\"><\/span><span class=\"fusion-nav-next\"><\/span><\/div><\/div><\/div><\/div><div class=\"fusion-one-half fusion-layout-column fusion-spacing-yes\" style=\"margin-top:0px;margin-bottom:20px;\"><div class=\"fusion-column-wrapper\"><h3>Kurzer \u00dcberblick \u00fcber die Ausstattung unseres Tagesboots:<\/h3>\n<ul>\n<li>Lounge Area<\/li>\n<li>Separates Tauchdeck<\/li>\n<li>Sofas, Bean Bags und ein h\u00f6lzernes Chill-Out-Deck<\/li>\n<li>Stromanschl\u00fcsse zum Aufladen von Handys, Kameras, Laptops usw.<\/li>\n<li>Westliche Toilette<\/li>\n<li>Lunch vom Italienischen Restaurant La Cucina<\/li>\n<li>Schwimmwesten, GPS, Nautical Radio, DAN O2 Kit\u2026<\/li>\n<\/ul>\n<\/div><\/div><div class=\"fusion-one-half fusion-layout-column fusion-column-last fusion-spacing-yes\" style=\"margin-top:0px;margin-bottom:20px;\"><div class=\"fusion-column-wrapper\"><h3>Kosten:<\/h3>\n<p>Tagesboot in den Komodo National Park: <strong>1.650.000 IDR p.P.\/Tag<\/strong><\/p>\n<p>Der Preis <strong>beinhaltet<\/strong>: 3 Tauchg\u00e4nge an unterschiedlichen Tauchspots; privater Guide (Max. 3 Taucher\/Giude), das gesamte Tauch-Equipment, Hafengeb\u00fchren, Fr\u00fchst\u00fcck, Lunch und Snacks zwischendurch und ein unvergessliches Taucherlebnis mit viel Spa\u00df und guter Laune.<\/p>\n<p>Der <strong>Eintritt in den Komodo Nationalpark<\/strong> wird separat berechnet:<br \/>\nWochentags 175.000 IDR<br \/>\nSonn- und Feiertags 250.000 IDR)<\/p>\n<\/div><\/div><div class=\"fusion-clearfix\"><\/div><div class=\"fusion-one-half fusion-layout-column fusion-spacing-yes youtube-vid\" style=\"margin-top:0px;margin-bottom:20px;\"><div class=\"fusion-column-wrapper\"><h2>Boat Teaser<\/h2>\n<div class=\"fusion-video fusion-youtube\" style=\"max-width:600px;max-height:350px;\"><div class=\"video-shortcode\"><iframe loading=\"lazy\" title=\"YouTube video player\" src=\"https:\/\/www.youtube.com\/embed\/8FxSr3nfV50?wmode=transparent\" width=\"600\" height=\"350\" frameborder=\"0\" allowfullscreen><\/iframe><\/div><\/div>\n<\/div><\/div><div class=\"fusion-one-half fusion-layout-column fusion-column-last fusion-spacing-yes dragon-treking\" style=\"margin-top:0px;margin-bottom:20px;\"><div class=\"fusion-column-wrapper\"><h2>&#8222;Drachenwanderung&#8220;<\/h2>\n<p>Sie m\u00f6chten die ber\u00fcchtigten <strong>Komodowarane<\/strong> besuchen? Auch das k\u00f6nnen wir f\u00fcr Sie arrangieren. Zweimal w\u00f6chentlich steuern wir Rinca an, das hei\u00dft, zwei Tauchg\u00e4nge am Vormittag und &#8222;Drachen-trekking&#8220; auf Rinca am Nachmittag. Daneben bieten wir noch eine Vielzahl an anderen interessanten <strong><a href=\"https:\/\/www.komododivecenter.com\/de\/landausfluege\/\">Ausfl\u00fcgen in die Umgebung<\/a><\/strong> an. Die Kosten richten sich nach der Anzahl der Teilnehmer und wo genau sie hinwollen.<\/p>\n<\/div><\/div><div class=\"fusion-clearfix\"><\/div><div class=\"fusion-one-half fusion-layout-column fusion-spacing-yes\" style=\"margin-top:0px;margin-bottom:20px;\"><div class=\"fusion-column-wrapper\"><h2>Buchungen<\/h2>\n<p>Wenn Sie sich f\u00fcr das Angebot des Komodo Dive Center entscheiden, ben\u00f6tigen wir folgende Informationen von Ihnen:<\/p>\n<ul>\n<li>Vollst\u00e4ndiger Name<\/li>\n<li>Nationalit\u00e4t und Reisepassnummer<\/li>\n<li>Ankunftstag und Zeit (Flugnummer)<\/li>\n<li>Zertifizierungslevel und Anzahl der Tauchg\u00e4nge lt. Logbuch<\/li>\n<li>Gegebenenfalls Di\u00e4tangaben (Vegetarisch\u2026)<\/li>\n<\/ul>\n<p>Ben\u00f6tigen Sie weitere Informationen oder Unterst\u00fctzung? <strong><a href=\"https:\/\/www.komododivecenter.com\/de\/kontakt\/\">Kontaktieren Sie uns<\/a><\/strong>!<\/p>\n<\/div><\/div><div class=\"fusion-one-half fusion-layout-column fusion-column-last fusion-spacing-yes contact-us stay-left\" style=\"margin-top:0px;margin-bottom:20px;\"><div class=\"fusion-column-wrapper\"><h2>Kontaktformular<\/h2>\n\n<div class=\"wpcf7 no-js\" id=\"wpcf7-f239-o1\" lang=\"en-US\" dir=\"ltr\">\n<div class=\"screen-reader-response\"><p role=\"status\" aria-live=\"polite\" aria-atomic=\"true\"><\/p> <ul><\/ul><\/div>\n<form action=\"\/de\/wp-json\/wp\/v2\/pages\/96#wpcf7-f239-o1\" method=\"post\" class=\"wpcf7-form init\" aria-label=\"Contact form\" novalidate=\"novalidate\" data-status=\"init\">\n<div style=\"display: none;\">\n<input type=\"hidden\" name=\"_wpcf7\" value=\"239\" \/>\n<input type=\"hidden\" name=\"_wpcf7_version\" value=\"5.9.5\" \/>\n<input type=\"hidden\" name=\"_wpcf7_locale\" value=\"en_US\" \/>\n<input type=\"hidden\" name=\"_wpcf7_unit_tag\" value=\"wpcf7-f239-o1\" \/>\n<input type=\"hidden\" name=\"_wpcf7_container_post\" value=\"0\" \/>\n<input type=\"hidden\" name=\"_wpcf7_posted_data_hash\" value=\"\" \/>\n<\/div>\n<p>Your Name (required)\n<\/p>\n<p><span class=\"wpcf7-form-control-wrap\" data-name=\"your-name\"><input size=\"40\" class=\"wpcf7-form-control wpcf7-text wpcf7-validates-as-required\" aria-required=\"true\" aria-invalid=\"false\" value=\"\" type=\"text\" name=\"your-name\" \/><\/span>\n<\/p>\n<p>Your Email (required)\n<\/p>\n<p><span class=\"wpcf7-form-control-wrap\" data-name=\"your-email\"><input size=\"40\" class=\"wpcf7-form-control wpcf7-email wpcf7-validates-as-required wpcf7-text wpcf7-validates-as-email\" aria-required=\"true\" aria-invalid=\"false\" value=\"\" type=\"email\" name=\"your-email\" \/><\/span>\n<\/p>\n<p>Subject\n<\/p>\n<p><span class=\"wpcf7-form-control-wrap\" data-name=\"your-subject\"><input size=\"40\" class=\"wpcf7-form-control wpcf7-text\" aria-invalid=\"false\" value=\"\" type=\"text\" name=\"your-subject\" \/><\/span>\n<\/p>\n<p>Your Message\n<\/p>\n<p><span class=\"wpcf7-form-control-wrap\" data-name=\"your-message\"><textarea cols=\"40\" rows=\"10\" class=\"wpcf7-form-control wpcf7-textarea\" aria-invalid=\"false\" name=\"your-message\"><\/textarea><\/span>\n<\/p>\n<p>[recaptcha]\n<\/p>\n<p style=\"margin-top: 10px;\"><input class=\"wpcf7-form-control wpcf7-submit has-spinner learn-more-btn\" type=\"submit\" value=\"Send\" \/>\n<\/p><div class=\"wpcf7-response-output\" aria-hidden=\"true\"><\/div>\n<\/form>\n<\/div>\n\n<\/div><\/div><div class=\"fusion-clearfix\"><\/div><h2>Tauchfotos<\/h2>\n<p>Ein kleiner Vorgeschmack, was Sie unter Wasser in Komodo erwartet. F\u00fcr weitere Bilder klicken Sie sich bitte durch <strong><a href=\"https:\/\/www.komododivecenter.com\/de\/galerie\/\">unsere Galerie<\/a><\/strong>. Wir bieten auch <strong><a href=\"https:\/\/www.komododivecenter.com\/de\/tauchen\/unterwasserfotografie-workshop\/\">Unterwasserfotografie-Workshops<\/a><\/strong> an!<\/p>\n<div class=\"fusion-sep-clear\"><\/div><div class=\"fusion-separator fusion-full-width-sep sep-none\" style=\"border-color:#e0dede;margin-left: auto;margin-right: auto;margin-top:20px;width:100%;max-width:100%;\"><\/div><div class=\"fusion-image-carousel lightbox-enabled\"><div class=\"fusion-carousel\" data-autoplay=\"yes\" data-columns=\"5\" data-itemmargin=\"13\" data-itemwidth=\"180\" data-touchscroll=\"no\" data-imagesize=\"fixed\"><div class=\"fusion-carousel-positioner\"><ul class=\"fusion-carousel-holder\"><li class=\"fusion-carousel-item\"><div class=\"fusion-carousel-item-wrapper\"><div class=\"fusion-image-wrapper\"><a data-rel=\"iLightbox[gallery_image_2]\" data-title=\"Schildkr\u00f6te in Batu Bolong in Komodo\" href=\"https:\/\/www.komododivecenter.com\/wp-content\/uploads\/turtle-batu-bolong-komodo.jpg\" target=\"_self\"><img decoding=\"async\" src=\"https:\/\/www.komododivecenter.com\/wp-content\/uploads\/turtle-batu-bolong-komodo-300x200.jpg\" alt=\"Schildkroete in Batu Bolong\" \/><\/a><\/div><\/div><\/li><li class=\"fusion-carousel-item\"><div class=\"fusion-carousel-item-wrapper\"><div class=\"fusion-image-wrapper\"><a data-rel=\"iLightbox[gallery_image_2]\" data-caption=\"Dive Site &quot;The Cauldron&quot;\" data-title=\"Dive Site &quot;The Cauldron&quot; in Komodo\" href=\"https:\/\/www.komododivecenter.com\/wp-content\/uploads\/the-cauldron-komodo.jpg\" target=\"_self\"><img decoding=\"async\" src=\"https:\/\/www.komododivecenter.com\/wp-content\/uploads\/the-cauldron-komodo-300x200.jpg\" alt=\"Tauchplatz The Cauldron\" \/><\/a><\/div><\/div><\/li><li class=\"fusion-carousel-item\"><div class=\"fusion-carousel-item-wrapper\"><div class=\"fusion-image-wrapper\"><a data-rel=\"iLightbox[gallery_image_2]\" data-title=\"Tauchplatz &quot;Tatawa Kecil&quot; in Komodo\" href=\"https:\/\/www.komododivecenter.com\/wp-content\/uploads\/tatawa-kecil-komodo.jpg\" target=\"_self\"><img decoding=\"async\" src=\"https:\/\/www.komododivecenter.com\/wp-content\/uploads\/tatawa-kecil-komodo-300x200.jpg\" alt=\"Tauchplatz Tatawa Kecil\" \/><\/a><\/div><\/div><\/li><li class=\"fusion-carousel-item\"><div class=\"fusion-carousel-item-wrapper\"><div class=\"fusion-image-wrapper\"><a data-rel=\"iLightbox[gallery_image_2]\" data-caption=\"Surgeonfish in Komodo\" data-title=\"Surgeonfish in Komodo\" href=\"https:\/\/www.komododivecenter.com\/wp-content\/uploads\/surgeon-fish-komodo.jpg\" target=\"_self\"><img decoding=\"async\" src=\"https:\/\/www.komododivecenter.com\/wp-content\/uploads\/surgeon-fish-komodo-300x200.jpg\" alt=\"Doktorfische in Komodo\" \/><\/a><\/div><\/div><\/li><li class=\"fusion-carousel-item\"><div class=\"fusion-carousel-item-wrapper\"><div class=\"fusion-image-wrapper\"><a data-rel=\"iLightbox[gallery_image_2]\" data-caption=\"Squat Lobster in Komodo\" data-title=\"Squat Lobster in Komodo\" href=\"https:\/\/www.komododivecenter.com\/wp-content\/uploads\/squat-lobster-komodo.jpg\" target=\"_self\"><img decoding=\"async\" src=\"https:\/\/www.komododivecenter.com\/wp-content\/uploads\/squat-lobster-komodo-300x200.jpg\" alt=\"Squat Lobster\" \/><\/a><\/div><\/div><\/li><li class=\"fusion-carousel-item\"><div class=\"fusion-carousel-item-wrapper\"><div class=\"fusion-image-wrapper\"><a data-rel=\"iLightbox[gallery_image_2]\" data-title=\"Nacktkiemer in Komodo\" href=\"https:\/\/www.komododivecenter.com\/wp-content\/uploads\/nudibranch-komodo.jpg\" target=\"_self\"><img decoding=\"async\" src=\"https:\/\/www.komododivecenter.com\/wp-content\/uploads\/nudibranch-komodo-300x200.jpg\" alt=\"Nacktkiemer\" \/><\/a><\/div><\/div><\/li><li class=\"fusion-carousel-item\"><div class=\"fusion-carousel-item-wrapper\"><div class=\"fusion-image-wrapper\"><a data-rel=\"iLightbox[gallery_image_2]\" data-caption=\"Manta train at Dive Site &quot;Manta Point&quot;\" data-title=\"Manta train at Manta Point in Komodo\" href=\"https:\/\/www.komododivecenter.com\/wp-content\/uploads\/manta-train-komodo.jpg\" target=\"_self\"><img decoding=\"async\" src=\"https:\/\/www.komododivecenter.com\/wp-content\/uploads\/manta-train-komodo-300x200.jpg\" alt=\"Mantarochen\" \/><\/a><\/div><\/div><\/li><li class=\"fusion-carousel-item\"><div class=\"fusion-carousel-item-wrapper\"><div class=\"fusion-image-wrapper\"><a data-rel=\"iLightbox[gallery_image_2]\" data-caption=\"Dive Site &quot;Karang Makassar&quot; aka Manta Point\" data-title=\"Dive Site &quot;Karang Makassar&quot; in Komodo\" href=\"https:\/\/www.komododivecenter.com\/wp-content\/uploads\/manta-point-komodo-diver.jpg\" target=\"_self\"><img decoding=\"async\" src=\"https:\/\/www.komododivecenter.com\/wp-content\/uploads\/manta-point-komodo-diver-300x200.jpg\" alt=\"Tauchplatz Manta Point\" \/><\/a><\/div><\/div><\/li><li class=\"fusion-carousel-item\"><div class=\"fusion-carousel-item-wrapper\"><div class=\"fusion-image-wrapper\"><a data-rel=\"iLightbox[gallery_image_2]\" data-title=\"Tauchplatz &quot;Golden Passage&quot; in Komodo\" href=\"https:\/\/www.komododivecenter.com\/wp-content\/uploads\/golden-passage-komodo.jpg\" target=\"_self\"><img decoding=\"async\" src=\"https:\/\/www.komododivecenter.com\/wp-content\/uploads\/golden-passage-komodo-300x200.jpg\" alt=\"Dive Site Golden Passage\" \/><\/a><\/div><\/div><\/li><li class=\"fusion-carousel-item\"><div class=\"fusion-carousel-item-wrapper\"><div class=\"fusion-image-wrapper\"><a data-rel=\"iLightbox[gallery_image_2]\" data-caption=\"Dive Site &quot;Cannibal Rock&quot; in Komodo\" data-title=\"Dive Site Cannibal Rock in Komodo\" href=\"https:\/\/www.komododivecenter.com\/wp-content\/uploads\/cannibal-rock-komodo-diver.jpg\" target=\"_self\"><img decoding=\"async\" src=\"https:\/\/www.komododivecenter.com\/wp-content\/uploads\/cannibal-rock-komodo-diver-300x200.jpg\" alt=\"Tauchplatz Golden Passage\" \/><\/a><\/div><\/div><\/li><\/ul><div class=\"fusion-carousel-nav\"><span class=\"fusion-nav-prev\"><\/span><span class=\"fusion-nav-next\"><\/span><\/div><\/div><\/div><\/div><\/div><\/div>\n","protected":false},"excerpt":{"rendered":"","protected":false},"author":2,"featured_media":0,"parent":61,"menu_order":2,"comment_status":"open","ping_status":"closed","template":"","meta":{"_acf_changed":false,"footnotes":""},"class_list":["post-96","page","type-page","status-publish","hentry"],"acf":[],"_links":{"self":[{"href":"https:\/\/www.komododivecenter.com\/de\/wp-json\/wp\/v2\/pages\/96","targetHints":{"allow":["GET"]}}],"collection":[{"href":"https:\/\/www.komododivecenter.com\/de\/wp-json\/wp\/v2\/pages"}],"about":[{"href":"https:\/\/www.komododivecenter.com\/de\/wp-json\/wp\/v2\/types\/page"}],"author":[{"embeddable":true,"href":"https:\/\/www.komododivecenter.com\/de\/wp-json\/wp\/v2\/users\/2"}],"replies":[{"embeddable":true,"href":"https:\/\/www.komododivecenter.com\/de\/wp-json\/wp\/v2\/comments?post=96"}],"version-history":[{"count":0,"href":"https:\/\/www.komododivecenter.com\/de\/wp-json\/wp\/v2\/pages\/96\/revisions"}],"up":[{"embeddable":true,"href":"https:\/\/www.komododivecenter.com\/de\/wp-json\/wp\/v2\/pages\/61"}],"wp:attachment":[{"href":"https:\/\/www.komododivecenter.com\/de\/wp-json\/wp\/v2\/media?parent=96"}],"curies":[{"name":"wp","href":"https:\/\/api.w.org\/{rel}","templated":true}]}}