{"id":3082,"date":"2015-05-18T08:26:50","date_gmt":"2015-05-18T00:26:50","guid":{"rendered":"http:\/\/www.komododivecenter.com\/komodo-dive-center-2-2\/"},"modified":"2018-06-07T11:54:02","modified_gmt":"2018-06-07T03:54:02","slug":"komodo-dive-center-2","status":"publish","type":"page","link":"https:\/\/www.komododivecenter.com\/fr\/","title":{"rendered":"Plong\u00e9e \u00e0 Komodo Liveaboards, excursions et cours PADI | Komodo Dive Center"},"content":{"rendered":"<div class=\"fusion-fullwidth fullwidth-box fusion-parallax-none\" style=\"border-color:#eae9e9;border-bottom-width: 0px;border-top-width: 0px;border-bottom-style: solid;border-top-style: solid;padding-bottom:50px;padding-left:0px;padding-right:0px;padding-top:50px;background-position:left top;background-repeat:no-repeat;-webkit-background-size:cover;-moz-background-size:cover;-o-background-size:cover;background-size:cover;\"><div class=\"fusion-row\"><div class=\"fusion-two-third fusion-layout-column fusion-spacing-yes\" style=\"margin-top:0px;margin-bottom:20px;\"><div class=\"fusion-column-wrapper\" style=\"background-color:#f0f0ed;border:1px solid #000000;padding:50px;\"><div class=\"fusion-column-table\"><div class=\"fusion-column-tablecell\"><h3 style=\"text-align: center;\">OFFRE DE DERNI\u00c8RE MINUTE!<\/h3>\n<p style=\"text-align: center;\">Obtenez un rabais de 5 % pour notre prochaine <strong><a href=\"https:\/\/www.komododivecenter.com\/fr\/plongee\/croisieres\/\">croisi\u00e8re de Komodo<\/a><\/strong>\u00a0le 30.11.2017! <strong><a href=\"https:\/\/www.komododivecenter.com\/fr\/contact\/\">Communiquez avec nous<\/a><\/strong>!<\/p>\n<div class=\"imageframe-align-center\"><span class=\"fusion-imageframe imageframe-none imageframe-1\"> <img decoding=\"async\" src=\"https:\/\/www.komododivecenter.com\/wp-content\/uploads\/logo-mastro-aldo.png\" alt=\"Diver\" class=\"img-responsive\"\/><\/span><\/div><\/div><\/div><\/div><\/div><div class=\"fusion-one-third one_third fusion-layout-column fusion-column-last fusion-spacing-yes fusion-hide-on-mobile\" style=\"margin-top:0px;margin-bottom:20px;\"><div class=\"fusion-column-wrapper\"><p><center><div id=\"TA_certificateOfExcellence458\" class=\"TA_certificateOfExcellence\">\r\n<ul id=\"gr3x0xSQN\" class=\"TA_links FCROUP\">\r\n<li id=\"hkFTab6YIw\" class=\"tz4PtgoxgM\">\r\n<a target=\"_blank\" href=\"http:\/\/www.tripadvisor.com\/Attraction_Review-g1777483-d4156378-Reviews-Komodo_Dive_Center-Labuan_Bajo_Flores_East_Nusa_Tenggara.html \"><img decoding=\"async\" src=\"http:\/\/www.tripadvisor.com\/img\/cdsi\/img2\/awards\/CoE2015_WidgetAsset-14348-2.png \" alt=\"TripAdvisor\" class=\"widCOEImg\" id=\"CDSWIDCOELOGO\"\/><\/a>\r\n<\/li>\r\n<\/ul>\r\n<\/div>\r\n<script src=\"http:\/\/www.jscache.com\/wejs?wtype=certificateOfExcellence&uniq=458&locationId=4156378&lang=en_US&year=2015&display_version=2 \"><\/script><\/center><\/p><p><center><div class=\"fb-page\" data-href=\"https:\/\/www.facebook.com\/pages\/Komodo-Dive-Center\/367248220041174\" data-small-header=\"true\" data-adapt-container-width=\"true\" data-hide-cover=\"true\" data-show-facepile=\"true\" data-show-posts=\"false\"><div class=\"fb-xfbml-parse-ignore\"><blockquote cite=\"https:\/\/www.facebook.com\/pages\/Komodo-Dive-Center\/367248220041174\"><a href=\"https:\/\/www.facebook.com\/pages\/Komodo-Dive-Center\/367248220041174\">Komodo Dive Center<\/a><\/blockquote><\/div><\/div><\/center><\/p><\/div><\/div><div class=\"fusion-clearfix\"><\/div><div class=\"fusion-one-third one_third fusion-layout-column fusion-spacing-yes\" style=\"margin-top:35px;margin-bottom:0px;\"><div class=\"fusion-column-wrapper\"><div class=\"fusion-title title\"><h2 class=\"title-heading-left\"><strong><a href=\"https:\/\/www.komododivecenter.com\/fr\/plongee\/excursions-quotidiennes\/\">Excursions d&rsquo;une journ\u00e9e<\/a><\/strong><\/h2><div class=\"title-sep-container\"><div class=\"title-sep sep-none\"><\/div><\/div><\/div><p><a href=\"https:\/\/www.komododivecenter.com\/fr\/plongee\/excursions-quotidiennes\/\"><img loading=\"lazy\" decoding=\"async\" class=\"alignnone wp-image-362\" src=\"https:\/\/www.komododivecenter.com\/wp-content\/uploads\/day-boat-dining-area-guests-460x295.jpg\" alt=\"Diving Day Trips Boat\" width=\"359\" height=\"239\" srcset=\"https:\/\/www.komododivecenter.com\/wp-content\/uploads\/day-boat-dining-area-guests-300x200.jpg 300w, https:\/\/www.komododivecenter.com\/wp-content\/uploads\/day-boat-dining-area-guests-1024x683.jpg 1024w, https:\/\/www.komododivecenter.com\/wp-content\/uploads\/day-boat-dining-area-guests.jpg 1900w\" sizes=\"auto, (max-width: 359px) 100vw, 359px\" \/><\/a><\/p>\n<p>Explorer l&rsquo;immense biodiversit\u00e9 du Parc National de Komodo sur <strong><a href=\"https:\/\/www.komododivecenter.com\/fr\/plongee\/excursions-quotidiennes\/\">notre coutume construit bateau luxueux en bois<\/a><\/strong>. Trois plong\u00e9es par jour tous les jours!<\/p>\n<\/div><\/div><div class=\"fusion-one-third one_third fusion-layout-column fusion-spacing-yes\" style=\"margin-top:35px;margin-bottom:0px;\"><div class=\"fusion-column-wrapper\"><div class=\"fusion-title title\"><h2 class=\"title-heading-left\"><strong><a href=\"https:\/\/www.komododivecenter.com\/fr\/plongee\/croisieres\/\">Liveaboards<\/a><\/strong><\/h2><div class=\"title-sep-container\"><div class=\"title-sep sep-none\"><\/div><\/div><\/div><p><a href=\"https:\/\/www.komododivecenter.com\/wp-content\/uploads\/Komodo-liveaboard-Mastro-Aldo-side-view-4.jpg\"><img loading=\"lazy\" decoding=\"async\" class=\"alignnone wp-image-3889\" src=\"https:\/\/www.komododivecenter.com\/wp-content\/uploads\/Komodo-liveaboard-Mastro-Aldo-side-view-4.jpg\" alt=\"Liveaboard | Komodo Dive Center\" width=\"359\" height=\"239\" srcset=\"https:\/\/www.komododivecenter.com\/wp-content\/uploads\/Komodo-liveaboard-Mastro-Aldo-side-view-4.jpg 1200w, https:\/\/www.komododivecenter.com\/wp-content\/uploads\/Komodo-liveaboard-Mastro-Aldo-side-view-4-300x200.jpg 300w, https:\/\/www.komododivecenter.com\/wp-content\/uploads\/Komodo-liveaboard-Mastro-Aldo-side-view-4-768x512.jpg 768w, https:\/\/www.komododivecenter.com\/wp-content\/uploads\/Komodo-liveaboard-Mastro-Aldo-side-view-4-1024x683.jpg 1024w\" sizes=\"auto, (max-width: 359px) 100vw, 359px\" \/><\/a><\/p>\n<p>Rouler hors du lit, dans les eaux limpides de Komodo! <strong><a href=\"https:\/\/www.komododivecenter.com\/fr\/plongee\/croisieres\/\">Notre bateau de croisi\u00e8re<\/a><\/strong> est la meilleure fa\u00e7on d&rsquo;explorer au-dessus et au-dessous des vagues.<\/p>\n<\/div><\/div><div class=\"fusion-one-third one_third fusion-layout-column fusion-column-last fusion-spacing-yes\" style=\"margin-top:35px;margin-bottom:0px;\"><div class=\"fusion-column-wrapper\"><div class=\"fusion-title title\"><h2 class=\"title-heading-left\"><strong><a href=\"https:\/\/www.komododivecenter.com\/fr\/plongee\/padi-cours\/\">PADI Cours<\/a><\/strong><\/h2><div class=\"title-sep-container\"><div class=\"title-sep sep-none\"><\/div><\/div><\/div><p><a href=\"https:\/\/www.komododivecenter.com\/fr\/plongee\/padi-cours\/\"><img loading=\"lazy\" decoding=\"async\" class=\"alignnone wp-image-524\" src=\"https:\/\/www.komododivecenter.com\/wp-content\/uploads\/manta-point-komodo-diver-460x295.jpg\" alt=\"Dive Site \" width=\"359\" height=\"239\" srcset=\"https:\/\/www.komododivecenter.com\/wp-content\/uploads\/manta-point-komodo-diver-300x200.jpg 300w, https:\/\/www.komododivecenter.com\/wp-content\/uploads\/manta-point-komodo-diver-1024x683.jpg 1024w, https:\/\/www.komododivecenter.com\/wp-content\/uploads\/manta-point-komodo-diver.jpg 1900w\" sizes=\"auto, (max-width: 359px) 100vw, 359px\" \/><\/a><\/p>\n<p>Vous souhaitez obtenir une certification? Nous offrons <strong><a href=\"https:\/\/www.komododivecenter.com\/fr\/plongee\/padi-cours\/\">une gamme compl\u00e8te de cours PADI<\/a><\/strong>, et il n&rsquo;y a pas de meilleur endroit pour apprendre que dans les courants passionnants du Parc National de Komodo.<\/p>\n<\/div><\/div><div class=\"fusion-clearfix\"><\/div><\/div><\/div><div class=\"fusion-fullwidth fullwidth-box fusion-parallax-none fusion-equal-height-columns\" style=\"border-color:#eae9e9;border-bottom-width: 0px;border-top-width: 0px;border-bottom-style: solid;border-top-style: solid;padding-bottom:50px;padding-left:0px;padding-right:0px;padding-top:0px;background-position:left top;background-repeat:no-repeat;-webkit-background-size:cover;-moz-background-size:cover;-o-background-size:cover;background-size:cover;\"><div class=\"fusion-row\"><div class=\"fusion-one-half fusion-layout-column fusion-spacing-yes special\" style=\"margin-top:0px;margin-bottom:0px;\"><div class=\"fusion-column-wrapper\" style=\"padding:0px;\"><span class=\"fusion-imageframe imageframe-none imageframe-2\"> <img decoding=\"async\" src=\"https:\/\/www.komododivecenter.com\/wp-content\/uploads\/South-Komodo-National-Park-6-1024x683.jpg\" alt=\"Diving in Komodo\" class=\"img-responsive\"\/><\/span><\/div><\/div><div class=\"fusion-one-half fusion-layout-column fusion-column-last fusion-spacing-yes special nomargin-heading\" style=\"margin-top:0px;margin-bottom:0px;\"><div class=\"fusion-column-wrapper\" style=\"padding:0px;\"><h2>Sur Komodo<\/h2>\n<p><span class=\"fusion-dropcap dropcap\" style=\"color:#1a80b6;\">P<\/span>longer sur certains des r\u00e9cifs de corail les plus vierges et diversifi\u00e9s dans le monde vous int\u00e9resse? \u00c0 la d\u00e9rive parmi des centaines de poissons de r\u00e9cif et la croisi\u00e8re avec les requins et les raies manta ? Ou \u00e0 r\u00e9curer le fond marin pour certaines des cr\u00e9atures plus rares et plus petite mer sous les vagues? Plonger dans le Parc National de Komodo a quelque chose pour tout le monde et vous ne serez pas d\u00e9\u00e7u! Consid\u00e9r\u00e9 comme l&rsquo;un des Top 10 plong\u00e9e emplacements dans le monde, quel qu&rsquo;il soit qui vous int\u00e9resse, notre \u00e9quipe de plong\u00e9e \u00e0 Komodo Dive Center sera ravi d&rsquo;organiser le voyage parfait. Nous combinons nos exp\u00e9ditions de plong\u00e9e avec un dragon de Komodo trekking aventure sur l&rsquo;\u00eele de Rinca et proposent \u00e9galement des <strong><a href=\"https:\/\/www.komododivecenter.com\/fr\/excursions-flores\/\">excursions terrestres<\/a><\/strong> pour les cascades, les grottes et les villages de belles Flores en Indon\u00e9sie.<\/p>\n<\/div><\/div><div class=\"fusion-clearfix\"><\/div><\/div><\/div><div class=\"fusion-fullwidth fullwidth-box fusion-parallax-none nomargin-heading fusion-hide-on-mobile\" style=\"border-color:#eae9e9;border-bottom-width: 0px;border-top-width: 0px;border-bottom-style: solid;border-top-style: solid;padding-bottom:45px;padding-left:0px;padding-right:0px;padding-top:60px;background-color:#f0f0ed;background-position:left top;background-repeat:no-repeat;-webkit-background-size:cover;-moz-background-size:cover;-o-background-size:cover;background-size:cover;\"><div class=\"fusion-row\"><h1 style=\"text-align: center;\">GALERIE<\/h1>\n<div class=\"fusion-sep-clear\"><\/div><div class=\"fusion-separator sep-single\" style=\"border-color:#000000;border-top-width:1px;margin-left: auto;margin-right: auto;margin-top:px;margin-bottom:40px;width:100%;max-width:170px;\"><\/div><div class=\"fusion-one-sixth fusion-layout-column fusion-spacing-yes\" style=\"margin-top:0px;margin-bottom:20px;\"><div class=\"fusion-column-wrapper\"><\/div><\/div><div class=\"fusion-two-third fusion-layout-column fusion-spacing-yes\" style=\"margin-top:0px;margin-bottom:20px;\"><div class=\"fusion-column-wrapper\"><h3 style=\"text-align: center;\">Parcourez <strong><a href=\"https:\/\/www.komododivecenter.com\/fr\/galerie\">notre galerie<\/a><\/strong> pour avoir un avant-go\u00fbt de l&rsquo;incroyable biodiversit\u00e9 dans le Parc National de Komodo. Nous proposons \u00e9galement des ateliers de <strong><a href=\"https:\/\/www.komododivecenter.com\/fr\/photographie-sous-marine\/\">photographie sous-marine<\/a><\/strong>!<\/h3>\n<\/div><\/div><div class=\"fusion-one-sixth fusion-layout-column fusion-column-last fusion-spacing-yes\" style=\"margin-top:0px;margin-bottom:20px;\"><div class=\"fusion-column-wrapper\"><\/div><\/div><div class=\"fusion-clearfix\"><\/div><div class=\"fusion-sep-clear\"><\/div><div class=\"fusion-separator fusion-full-width-sep sep-none\" style=\"border-color:#e0dede;margin-left: auto;margin-right: auto;margin-top:20px;width:100%;max-width:100%;\"><\/div><div class=\"fusion-image-carousel lightbox-enabled\"><div class=\"fusion-carousel\" data-autoplay=\"yes\" data-columns=\"3\" data-itemmargin=\"13\" data-itemwidth=\"180\" data-touchscroll=\"no\" data-imagesize=\"fixed\"><div class=\"fusion-carousel-positioner\"><ul class=\"fusion-carousel-holder\"><li class=\"fusion-carousel-item\"><div class=\"fusion-carousel-item-wrapper\"><div class=\"fusion-image-wrapper\"><a data-rel=\"iLightbox[gallery_image_1]\" data-caption=\"Surgeonfish in Komodo\" data-title=\"Surgeonfish in Komodo\" href=\"https:\/\/www.komododivecenter.com\/wp-content\/uploads\/surgeon-fish-komodo.jpg\" target=\"_self\"><img decoding=\"async\" src=\"https:\/\/www.komododivecenter.com\/wp-content\/uploads\/surgeon-fish-komodo-460x295.jpg\" alt=\"Surgeonfish in Komodo\" \/><\/a><\/div><\/div><\/li><li class=\"fusion-carousel-item\"><div class=\"fusion-carousel-item-wrapper\"><div class=\"fusion-image-wrapper\"><a data-rel=\"iLightbox[gallery_image_1]\" data-title=\"Nacktkiemer in Komodo\" href=\"https:\/\/www.komododivecenter.com\/wp-content\/uploads\/nudibranch-komodo.jpg\" target=\"_self\"><img decoding=\"async\" src=\"https:\/\/www.komododivecenter.com\/wp-content\/uploads\/nudibranch-komodo-460x295.jpg\" alt=\"Nudibranch in Komodo\" \/><\/a><\/div><\/div><\/li><li class=\"fusion-carousel-item\"><div class=\"fusion-carousel-item-wrapper\"><div class=\"fusion-image-wrapper\"><a data-rel=\"iLightbox[gallery_image_1]\" data-caption=\"Manta train at Dive Site &quot;Manta Point&quot;\" data-title=\"Manta train at Manta Point in Komodo\" href=\"https:\/\/www.komododivecenter.com\/wp-content\/uploads\/manta-train-komodo.jpg\" target=\"_self\"><img decoding=\"async\" src=\"https:\/\/www.komododivecenter.com\/wp-content\/uploads\/manta-train-komodo-460x295.jpg\" alt=\"Manta train at Dive Site Manta Point\" \/><\/a><\/div><\/div><\/li><li class=\"fusion-carousel-item\"><div class=\"fusion-carousel-item-wrapper\"><div class=\"fusion-image-wrapper\"><a data-rel=\"iLightbox[gallery_image_1]\" data-caption=\"Dive Site &quot;Cannibal Rock&quot; in Komodo\" data-title=\"Dive Site Cannibal Rock in Komodo\" href=\"https:\/\/www.komododivecenter.com\/wp-content\/uploads\/cannibal-rock-komodo-diver.jpg\" target=\"_self\"><img decoding=\"async\" src=\"https:\/\/www.komododivecenter.com\/wp-content\/uploads\/cannibal-rock-komodo-diver-460x295.jpg\" alt=\"Dive Site Cannibal Rock\" \/><\/a><\/div><\/div><\/li><li class=\"fusion-carousel-item\"><div class=\"fusion-carousel-item-wrapper\"><div class=\"fusion-image-wrapper\"><a data-rel=\"iLightbox[gallery_image_1]\" data-caption=\"Komodo Landscape\" data-title=\"Komodo Landscape\" href=\"https:\/\/www.komododivecenter.com\/wp-content\/uploads\/komodo-landscape.jpg\" target=\"_self\"><img decoding=\"async\" src=\"https:\/\/www.komododivecenter.com\/wp-content\/uploads\/komodo-landscape-460x295.jpg\" alt=\"Komodo Landscape\" \/><\/a><\/div><\/div><\/li><li class=\"fusion-carousel-item\"><div class=\"fusion-carousel-item-wrapper\"><div class=\"fusion-image-wrapper\"><a data-rel=\"iLightbox[gallery_image_1]\" data-caption=\"Dive Site &quot;Batu Bolong&quot;\" data-title=\"Batu Bolong Dive Site in Komodo\" href=\"https:\/\/www.komododivecenter.com\/wp-content\/uploads\/batu-bolong-komodo.jpg\" target=\"_self\"><img decoding=\"async\" src=\"https:\/\/www.komododivecenter.com\/wp-content\/uploads\/batu-bolong-komodo-460x295.jpg\" alt=\"Dive Site Batu Bolong\" \/><\/a><\/div><\/div><\/li><\/ul><div class=\"fusion-carousel-nav\"><span class=\"fusion-nav-prev\"><\/span><span class=\"fusion-nav-next\"><\/span><\/div><\/div><\/div><\/div><div class=\"fusion-one-sixth fusion-layout-column fusion-spacing-yes\" style=\"margin-top:0px;margin-bottom:20px;\"><div class=\"fusion-column-wrapper\"><\/div><\/div><div class=\"fusion-two-third fusion-layout-column fusion-spacing-yes\" style=\"margin-top:0px;margin-bottom:20px;\"><div class=\"fusion-column-wrapper\"><h3 style=\"text-align: center;\"><a href=\"https:\/\/www.komododivecenter.com\/fr\/galerie\/\">Voir plus de photos<\/a><\/h3>\n<\/div><\/div><div class=\"fusion-one-sixth fusion-layout-column fusion-column-last fusion-spacing-yes\" style=\"margin-top:0px;margin-bottom:20px;\"><div class=\"fusion-column-wrapper\"><\/div><\/div><div class=\"fusion-clearfix\"><\/div><\/div><\/div><div class=\"fusion-fullwidth fullwidth-box fusion-parallax-none\" style=\"border-color:#eae9e9;border-bottom-width: 0px;border-top-width: 0px;border-bottom-style: solid;border-top-style: solid;padding-bottom:35px;padding-left:0px;padding-right:0px;padding-top:60px;background-position:left top;background-repeat:no-repeat;-webkit-background-size:cover;-moz-background-size:cover;-o-background-size:cover;background-size:cover;\"><div class=\"fusion-row\"><div class=\"fusion-one-half fusion-layout-column fusion-spacing-yes fusion-hide-on-mobile\" style=\"margin-top:0px;margin-bottom:20px;\"><div class=\"fusion-column-wrapper\"><h1 style=\"text-align: center;\"><a href=\"https:\/\/www.komododivecenter.com\/posts\/\">BLOG<\/a><\/h1>\n<div class=\"fusion-sep-clear\"><\/div><div class=\"fusion-separator sep-single\" style=\"border-color:#000000;border-top-width:1px;margin-left: auto;margin-right: auto;margin-top:px;margin-bottom:20px;width:100%;max-width:170px;\"><\/div><p style=\"text-align: center;\">Veuillez-vous r\u00e9f\u00e9rer <strong><a href=\"https:\/\/www.komododivecenter.com\/posts\/\">\u00e0 notre site Web en anglais<\/a><\/strong> pour les nouvelles et mises \u00e0 jour de Komodo Dive Center!<\/p>\n<\/div><\/div><div class=\"fusion-one-half fusion-layout-column fusion-column-last fusion-spacing-yes\" style=\"margin-top:0px;margin-bottom:20px;\"><div class=\"fusion-column-wrapper\"><h1 style=\"text-align: center;\"><a href=\"https:\/\/www.komododivecenter.com\/fr\/contact\/\">CONTACT<\/a><\/h1>\n<div class=\"fusion-sep-clear\"><\/div><div class=\"fusion-separator sep-single\" style=\"border-color:#000000;border-top-width:1px;margin-left: auto;margin-right: auto;margin-top:px;margin-bottom:20px;width:100%;max-width:170px;\"><\/div><h3 style=\"text-align: center;\">KOMODO DIVE CENTER<\/h3>\n<p style=\"text-align: center;\">Jalan Soekarno Hatta RT 010 RW 005 (Across the road of Surya Jaya supermarket), Labuan Bajo, Nusa Tenggara Timur 86554, Indonesia Email: info@komododivecenter.com Tel: +62 (0) 81236303644 Tel 2: +62 (0) 85338265208 WhatsApp:\u00a0+62081236303644<\/p>\n<div style=\"text-align: center\">\r\n<script type=\"text\/javascript\" src=\"http:\/\/www.skypeassets.com\/i\/scom\/js\/skype-uri.js\"><\/script>\r\n<div id=\"SkypeButton_Call_www.komododivecenter.com_1\">\r\n  <script type=\"text\/javascript\">\r\n    Skype.ui({\r\n      \"name\": \"dropdown\",\r\n      \"element\": \"SkypeButton_Call_www.komododivecenter.com_1\",\r\n      \"participants\": [\"www.komododivecenter.com\"],\r\n      \"imageSize\": 24\r\n    });\r\n  <\/script>\r\n<\/div><\/div><\/div><\/div><div class=\"fusion-clearfix\"><\/div><\/div><\/div>\n","protected":false},"excerpt":{"rendered":"","protected":false},"author":2,"featured_media":0,"parent":0,"menu_order":0,"comment_status":"closed","ping_status":"closed","template":"100-width.php","meta":{"_acf_changed":false,"footnotes":""},"class_list":["post-3082","page","type-page","status-publish","hentry"],"acf":[],"_links":{"self":[{"href":"https:\/\/www.komododivecenter.com\/fr\/wp-json\/wp\/v2\/pages\/3082","targetHints":{"allow":["GET"]}}],"collection":[{"href":"https:\/\/www.komododivecenter.com\/fr\/wp-json\/wp\/v2\/pages"}],"about":[{"href":"https:\/\/www.komododivecenter.com\/fr\/wp-json\/wp\/v2\/types\/page"}],"author":[{"embeddable":true,"href":"https:\/\/www.komododivecenter.com\/fr\/wp-json\/wp\/v2\/users\/2"}],"replies":[{"embeddable":true,"href":"https:\/\/www.komododivecenter.com\/fr\/wp-json\/wp\/v2\/comments?post=3082"}],"version-history":[{"count":0,"href":"https:\/\/www.komododivecenter.com\/fr\/wp-json\/wp\/v2\/pages\/3082\/revisions"}],"wp:attachment":[{"href":"https:\/\/www.komododivecenter.com\/fr\/wp-json\/wp\/v2\/media?parent=3082"}],"curies":[{"name":"wp","href":"https:\/\/api.w.org\/{rel}","templated":true}]}}