{"id":3099,"date":"2015-05-18T08:52:09","date_gmt":"2015-05-18T00:52:09","guid":{"rendered":"http:\/\/www.komododivecenter.com\/diving-2\/"},"modified":"2018-06-11T08:37:33","modified_gmt":"2018-06-11T00:37:33","slug":"plongee","status":"publish","type":"page","link":"https:\/\/www.komododivecenter.com\/fr\/plongee\/","title":{"rendered":"Plong\u00e9e"},"content":{"rendered":"<div class=\"fusion-fullwidth fullwidth-box fusion-parallax-none nobottom center-mobile\" style=\"border-color:#eae9e9;border-bottom-width: 0px;border-top-width: 0px;border-bottom-style: solid;border-top-style: solid;padding-bottom:20px;padding-left:0px;padding-right:0px;padding-top:20px;background-position:left top;background-repeat:no-repeat;-webkit-background-size:cover;-moz-background-size:cover;-o-background-size:cover;background-size:cover;\"><div class=\"fusion-row\"><div class=\"fusion-one-full fusion-layout-column fusion-column-last fusion-spacing-yes nomargin-heading\" style=\"margin-top:0px;margin-bottom:20px;\"><div class=\"fusion-column-wrapper\"><div class=\"fusion-title title\"><h1 class=\"title-heading-left\">Plong\u00e9e \u00e0 Komodo<\/h1><div class=\"title-sep-container\"><div class=\"title-sep sep-none\"><\/div><\/div><\/div><h3>Int\u00e9ress\u00e9 par les grands p\u00e9lagiques, poissons de r\u00e9cif qui ne compte pas, les r\u00e9cifs coralliens parfaitement intacts et plong\u00e9es d\u00e9rivantes? Puis plong\u00e9e \u00e0 Komodo est peut-\u00eatre l&rsquo;aventure<\/h3>\n<\/div><\/div><div class=\"fusion-clearfix\"><\/div><div class=\"fusion-one-third one_third fusion-layout-column fusion-spacing-yes\" style=\"margin-top:35px;margin-bottom:20px;\"><div class=\"fusion-column-wrapper\"><div class=\"fusion-title title\"><h2 class=\"title-heading-left\"><strong><a href=\"https:\/\/www.komododivecenter.com\/fr\/plongee\/excursions-quotidiennes\/\">Excursions d&rsquo;une journ\u00e9e<\/a><\/strong><\/h2><div class=\"title-sep-container\"><div class=\"title-sep sep-none\"><\/div><\/div><\/div><p><a href=\"https:\/\/www.komododivecenter.com\/fr\/plongee\/excursions-quotidiennes\/\"><img loading=\"lazy\" decoding=\"async\" class=\"alignnone wp-image-362\" src=\"https:\/\/www.komododivecenter.com\/wp-content\/uploads\/day-boat-dining-area-guests-460x295.jpg\" alt=\"Diving Day Trips Boat\" width=\"359\" height=\"239\" srcset=\"https:\/\/www.komododivecenter.com\/wp-content\/uploads\/day-boat-dining-area-guests-300x200.jpg 300w, https:\/\/www.komododivecenter.com\/wp-content\/uploads\/day-boat-dining-area-guests-1024x683.jpg 1024w, https:\/\/www.komododivecenter.com\/wp-content\/uploads\/day-boat-dining-area-guests.jpg 1900w\" sizes=\"auto, (max-width: 359px) 100vw, 359px\" \/><\/a><\/p>\n<p>Explorer l&rsquo;immense biodiversit\u00e9 du Parc National de Komodo sur <strong><a href=\"https:\/\/www.komododivecenter.com\/fr\/plongee\/excursions-quotidiennes\/\">notre coutume construit bateau luxueux en bois<\/a><\/strong>. Trois plong\u00e9es par jour tous les jours!<\/p>\n<\/div><\/div><div class=\"fusion-one-third one_third fusion-layout-column fusion-spacing-yes\" style=\"margin-top:35px;margin-bottom:20px;\"><div class=\"fusion-column-wrapper\"><div class=\"fusion-title title\"><h2 class=\"title-heading-left\"><strong><a href=\"https:\/\/www.komododivecenter.com\/fr\/plongee\/croisieres\/\">Liveaboards<\/a><\/strong><\/h2><div class=\"title-sep-container\"><div class=\"title-sep sep-none\"><\/div><\/div><\/div><p><a href=\"https:\/\/www.komododivecenter.com\/fr\/plongee\/croisieres\/\"><img loading=\"lazy\" decoding=\"async\" class=\"alignnone wp-image-152\" src=\"https:\/\/www.komododivecenter.com\/wp-content\/uploads\/liveaboard-460x295.jpg\" alt=\"Komodo Liveaboard\" width=\"359\" height=\"239\" srcset=\"https:\/\/www.komododivecenter.com\/wp-content\/uploads\/liveaboard-300x200.jpg 300w, https:\/\/www.komododivecenter.com\/wp-content\/uploads\/liveaboard-1024x683.jpg 1024w, https:\/\/www.komododivecenter.com\/wp-content\/uploads\/liveaboard.jpg 1900w\" sizes=\"auto, (max-width: 359px) 100vw, 359px\" \/><\/a><\/p>\n<p>Rouler hors du lit, dans les eaux limpides de Komodo! <strong><a href=\"https:\/\/www.komododivecenter.com\/fr\/plongee\/croisieres\/\">Notre bateau de croisi\u00e8re<\/a><\/strong> est la meilleure fa\u00e7on d&rsquo;explorer au-dessus et au-dessous des vagues.<\/p>\n<\/div><\/div><div class=\"fusion-one-third one_third fusion-layout-column fusion-column-last fusion-spacing-yes\" style=\"margin-top:35px;margin-bottom:20px;\"><div class=\"fusion-column-wrapper\"><div class=\"fusion-title title\"><h2 class=\"title-heading-left\"><strong><a href=\"https:\/\/www.komododivecenter.com\/fr\/plongee\/padi-cours\/\">PADI Cours<\/a><\/strong><\/h2><div class=\"title-sep-container\"><div class=\"title-sep sep-none\"><\/div><\/div><\/div><p><a href=\"https:\/\/www.komododivecenter.com\/fr\/plongee\/padi-cours\/\"><img loading=\"lazy\" decoding=\"async\" class=\"alignnone wp-image-524\" src=\"https:\/\/www.komododivecenter.com\/wp-content\/uploads\/manta-point-komodo-diver-460x295.jpg\" alt=\"Dive Site \" width=\"359\" height=\"239\" srcset=\"https:\/\/www.komododivecenter.com\/wp-content\/uploads\/manta-point-komodo-diver-300x200.jpg 300w, https:\/\/www.komododivecenter.com\/wp-content\/uploads\/manta-point-komodo-diver-1024x683.jpg 1024w, https:\/\/www.komododivecenter.com\/wp-content\/uploads\/manta-point-komodo-diver.jpg 1900w\" sizes=\"auto, (max-width: 359px) 100vw, 359px\" \/><\/a><\/p>\n<p>Vous souhaitez obtenir une certification? Nous offrons <strong><a href=\"https:\/\/www.komododivecenter.com\/fr\/plongee\/padi-cours\/\">une gamme compl\u00e8te de cours PADI<\/a><\/strong>, et il n&rsquo;y a pas de meilleur endroit pour apprendre que dans les courants passionnants du Parc National de Komodo.<\/p>\n<\/div><\/div><div class=\"fusion-clearfix\"><\/div><p><span class=\"fusion-dropcap dropcap\" style=\"color:#1a80b6;\">K<\/span>omodo a une r\u00e9putation pour certains de la plong\u00e9e actuelle plus forte au monde! Et c&rsquo;est vrai, cependant, qui ne signifie pas que tu dois \u00eatre super exp\u00e9riment\u00e9 pour appr\u00e9cier les nombreux sites de plong\u00e9e, que nous avons \u00e0 offrir. Nos guides de plong\u00e9e exp\u00e9riment\u00e9s savent tr\u00e8s bien les courants et mar\u00e9es fois et choisiront toujours la plong\u00e9e juste au bon moment et choisiront les plong\u00e9es bas\u00e9es sur votre niveau d&rsquo;exp\u00e9rience. Il y a toujours un endroit pour \u00e9viter le courant qu&rsquo;il suffit de s&rsquo;assurer que vous plongez avec quelqu&rsquo;un qui sait o\u00f9 c&rsquo;est! Si son courant et un d\u00e9fi vous cherchez puis il sera notre plaisir de vous aider \u00e0 poursuivre ce. Il ne prend pas beaucoup de parler de notre \u00e9quipage en sautant dans les courants plus pompage et se lever pr\u00e8s et personnel avec les grandes choses. Gris de r\u00e9cif, requins pointes blanches et noires sont en abondance et toujours l&rsquo;amour de s&rsquo;asseoir au froid dehors dans le flux actuel des sites de plong\u00e9e comme \u00abCastle Rock\u00bb, \u00abCristal Rock\u00bb et \u00abThe Chauldron\u00bb. On trouve beaucoup de Manta et raies Mobula dans les endroits comme \u00ab Makassar Reef \u00bb ou \u00ab Mawan \u00bb et vous ne savez jamais ce qui peut appara\u00eetre \u00e0 la plupart des sites de plong\u00e9e extr\u00eame comme \u00abBatu Tiga \u00bb \u00abBonsai\u00bb ou \u00abPolice Corner\u00bb. Le Parc National de Komodo couvre une vaste zone et nous attendons ici pour vous \u00e0 sauter dedans et explorer avec nous. Tous les sites de plong\u00e9e sont situ\u00e9s dans un voyage de bateau de 2 heures sur notre bateau de jour en bois rapide mais spacieuses et sont juste \u00e0 votre porte si vous choisissez une de nos nombreuses options de croisi\u00e8re. Toutefois, vous souhaitiez explorer le parc ici au centre de plong\u00e9e Komodo avec ai une solution pour vous.<\/p>\n<\/div><\/div><div class=\"fusion-fullwidth fullwidth-box fusion-parallax-none\" style=\"border-color:#eae9e9;border-bottom-width: 0px;border-top-width: 0px;border-bottom-style: solid;border-top-style: solid;padding-bottom:45px;padding-left:0px;padding-right:0px;padding-top:20px;background-color:#f0f0ed;background-position:left top;background-repeat:no-repeat;-webkit-background-size:cover;-moz-background-size:cover;-o-background-size:cover;background-size:cover;\"><div class=\"fusion-row\"><h1 style=\"text-align: center;\">GALERIE<\/h1>\n<div class=\"fusion-sep-clear\"><\/div><div class=\"fusion-separator sep-single\" style=\"border-color:#000000;border-top-width:1px;margin-left: auto;margin-right: auto;margin-top:px;margin-bottom:40px;width:100%;max-width:170px;\"><\/div><div class=\"fusion-one-sixth fusion-layout-column fusion-spacing-yes\" style=\"margin-top:0px;margin-bottom:20px;\"><div class=\"fusion-column-wrapper\"><\/div><\/div><div class=\"fusion-two-third fusion-layout-column fusion-spacing-yes\" style=\"margin-top:0px;margin-bottom:20px;\"><div class=\"fusion-column-wrapper\"><h3 style=\"text-align: center;\">Parcourez <strong><a href=\"https:\/\/www.komododivecenter.com\/fr\/galerie\">notre galerie<\/a><\/strong> pour avoir un avant-go\u00fbt de l&rsquo;incroyable biodiversit\u00e9 dans le Parc National de Komodo. Nous proposons \u00e9galement des ateliers de <strong><a href=\"https:\/\/www.komododivecenter.com\/fr\/photographie-sous-marine\/\">photographie sous-marine<\/a><\/strong>!<\/h3>\n<\/div><\/div><div class=\"fusion-one-sixth fusion-layout-column fusion-column-last fusion-spacing-yes\" style=\"margin-top:0px;margin-bottom:20px;\"><div class=\"fusion-column-wrapper\"><\/div><\/div><div class=\"fusion-clearfix\"><\/div><div class=\"fusion-sep-clear\"><\/div><div class=\"fusion-separator fusion-full-width-sep sep-none\" style=\"border-color:#e0dede;margin-left: auto;margin-right: auto;margin-top:20px;width:100%;max-width:100%;\"><\/div><div class=\"fusion-image-carousel lightbox-enabled\"><div class=\"fusion-carousel\" data-autoplay=\"yes\" data-columns=\"5\" data-itemmargin=\"13\" data-itemwidth=\"180\" data-touchscroll=\"no\" data-imagesize=\"fixed\"><div class=\"fusion-carousel-positioner\"><ul class=\"fusion-carousel-holder\"><li class=\"fusion-carousel-item\"><div class=\"fusion-carousel-item-wrapper\"><div class=\"fusion-image-wrapper\"><a data-rel=\"iLightbox[gallery_image_1]\" data-title=\"Schildkr\u00f6te in Batu Bolong in Komodo\" href=\"https:\/\/www.komododivecenter.com\/wp-content\/uploads\/turtle-batu-bolong-komodo.jpg\" target=\"_self\"><img decoding=\"async\" src=\"https:\/\/www.komododivecenter.com\/wp-content\/uploads\/turtle-batu-bolong-komodo-300x200.jpg\" alt=\"Turtle at Batu Bolong\" \/><\/a><\/div><\/div><\/li><li class=\"fusion-carousel-item\"><div class=\"fusion-carousel-item-wrapper\"><div class=\"fusion-image-wrapper\"><a data-rel=\"iLightbox[gallery_image_1]\" data-caption=\"Dive Site &quot;The Cauldron&quot;\" data-title=\"Dive Site &quot;The Cauldron&quot; in Komodo\" href=\"https:\/\/www.komododivecenter.com\/wp-content\/uploads\/the-cauldron-komodo.jpg\" target=\"_self\"><img decoding=\"async\" src=\"https:\/\/www.komododivecenter.com\/wp-content\/uploads\/the-cauldron-komodo-300x200.jpg\" alt=\"\" \/><\/a><\/div><\/div><\/li><li class=\"fusion-carousel-item\"><div class=\"fusion-carousel-item-wrapper\"><div class=\"fusion-image-wrapper\"><a data-rel=\"iLightbox[gallery_image_1]\" data-title=\"Tauchplatz &quot;Tatawa Kecil&quot; in Komodo\" href=\"https:\/\/www.komododivecenter.com\/wp-content\/uploads\/tatawa-kecil-komodo.jpg\" target=\"_self\"><img decoding=\"async\" src=\"https:\/\/www.komododivecenter.com\/wp-content\/uploads\/tatawa-kecil-komodo-300x200.jpg\" alt=\"Tauchplatz \"Tatawa Kecil\" in Komodo\" \/><\/a><\/div><\/div><\/li><li class=\"fusion-carousel-item\"><div class=\"fusion-carousel-item-wrapper\"><div class=\"fusion-image-wrapper\"><a data-rel=\"iLightbox[gallery_image_1]\" data-caption=\"Surgeonfish in Komodo\" data-title=\"Surgeonfish in Komodo\" href=\"https:\/\/www.komododivecenter.com\/wp-content\/uploads\/surgeon-fish-komodo.jpg\" target=\"_self\"><img decoding=\"async\" src=\"https:\/\/www.komododivecenter.com\/wp-content\/uploads\/surgeon-fish-komodo-300x200.jpg\" alt=\"Surgeonfish in Komodo\" \/><\/a><\/div><\/div><\/li><li class=\"fusion-carousel-item\"><div class=\"fusion-carousel-item-wrapper\"><div class=\"fusion-image-wrapper\"><a data-rel=\"iLightbox[gallery_image_1]\" data-caption=\"Squat Lobster in Komodo\" data-title=\"Squat Lobster in Komodo\" href=\"https:\/\/www.komododivecenter.com\/wp-content\/uploads\/squat-lobster-komodo.jpg\" target=\"_self\"><img decoding=\"async\" src=\"https:\/\/www.komododivecenter.com\/wp-content\/uploads\/squat-lobster-komodo-300x200.jpg\" alt=\"Squat Lobster\" \/><\/a><\/div><\/div><\/li><li class=\"fusion-carousel-item\"><div class=\"fusion-carousel-item-wrapper\"><div class=\"fusion-image-wrapper\"><a data-rel=\"iLightbox[gallery_image_1]\" data-title=\"Nacktkiemer in Komodo\" href=\"https:\/\/www.komododivecenter.com\/wp-content\/uploads\/nudibranch-komodo.jpg\" target=\"_self\"><img decoding=\"async\" src=\"https:\/\/www.komododivecenter.com\/wp-content\/uploads\/nudibranch-komodo-300x200.jpg\" alt=\"Nudibranch\" \/><\/a><\/div><\/div><\/li><li class=\"fusion-carousel-item\"><div class=\"fusion-carousel-item-wrapper\"><div class=\"fusion-image-wrapper\"><a data-rel=\"iLightbox[gallery_image_1]\" data-caption=\"Manta train at Dive Site &quot;Manta Point&quot;\" data-title=\"Manta train at Manta Point in Komodo\" href=\"https:\/\/www.komododivecenter.com\/wp-content\/uploads\/manta-train-komodo.jpg\" target=\"_self\"><img decoding=\"async\" src=\"https:\/\/www.komododivecenter.com\/wp-content\/uploads\/manta-train-komodo-300x200.jpg\" alt=\"Manta rays at Dive Site Manta Point\" \/><\/a><\/div><\/div><\/li><li class=\"fusion-carousel-item\"><div class=\"fusion-carousel-item-wrapper\"><div class=\"fusion-image-wrapper\"><a data-rel=\"iLightbox[gallery_image_1]\" data-caption=\"Dive Site &quot;Karang Makassar&quot; aka Manta Point\" data-title=\"Dive Site &quot;Karang Makassar&quot; in Komodo\" href=\"https:\/\/www.komododivecenter.com\/wp-content\/uploads\/manta-point-komodo-diver.jpg\" target=\"_self\"><img decoding=\"async\" src=\"https:\/\/www.komododivecenter.com\/wp-content\/uploads\/manta-point-komodo-diver-300x200.jpg\" alt=\"\" \/><\/a><\/div><\/div><\/li><li class=\"fusion-carousel-item\"><div class=\"fusion-carousel-item-wrapper\"><div class=\"fusion-image-wrapper\"><a data-rel=\"iLightbox[gallery_image_1]\" data-title=\"Tauchplatz &quot;Golden Passage&quot; in Komodo\" href=\"https:\/\/www.komododivecenter.com\/wp-content\/uploads\/golden-passage-komodo.jpg\" target=\"_self\"><img decoding=\"async\" src=\"https:\/\/www.komododivecenter.com\/wp-content\/uploads\/golden-passage-komodo-300x200.jpg\" alt=\"Tauchplatz \"Golden Passage\" in Komodo\" \/><\/a><\/div><\/div><\/li><li class=\"fusion-carousel-item\"><div class=\"fusion-carousel-item-wrapper\"><div class=\"fusion-image-wrapper\"><a data-rel=\"iLightbox[gallery_image_1]\" data-caption=\"Dive Site &quot;Cannibal Rock&quot; in Komodo\" data-title=\"Dive Site Cannibal Rock in Komodo\" href=\"https:\/\/www.komododivecenter.com\/wp-content\/uploads\/cannibal-rock-komodo-diver.jpg\" target=\"_self\"><img decoding=\"async\" src=\"https:\/\/www.komododivecenter.com\/wp-content\/uploads\/cannibal-rock-komodo-diver-300x200.jpg\" alt=\"Dive Site Cannibal Rock in Komodo\" \/><\/a><\/div><\/div><\/li><\/ul><div class=\"fusion-carousel-nav\"><span class=\"fusion-nav-prev\"><\/span><span class=\"fusion-nav-next\"><\/span><\/div><\/div><\/div><\/div><\/div><\/div><div class=\"fusion-fullwidth fullwidth-box fusion-parallax-none contact-us mobile-center\" style=\"border-color:#eae9e9;border-bottom-width: 0px;border-top-width: 0px;border-bottom-style: solid;border-top-style: solid;padding-bottom:20px;padding-left:0px;padding-right:0px;padding-top:40px;background-position:left top;background-repeat:no-repeat;-webkit-background-size:cover;-moz-background-size:cover;-o-background-size:cover;background-size:cover;\"><div class=\"fusion-row\"><div class=\"fusion-sep-clear\"><\/div><div class=\"fusion-separator fusion-full-width-sep sep-none\" style=\"border-color:#e0dede;margin-left: auto;margin-right: auto;margin-top:px;\"><\/div><div class=\"fusion-one-half fusion-layout-column fusion-spacing-yes decrease-lineheight\" style=\"margin-top:0px;margin-bottom:20px;\"><div class=\"fusion-column-wrapper\"><div class=\"fusion-title title\"><h3 class=\"title-heading-left\">\n<p style=\"text-align: center;\"><strong><a href=\"https:\/\/www.komododivecenter.com\/fr\/contact\/\">Contactez-nous<\/a><\/strong> ou utilisez le formulaire ci-dessous:<\/p>\n<\/h3><div class=\"title-sep-container\"><div class=\"title-sep sep-none\"><\/div><\/div><\/div>\n<div class=\"wpcf7 no-js\" id=\"wpcf7-f239-o1\" lang=\"en-US\" dir=\"ltr\">\n<div class=\"screen-reader-response\"><p role=\"status\" aria-live=\"polite\" aria-atomic=\"true\"><\/p> <ul><\/ul><\/div>\n<form action=\"\/fr\/wp-json\/wp\/v2\/pages\/3099#wpcf7-f239-o1\" method=\"post\" class=\"wpcf7-form init\" aria-label=\"Contact form\" novalidate=\"novalidate\" data-status=\"init\">\n<div style=\"display: none;\">\n<input type=\"hidden\" name=\"_wpcf7\" value=\"239\" \/>\n<input type=\"hidden\" name=\"_wpcf7_version\" value=\"5.9.5\" \/>\n<input type=\"hidden\" name=\"_wpcf7_locale\" value=\"en_US\" \/>\n<input type=\"hidden\" name=\"_wpcf7_unit_tag\" value=\"wpcf7-f239-o1\" \/>\n<input type=\"hidden\" name=\"_wpcf7_container_post\" value=\"0\" \/>\n<input type=\"hidden\" name=\"_wpcf7_posted_data_hash\" value=\"\" \/>\n<\/div>\n<p>Your Name (required)\n<\/p>\n<p><span class=\"wpcf7-form-control-wrap\" data-name=\"your-name\"><input size=\"40\" class=\"wpcf7-form-control wpcf7-text wpcf7-validates-as-required\" aria-required=\"true\" aria-invalid=\"false\" value=\"\" type=\"text\" name=\"your-name\" \/><\/span>\n<\/p>\n<p>Your Email (required)\n<\/p>\n<p><span class=\"wpcf7-form-control-wrap\" data-name=\"your-email\"><input size=\"40\" class=\"wpcf7-form-control wpcf7-email wpcf7-validates-as-required wpcf7-text wpcf7-validates-as-email\" aria-required=\"true\" aria-invalid=\"false\" value=\"\" type=\"email\" name=\"your-email\" \/><\/span>\n<\/p>\n<p>Subject\n<\/p>\n<p><span class=\"wpcf7-form-control-wrap\" data-name=\"your-subject\"><input size=\"40\" class=\"wpcf7-form-control wpcf7-text\" aria-invalid=\"false\" value=\"\" type=\"text\" name=\"your-subject\" \/><\/span>\n<\/p>\n<p>Your Message\n<\/p>\n<p><span class=\"wpcf7-form-control-wrap\" data-name=\"your-message\"><textarea cols=\"40\" rows=\"10\" class=\"wpcf7-form-control wpcf7-textarea\" aria-invalid=\"false\" name=\"your-message\"><\/textarea><\/span>\n<\/p>\n<p>[recaptcha]\n<\/p>\n<p style=\"margin-top: 10px;\"><input class=\"wpcf7-form-control wpcf7-submit has-spinner learn-more-btn\" type=\"submit\" value=\"Send\" \/>\n<\/p><div class=\"wpcf7-response-output\" aria-hidden=\"true\"><\/div>\n<\/form>\n<\/div>\n\n<\/div><\/div><div class=\"fusion-one-half fusion-layout-column fusion-column-last fusion-spacing-yes decrease-lineheight\" style=\"margin-top:0px;margin-bottom:20px;\"><div class=\"fusion-column-wrapper\"><div class=\"fusion-title title\"><h3 class=\"title-heading-left\">\n<p style=\"text-align: center;\">Carte des <strong><a href=\"https:\/\/www.komododivecenter.com\/diving\/dive-sites\/\">sites de plong\u00e9e<\/a><\/strong> \u00e0 Komodo:<\/p>\n<\/h3><div class=\"title-sep-container\"><div class=\"title-sep sep-none\"><\/div><\/div><\/div><span class=\"fusion-imageframe imageframe-none imageframe-1 imgfull-mobile\"><a href=\"https:\/\/www.komododivecenter.com\/diving\/dive-sites\/\" target=\"_self\"> <img decoding=\"async\" alt=\"Komodo Dive Map\" src=\"https:\/\/www.komododivecenter.com\/wp-content\/uploads\/Komodo-Dive-Map-562x393.jpg\" class=\"img-responsive\"\/><\/a><\/span><\/div><\/div><div class=\"fusion-clearfix\"><\/div><\/div><\/div>\n","protected":false},"excerpt":{"rendered":"","protected":false},"author":2,"featured_media":0,"parent":0,"menu_order":0,"comment_status":"open","ping_status":"closed","template":"100-width.php","meta":{"_acf_changed":false,"footnotes":""},"class_list":["post-3099","page","type-page","status-publish","hentry"],"acf":[],"_links":{"self":[{"href":"https:\/\/www.komododivecenter.com\/fr\/wp-json\/wp\/v2\/pages\/3099","targetHints":{"allow":["GET"]}}],"collection":[{"href":"https:\/\/www.komododivecenter.com\/fr\/wp-json\/wp\/v2\/pages"}],"about":[{"href":"https:\/\/www.komododivecenter.com\/fr\/wp-json\/wp\/v2\/types\/page"}],"author":[{"embeddable":true,"href":"https:\/\/www.komododivecenter.com\/fr\/wp-json\/wp\/v2\/users\/2"}],"replies":[{"embeddable":true,"href":"https:\/\/www.komododivecenter.com\/fr\/wp-json\/wp\/v2\/comments?post=3099"}],"version-history":[{"count":0,"href":"https:\/\/www.komododivecenter.com\/fr\/wp-json\/wp\/v2\/pages\/3099\/revisions"}],"wp:attachment":[{"href":"https:\/\/www.komododivecenter.com\/fr\/wp-json\/wp\/v2\/media?parent=3099"}],"curies":[{"name":"wp","href":"https:\/\/api.w.org\/{rel}","templated":true}]}}