{"id":3105,"date":"2015-05-19T06:14:20","date_gmt":"2015-05-18T22:14:20","guid":{"rendered":"http:\/\/www.komododivecenter.com\/plongee\/day-trips\/"},"modified":"2018-06-20T16:01:13","modified_gmt":"2018-06-20T08:01:13","slug":"excursions-quotidiennes","status":"publish","type":"page","link":"https:\/\/www.komododivecenter.com\/fr\/plongee\/excursions-quotidiennes\/","title":{"rendered":"L\u00b4Excursions de Plong\u00e9e quotidiennes"},"content":{"rendered":"<div class=\"fusion-fullwidth fullwidth-box fusion-parallax-none center-mobile flex-row\" style=\"border-color:#eae9e9;border-bottom-width: 0px;border-top-width: 0px;border-bottom-style: solid;border-top-style: solid;padding-bottom:20px;padding-left:0px;padding-right:0px;padding-top:20px;background-position:left top;background-repeat:no-repeat;-webkit-background-size:cover;-moz-background-size:cover;-o-background-size:cover;background-size:cover;\"><div class=\"fusion-row\"><div class=\"fusion-one-third one_third fusion-layout-column fusion-spacing-yes\" style=\"margin-top:0px;margin-bottom:20px;\"><div class=\"fusion-column-wrapper\" style=\"background:url(https:\/\/www.komododivecenter.com\/wp-content\/uploads\/day-boat-540x272.jpg) left top no-repeat ;-webkit-background-size:cover;-moz-background-size:cover;-o-background-size:cover;background-size:cover;\" data-bg-url=\"https:\/\/www.komododivecenter.com\/wp-content\/uploads\/day-boat-540x272.jpg\"><\/div><\/div><div class=\"fusion-two-third fusion-layout-column fusion-column-last fusion-spacing-yes nomargin-heading decrease-lineheight\" style=\"margin-top:0px;margin-bottom:20px;\"><div class=\"fusion-column-wrapper\"><div class=\"fusion-title title\"><h1 class=\"title-heading-left\">L\u00b4excursions quotidiennes<br \/>\n<\/h1><div class=\"title-sep-container\"><div class=\"title-sep sep-none\"><\/div><\/div><\/div><h2>\u2014 Plonger \u00e0 Komodo<\/h2>\n<\/div><\/div><div class=\"fusion-clearfix\"><\/div><h2>Komodo Dive Center propose des excursions quotidiennes de plong\u00e9e dans le c\u00e9l\u00e8bre Parc National de Komodo, situ\u00e9 \u00e0 Flores en Indon\u00e9sie. Nos guides de plong\u00e9e locaux et occidentaux sont de premier ordre en professionnalisme et en plaisir, form\u00e9s dans la r\u00e9gion sans doute mieux plong\u00e9e en Asie du sud-est.<\/h2>\n<div class=\"fusion-one-third one_third fusion-layout-column fusion-spacing-yes flex-col imgfull-mobile imgheight-mobile\" style=\"margin-top:0px;margin-bottom:20px;\"><div class=\"fusion-column-wrapper\"><span class=\"fusion-imageframe imageframe-none imageframe-1\"> <img decoding=\"async\" src=\"https:\/\/www.komododivecenter.com\/wp-content\/uploads\/day-boat-equipment-tanks-683x1024.jpg\" alt=\"Diving Equipment and Tanks\" class=\"img-responsive\"\/><\/span><\/div><\/div><div class=\"fusion-two-third fusion-layout-column fusion-column-last fusion-spacing-yes flex-col\" style=\"margin-top:0px;margin-bottom:20px;\"><div class=\"fusion-column-wrapper\"><p><span class=\"fusion-dropcap dropcap\" style=\"color:#1a80b6;\">N<\/span>otre bateau traditionnel en bois est dans une classe propre. Banquettes matelass\u00e9es, poufs, meubles en bois de teck, encadrements bois, toilettes occidentales, centrales \u00e9lectriques et une plate-forme de plong\u00e9e \u00e9quip\u00e9e avec tout le confort standard pour les plongeurs. Si vous voulez avoir une journ\u00e9e de d\u00e9tente de la plong\u00e9e sous-marine ou en apn\u00e9e, ou si vous voulez juste de sortir et de voir les \u00eeles tout en vous bronzer sur le pont sup\u00e9rieur spacieux, c&rsquo;est le bateau pour vous.<\/p>\n<p>Dans les deux heures nous pouvons rejoindre tous les meilleurs sites dans le National Park, comme le Batu Bolong, Castle Rock, Lighthouse, Three Sisters et Manta Point. Bien s\u00fbr il y a plein d\u00b4autres incroyables sites ou nous plongeons r\u00e9guli\u00e8rement.<\/p>\n<p>Nous sortons tous les jours et nous essayons de couvrir au moins douze diff\u00e8rent sites dans un cycle de quatre jours et recevoir 10-12 plongeurs par jour. Equip\u00e9 avec un moteur diesel six-cylindre Mitsubishi, cela rend l\u00b4excursion rapide et silencieuse. C\u00b4est pourquoi nous pouvons facilement organiser trois plong\u00e9es par jour et malgr\u00e9 tout \u00eatre rentr\u00e9 pour le couch\u00e9 de soleil.<\/p>\n<p>Nous partons tous les matins <strong>\u00e0 7:30<\/strong> et rentrons vers 17:00 \u00e0 Labuan Bajo. Plonger ici \u00e0 Komodo est d\u00e9finitivement une exp\u00e9rience fantastique, parce que vous plongerez dans des courants et des passes, nous vous garantissons des rencontres avec des gros poissons!<\/p>\n<\/div><\/div><div class=\"fusion-clearfix\"><\/div><p>Nous <strong>r\u00e9partirons les groupes<\/strong> en fonction de leur exp\u00e9rience. Aussi, nous ne prenons jamais plus de <strong>trois plongeurs avec un guide<\/strong>.<br \/>\nL`\u00e9quipe de KDC prends la s\u00e9curit\u00e9 tr\u00e8s au s\u00e9rieux, sp\u00e9cialement \u00e0 Komodo ou les courants peuvent \u00eatre un challenge de temps en temps. Nos guides connaissent exactement entr\u00e9e et point de d\u00e9rive chaque individuel site de plong\u00e9e. Votre s\u00e9curit\u00e9 est de notre plus grand int\u00e9r\u00eat!<\/p>\n<div class=\"fusion-image-carousel lightbox-enabled\"><div class=\"fusion-carousel\" data-autoplay=\"yes\" data-columns=\"3\" data-itemmargin=\"13\" data-itemwidth=\"180\" data-touchscroll=\"no\" data-imagesize=\"fixed\"><div class=\"fusion-carousel-positioner\"><ul class=\"fusion-carousel-holder\"><li class=\"fusion-carousel-item\"><div class=\"fusion-carousel-item-wrapper\"><div class=\"fusion-image-wrapper\"><a data-rel=\"iLightbox[gallery_image_1]\" data-caption=\"Dining Area on our Day Boat\" data-title=\"Diving Day Boat Dining Area\" href=\"https:\/\/www.komododivecenter.com\/wp-content\/uploads\/day-boat-dining-area.jpg\" target=\"_self\"><img decoding=\"async\" src=\"https:\/\/www.komododivecenter.com\/wp-content\/uploads\/day-boat-dining-area-500x383.jpg\" alt=\"Dining Area Day Boat\" \/><\/a><\/div><\/div><\/li><li class=\"fusion-carousel-item\"><div class=\"fusion-carousel-item-wrapper\"><div class=\"fusion-image-wrapper\"><a data-rel=\"iLightbox[gallery_image_1]\" data-caption=\"Dive Briefing on our Day Boat\" data-title=\"Dive Briefing on our Day Boat\" href=\"https:\/\/www.komododivecenter.com\/wp-content\/uploads\/day-boat-dive-briefing.jpg\" target=\"_self\"><img decoding=\"async\" src=\"https:\/\/www.komododivecenter.com\/wp-content\/uploads\/day-boat-dive-briefing-500x383.jpg\" alt=\"Dive Briefing on our Day Boat\" \/><\/a><\/div><\/div><\/li><li class=\"fusion-carousel-item\"><div class=\"fusion-carousel-item-wrapper\"><div class=\"fusion-image-wrapper\"><a data-rel=\"iLightbox[gallery_image_1]\" data-caption=\"Diving Boat for Day Trips\" data-title=\"Diving Day Trips Boat\" href=\"https:\/\/www.komododivecenter.com\/wp-content\/uploads\/day-boat-dining-area-guests.jpg\" target=\"_self\"><img decoding=\"async\" src=\"https:\/\/www.komododivecenter.com\/wp-content\/uploads\/day-boat-dining-area-guests-500x383.jpg\" alt=\"Day Trips Dive Boat\" \/><\/a><\/div><\/div><\/li><li class=\"fusion-carousel-item\"><div class=\"fusion-carousel-item-wrapper\"><div class=\"fusion-image-wrapper\"><a data-rel=\"iLightbox[gallery_image_1]\" data-caption=\"Sun Deck of our Day Trips Dive Boat\" data-title=\"Customers on deck of our diving day boat\" href=\"https:\/\/www.komododivecenter.com\/wp-content\/uploads\/day-boat-customers-deck.jpg\" target=\"_self\"><img decoding=\"async\" src=\"https:\/\/www.komododivecenter.com\/wp-content\/uploads\/day-boat-customers-deck-500x383.jpg\" alt=\"Sun Deck of our Day Trips Dive Boat\" \/><\/a><\/div><\/div><\/li><li class=\"fusion-carousel-item\"><div class=\"fusion-carousel-item-wrapper\"><div class=\"fusion-image-wrapper\"><a data-rel=\"iLightbox[gallery_image_1]\" data-title=\"Tagesboot Tauchen Ausr\u00fcstung\" href=\"https:\/\/www.komododivecenter.com\/wp-content\/uploads\/day-boat-diving-tanks-equipment.jpg\" target=\"_self\"><img decoding=\"async\" src=\"https:\/\/www.komododivecenter.com\/wp-content\/uploads\/day-boat-diving-tanks-equipment-500x383.jpg\" alt=\"Diving Equipment Area Day Boat\" \/><\/a><\/div><\/div><\/li><li class=\"fusion-carousel-item\"><div class=\"fusion-carousel-item-wrapper\"><div class=\"fusion-image-wrapper\"><a data-rel=\"iLightbox[gallery_image_1]\" data-caption=\"Jump!\" data-title=\"Jump off our Day Trips Boat\" href=\"https:\/\/www.komododivecenter.com\/wp-content\/uploads\/day-boat-jump.jpg\" target=\"_self\"><img decoding=\"async\" src=\"https:\/\/www.komododivecenter.com\/wp-content\/uploads\/day-boat-jump-500x383.jpg\" alt=\"Jump off our Day Trips Dive Boat\" \/><\/a><\/div><\/div><\/li><\/ul><div class=\"fusion-carousel-nav\"><span class=\"fusion-nav-prev\"><\/span><span class=\"fusion-nav-next\"><\/span><\/div><\/div><\/div><\/div><div class=\"fusion-one-half fusion-layout-column fusion-spacing-yes\" style=\"margin-top:0px;margin-bottom:20px;\"><div class=\"fusion-column-wrapper\"><h3>Rapide regard sur les facilit\u00e9s du bateau:<\/h3>\n<ul>\n<li>Lounge area<\/li>\n<li>Deck de plong\u00e9e s\u00e9par\u00e9e<\/li>\n<li>Sofas, poufs et chill-out pont en bois<\/li>\n<li>Electricit\u00e9 pour charger cameras, lap tops, etc\u2026<\/li>\n<li>Toilette europ\u00e9en<\/li>\n<li>D\u00e9jeuner en provenance du restaurant italien, La Cucina!<\/li>\n<li>Gilets de sauvetage, GPS, Radio nautique, DAN O2 Kit\u2026<\/li>\n<\/ul>\n<\/div><\/div><div class=\"fusion-one-half fusion-layout-column fusion-column-last fusion-spacing-yes\" style=\"margin-top:0px;margin-bottom:20px;\"><div class=\"fusion-column-wrapper\"><h3>Prix<\/h3>\n<p>Excursion un jour dans le Komodo National Park, trois sites de plong\u00e9e: <strong>1.650.00 IDR par pax\/jour<\/strong> compris guide priv\u00e9 (max ration 3:1), \u00e9quipement de plong\u00e9e, petit d\u00e9jeuner, d\u00e9jeuner, taxe de port, snacks et une belle journ\u00e9e de plong\u00e9e.<\/p>\n<p><strong>L\u00b4entr\u00e9e de Komodo National Park<\/strong> sera \u00e0 payer s\u00e9par\u00e9ment:<br \/>\nJour de semaine 175.000 IDR<br \/>\nDimanche et f\u00eates l\u00e9gales 250.000 IDR<\/p>\n<\/div><\/div><div class=\"fusion-clearfix\"><\/div><div class=\"fusion-one-half fusion-layout-column fusion-spacing-yes youtube-vid\" style=\"margin-top:0px;margin-bottom:20px;\"><div class=\"fusion-column-wrapper\"><h2>Boat Teaser<\/h2>\n<div class=\"fusion-video fusion-youtube\" style=\"max-width:600px;max-height:350px;\"><div class=\"video-shortcode\"><iframe loading=\"lazy\" title=\"YouTube video player\" src=\"https:\/\/www.youtube.com\/embed\/8FxSr3nfV50?wmode=transparent\" width=\"600\" height=\"350\" frameborder=\"0\" allowfullscreen><\/iframe><\/div><\/div>\n<\/div><\/div><div class=\"fusion-one-half fusion-layout-column fusion-column-last fusion-spacing-yes dragon-treking\" style=\"margin-top:0px;margin-bottom:20px;\"><div class=\"fusion-column-wrapper\"><h2>Dragon Trekking<\/h2>\n<p>Si vous voulez voir les grands <strong>Komodo dragons<\/strong>, nous pouvons aussi arranger cela.<\/p>\n<p>Normalement de fois par semaine nous sortons pour deux plong\u00e9es de matin et un \u00abDragon Trekking\u00bb dans l\u00b4apr\u00e8s-midi.<\/p>\n<p>Nous offrons aussi une grande vari\u00e9t\u00e9 d\u00b4autre activit\u00e9s. Le prix d\u00e9pendra du nombre de personnes et ou vous voulez aller exactement :)<\/p>\n<\/div><\/div><div class=\"fusion-clearfix\"><\/div><div class=\"fusion-one-half fusion-layout-column fusion-spacing-yes\" style=\"margin-top:0px;margin-bottom:20px;\"><div class=\"fusion-column-wrapper\"><h2>R\u00e9servations<\/h2>\n<p>Si vous voulez r\u00e9server avec nous, nous aurons besoin de quelques informations vous concernant.<\/p>\n<ul>\n<li>Nom COMPLET<\/li>\n<li>Nationalit\u00e9 et num\u00e9ro de passeport<\/li>\n<li>Date et heure d\u00b4arriv\u00e9 (num\u00e9ro de vol)<\/li>\n<li>Certificat niveau et nombre de plong\u00e9es<\/li>\n<li>R\u00e9gime alimentaire sp\u00e9cial?<\/li>\n<\/ul>\n<p>Pour future information et assistance n\u00b4h\u00e9sitez-pas \u00e0 <strong><a href=\"https:\/\/www.komododivecenter.com\/fr\/contact\/\">nous contacter<\/a><\/strong>.<\/p>\n<\/div><\/div><div class=\"fusion-one-half fusion-layout-column fusion-column-last fusion-spacing-yes contact-us stay-left\" style=\"margin-top:0px;margin-bottom:20px;\"><div class=\"fusion-column-wrapper\"><h2>Contact formulaire<\/h2>\n\n<div class=\"wpcf7 no-js\" id=\"wpcf7-f239-o1\" lang=\"en-US\" dir=\"ltr\">\n<div class=\"screen-reader-response\"><p role=\"status\" aria-live=\"polite\" aria-atomic=\"true\"><\/p> <ul><\/ul><\/div>\n<form action=\"\/fr\/wp-json\/wp\/v2\/pages\/3105#wpcf7-f239-o1\" method=\"post\" class=\"wpcf7-form init\" aria-label=\"Contact form\" novalidate=\"novalidate\" data-status=\"init\">\n<div style=\"display: none;\">\n<input type=\"hidden\" name=\"_wpcf7\" value=\"239\" \/>\n<input type=\"hidden\" name=\"_wpcf7_version\" value=\"5.9.5\" \/>\n<input type=\"hidden\" name=\"_wpcf7_locale\" value=\"en_US\" \/>\n<input type=\"hidden\" name=\"_wpcf7_unit_tag\" value=\"wpcf7-f239-o1\" \/>\n<input type=\"hidden\" name=\"_wpcf7_container_post\" value=\"0\" \/>\n<input type=\"hidden\" name=\"_wpcf7_posted_data_hash\" value=\"\" \/>\n<\/div>\n<p>Your Name (required)\n<\/p>\n<p><span class=\"wpcf7-form-control-wrap\" data-name=\"your-name\"><input size=\"40\" class=\"wpcf7-form-control wpcf7-text wpcf7-validates-as-required\" aria-required=\"true\" aria-invalid=\"false\" value=\"\" type=\"text\" name=\"your-name\" \/><\/span>\n<\/p>\n<p>Your Email (required)\n<\/p>\n<p><span class=\"wpcf7-form-control-wrap\" data-name=\"your-email\"><input size=\"40\" class=\"wpcf7-form-control wpcf7-email wpcf7-validates-as-required wpcf7-text wpcf7-validates-as-email\" aria-required=\"true\" aria-invalid=\"false\" value=\"\" type=\"email\" name=\"your-email\" \/><\/span>\n<\/p>\n<p>Subject\n<\/p>\n<p><span class=\"wpcf7-form-control-wrap\" data-name=\"your-subject\"><input size=\"40\" class=\"wpcf7-form-control wpcf7-text\" aria-invalid=\"false\" value=\"\" type=\"text\" name=\"your-subject\" \/><\/span>\n<\/p>\n<p>Your Message\n<\/p>\n<p><span class=\"wpcf7-form-control-wrap\" data-name=\"your-message\"><textarea cols=\"40\" rows=\"10\" class=\"wpcf7-form-control wpcf7-textarea\" aria-invalid=\"false\" name=\"your-message\"><\/textarea><\/span>\n<\/p>\n<p>[recaptcha]\n<\/p>\n<p style=\"margin-top: 10px;\"><input class=\"wpcf7-form-control wpcf7-submit has-spinner learn-more-btn\" type=\"submit\" value=\"Send\" \/>\n<\/p><div class=\"wpcf7-response-output\" aria-hidden=\"true\"><\/div>\n<\/form>\n<\/div>\n\n<\/div><\/div><div class=\"fusion-clearfix\"><\/div><\/div><\/div><div class=\"fusion-fullwidth fullwidth-box fusion-parallax-none fusion-hide-on-mobile\" style=\"border-color:#eae9e9;border-bottom-width: 0px;border-top-width: 0px;border-bottom-style: solid;border-top-style: solid;padding-bottom:20px;padding-left:0px;padding-right:0px;padding-top:20px;background-position:left top;background-repeat:no-repeat;-webkit-background-size:cover;-moz-background-size:cover;-o-background-size:cover;background-size:cover;\"><div class=\"fusion-row\"><h2>Photos de plong\u00e9e<\/h2>\n<p>Voici un petit aper\u00e7u de ce qui vous attend sous l&rsquo;eau dans le Parc National de Komodo. Pour plus de photos, jetez un \u0153il <strong><a href=\"https:\/\/www.komododivecenter.com\/fr\/galerie\/\">\u00e0 notre galerie<\/a><\/strong>. Nous proposons \u00e9galement des ateliers de <a href=\"https:\/\/www.komododivecenter.com\/fr\/photographie-sous-marine\/\"><strong>photographie sous-marine<\/strong><\/a>!<\/p>\n<div class=\"fusion-sep-clear\"><\/div><div class=\"fusion-separator fusion-full-width-sep sep-none\" style=\"border-color:#e0dede;margin-left: auto;margin-right: auto;margin-top:20px;width:100%;max-width:100%;\"><\/div><div class=\"fusion-image-carousel lightbox-enabled\"><div class=\"fusion-carousel\" data-autoplay=\"yes\" data-columns=\"5\" data-itemmargin=\"13\" data-itemwidth=\"180\" data-touchscroll=\"no\" data-imagesize=\"fixed\"><div class=\"fusion-carousel-positioner\"><ul class=\"fusion-carousel-holder\"><li class=\"fusion-carousel-item\"><div class=\"fusion-carousel-item-wrapper\"><div class=\"fusion-image-wrapper\"><a data-rel=\"iLightbox[gallery_image_2]\" data-title=\"Schildkr\u00f6te in Batu Bolong in Komodo\" href=\"https:\/\/www.komododivecenter.com\/wp-content\/uploads\/turtle-batu-bolong-komodo.jpg\" target=\"_self\"><img decoding=\"async\" src=\"https:\/\/www.komododivecenter.com\/wp-content\/uploads\/turtle-batu-bolong-komodo-300x200.jpg\" alt=\"Turtle at Batu Bolong\" \/><\/a><\/div><\/div><\/li><li class=\"fusion-carousel-item\"><div class=\"fusion-carousel-item-wrapper\"><div class=\"fusion-image-wrapper\"><a data-rel=\"iLightbox[gallery_image_2]\" data-caption=\"Dive Site &quot;The Cauldron&quot;\" data-title=\"Dive Site &quot;The Cauldron&quot; in Komodo\" href=\"https:\/\/www.komododivecenter.com\/wp-content\/uploads\/the-cauldron-komodo.jpg\" target=\"_self\"><img decoding=\"async\" src=\"https:\/\/www.komododivecenter.com\/wp-content\/uploads\/the-cauldron-komodo-300x200.jpg\" alt=\"Dive Site The Cauldron\" \/><\/a><\/div><\/div><\/li><li class=\"fusion-carousel-item\"><div class=\"fusion-carousel-item-wrapper\"><div class=\"fusion-image-wrapper\"><a data-rel=\"iLightbox[gallery_image_2]\" data-title=\"Tauchplatz &quot;Tatawa Kecil&quot; in Komodo\" href=\"https:\/\/www.komododivecenter.com\/wp-content\/uploads\/tatawa-kecil-komodo.jpg\" target=\"_self\"><img decoding=\"async\" src=\"https:\/\/www.komododivecenter.com\/wp-content\/uploads\/tatawa-kecil-komodo-300x200.jpg\" alt=\"Dive Site Tatawa Kecil\" \/><\/a><\/div><\/div><\/li><li class=\"fusion-carousel-item\"><div class=\"fusion-carousel-item-wrapper\"><div class=\"fusion-image-wrapper\"><a data-rel=\"iLightbox[gallery_image_2]\" data-caption=\"Surgeonfish in Komodo\" data-title=\"Surgeonfish in Komodo\" href=\"https:\/\/www.komododivecenter.com\/wp-content\/uploads\/surgeon-fish-komodo.jpg\" target=\"_self\"><img decoding=\"async\" src=\"https:\/\/www.komododivecenter.com\/wp-content\/uploads\/surgeon-fish-komodo-300x200.jpg\" alt=\"Surgeonfish in Komodo\" \/><\/a><\/div><\/div><\/li><li class=\"fusion-carousel-item\"><div class=\"fusion-carousel-item-wrapper\"><div class=\"fusion-image-wrapper\"><a data-rel=\"iLightbox[gallery_image_2]\" data-caption=\"Squat Lobster in Komodo\" data-title=\"Squat Lobster in Komodo\" href=\"https:\/\/www.komododivecenter.com\/wp-content\/uploads\/squat-lobster-komodo.jpg\" target=\"_self\"><img decoding=\"async\" src=\"https:\/\/www.komododivecenter.com\/wp-content\/uploads\/squat-lobster-komodo-300x200.jpg\" alt=\"Squat Lobster\" \/><\/a><\/div><\/div><\/li><li class=\"fusion-carousel-item\"><div class=\"fusion-carousel-item-wrapper\"><div class=\"fusion-image-wrapper\"><a data-rel=\"iLightbox[gallery_image_2]\" data-title=\"Nacktkiemer in Komodo\" href=\"https:\/\/www.komododivecenter.com\/wp-content\/uploads\/nudibranch-komodo.jpg\" target=\"_self\"><img decoding=\"async\" src=\"https:\/\/www.komododivecenter.com\/wp-content\/uploads\/nudibranch-komodo-300x200.jpg\" alt=\"Nudibranch\" \/><\/a><\/div><\/div><\/li><li class=\"fusion-carousel-item\"><div class=\"fusion-carousel-item-wrapper\"><div class=\"fusion-image-wrapper\"><a data-rel=\"iLightbox[gallery_image_2]\" data-caption=\"Manta train at Dive Site &quot;Manta Point&quot;\" data-title=\"Manta train at Manta Point in Komodo\" href=\"https:\/\/www.komododivecenter.com\/wp-content\/uploads\/manta-train-komodo.jpg\" target=\"_self\"><img decoding=\"async\" src=\"https:\/\/www.komododivecenter.com\/wp-content\/uploads\/manta-train-komodo-300x200.jpg\" alt=\"Manta rays at Dive Site Manta Point\" \/><\/a><\/div><\/div><\/li><li class=\"fusion-carousel-item\"><div class=\"fusion-carousel-item-wrapper\"><div class=\"fusion-image-wrapper\"><a data-rel=\"iLightbox[gallery_image_2]\" data-caption=\"Dive Site &quot;Karang Makassar&quot; aka Manta Point\" data-title=\"Dive Site &quot;Karang Makassar&quot; in Komodo\" href=\"https:\/\/www.komododivecenter.com\/wp-content\/uploads\/manta-point-komodo-diver.jpg\" target=\"_self\"><img decoding=\"async\" src=\"https:\/\/www.komododivecenter.com\/wp-content\/uploads\/manta-point-komodo-diver-300x200.jpg\" alt=\"Dive Site Karang Makassar aka Manta Point\" \/><\/a><\/div><\/div><\/li><li class=\"fusion-carousel-item\"><div class=\"fusion-carousel-item-wrapper\"><div class=\"fusion-image-wrapper\"><a data-rel=\"iLightbox[gallery_image_2]\" data-title=\"Tauchplatz &quot;Golden Passage&quot; in Komodo\" href=\"https:\/\/www.komododivecenter.com\/wp-content\/uploads\/golden-passage-komodo.jpg\" target=\"_self\"><img decoding=\"async\" src=\"https:\/\/www.komododivecenter.com\/wp-content\/uploads\/golden-passage-komodo-300x200.jpg\" alt=\"Dive Site Golden Passage\" \/><\/a><\/div><\/div><\/li><li class=\"fusion-carousel-item\"><div class=\"fusion-carousel-item-wrapper\"><div class=\"fusion-image-wrapper\"><a data-rel=\"iLightbox[gallery_image_2]\" data-caption=\"Dive Site &quot;Cannibal Rock&quot; in Komodo\" data-title=\"Dive Site Cannibal Rock in Komodo\" href=\"https:\/\/www.komododivecenter.com\/wp-content\/uploads\/cannibal-rock-komodo-diver.jpg\" target=\"_self\"><img decoding=\"async\" src=\"https:\/\/www.komododivecenter.com\/wp-content\/uploads\/cannibal-rock-komodo-diver-300x200.jpg\" alt=\"Dive Site Cannibal Rock\" \/><\/a><\/div><\/div><\/li><\/ul><div class=\"fusion-carousel-nav\"><span class=\"fusion-nav-prev\"><\/span><span class=\"fusion-nav-next\"><\/span><\/div><\/div><\/div><\/div><\/div><\/div>\n","protected":false},"excerpt":{"rendered":"","protected":false},"author":2,"featured_media":0,"parent":3099,"menu_order":2,"comment_status":"open","ping_status":"closed","template":"","meta":{"_acf_changed":false,"footnotes":""},"class_list":["post-3105","page","type-page","status-publish","hentry"],"acf":[],"_links":{"self":[{"href":"https:\/\/www.komododivecenter.com\/fr\/wp-json\/wp\/v2\/pages\/3105","targetHints":{"allow":["GET"]}}],"collection":[{"href":"https:\/\/www.komododivecenter.com\/fr\/wp-json\/wp\/v2\/pages"}],"about":[{"href":"https:\/\/www.komododivecenter.com\/fr\/wp-json\/wp\/v2\/types\/page"}],"author":[{"embeddable":true,"href":"https:\/\/www.komododivecenter.com\/fr\/wp-json\/wp\/v2\/users\/2"}],"replies":[{"embeddable":true,"href":"https:\/\/www.komododivecenter.com\/fr\/wp-json\/wp\/v2\/comments?post=3105"}],"version-history":[{"count":0,"href":"https:\/\/www.komododivecenter.com\/fr\/wp-json\/wp\/v2\/pages\/3105\/revisions"}],"up":[{"embeddable":true,"href":"https:\/\/www.komododivecenter.com\/fr\/wp-json\/wp\/v2\/pages\/3099"}],"wp:attachment":[{"href":"https:\/\/www.komododivecenter.com\/fr\/wp-json\/wp\/v2\/media?parent=3105"}],"curies":[{"name":"wp","href":"https:\/\/api.w.org\/{rel}","templated":true}]}}