{"id":3112,"date":"2015-05-19T06:16:24","date_gmt":"2015-05-18T22:16:24","guid":{"rendered":"http:\/\/www.komododivecenter.com\/plongee\/padi-courses\/"},"modified":"2018-06-11T10:58:07","modified_gmt":"2018-06-11T02:58:07","slug":"padi-cours","status":"publish","type":"page","link":"https:\/\/www.komododivecenter.com\/fr\/plongee\/padi-cours\/","title":{"rendered":"PADI COURS"},"content":{"rendered":"<div class=\"fusion-fullwidth fullwidth-box fusion-parallax-none\" style=\"border-color:#eae9e9;border-bottom-width: 0px;border-top-width: 0px;border-bottom-style: solid;border-top-style: solid;padding-bottom:20px;padding-left:0px;padding-right:0px;padding-top:20px;background-position:left top;background-repeat:no-repeat;-webkit-background-size:cover;-moz-background-size:cover;-o-background-size:cover;background-size:cover;\"><div class=\"fusion-row\"><div class=\"fusion-title title center-heading france\"><h1 class=\"title-heading-left\">PADI Cours<\/h1><div class=\"title-sep-container\"><div class=\"title-sep sep-none\"><\/div><\/div><\/div><p style=\"text-align: center;\">D\u00e9couvrez nos cours de plong\u00e9e et de commencer \u00e0 apprendre comment plonger aujourd&rsquo;hui.<br \/>\nNos instructeurs exp\u00e9riment\u00e9s vous donneront la meilleure exp\u00e9rience que vous pouvez avoir.<\/p>\n<div class=\"fusion-sep-clear\"><\/div><div class=\"fusion-separator fusion-full-width-sep sep-none\" style=\"border-color:#e0dede;margin-left: auto;margin-right: auto;margin-top:px;\"><\/div><div class=\"imageframe-align-center\"><span class=\"fusion-imageframe imageframe-none imageframe-1 courses-image\"> <img decoding=\"async\" src=\"https:\/\/www.komododivecenter.com\/wp-content\/uploads\/PADI-ladder.jpg\" alt=\"PADI Courses Ladder\" class=\"img-responsive\"\/><\/span><\/div><div class=\"accordian fusion-accordian\"><div class=\"panel-group\" id=\"accordion-3112-1\"><div class=\"fusion-panel panel-default\"><div class=\"panel-heading\"><h4 class=\"panel-title toggle\"><a data-toggle=\"collapse\" data-parent=\"#accordion-3112-1\" data-target=\"#9873afac4fc0a0949\" href=\"#9873afac4fc0a0949\"><i class=\"fa-fusion-box\"><\/i><div class=\"fusion-toggle-heading\">PADI Discover Scuba Diving<\/div><\/a><\/h4><\/div><div id=\"9873afac4fc0a0949\" class=\"panel-collapse collapse \"><div class=\"panel-body toggle-content\">Si vous n&rsquo;avez pas un certificat de plong\u00e9e, mais a voulu jeter un \u0153il et voir ce que propose le monde sous-marin du Parc National de Komodo, vous pourriez penser \u00e0 participer \u00e0 une exp\u00e9rience d&rsquo;une journ\u00e9e, qui s&rsquo;appelle initiation plong\u00e9e.<\/p>\n<p>Avez-vous d\u00e9j\u00e0 demand\u00e9 ce qu&rsquo;il ressemble \u00e0 respirer sous l&rsquo;eau? Si vous voulez savoir, mais ne sont pas tout \u00e0 fait pr\u00eat \u00e0 franchir le pas dans un cours de certification, Discover Scuba Diving vous laissera \u00e0 essayer la plong\u00e9e pour voir si vous l&rsquo;aimez.<\/p>\n<p>Tandis que pas une certification de plong\u00e9e r\u00e9elle, au cours de l&rsquo;exp\u00e9rience de Discover Scuba Diving, vous apprendrez comment utiliser le mat\u00e9riel de plong\u00e9e en eau peu profonde et obtenez une introduction facile et rapide \u00e0 ce qu&rsquo;il faut pour explorer le monde sous-marin du Parc National de Komodo.<br \/>\nRien ne vaut de respiration sous l&rsquo;eau pour la premi\u00e8re fois. Il faut un peu s&rsquo;y habituer \u2013 apr\u00e8s tout, humain \u00eatres n&rsquo;ont pas \u00e9t\u00e9 con\u00e7us pour faire cela, mais apr\u00e8s quelques minutes d&rsquo;\u00e9merveillement stup\u00e9fait, la plupart des participants se rendent compte combien facile plong\u00e9e sous-marine est vraiment. Vous obtiendrez une th\u00e9orie et une pr\u00e9paration pratique et puis \u00eatre souscrite dans les eaux peu profondes pour s&rsquo;habituer \u00e0 l&rsquo;\u00e9quipement et de respirer sous l&rsquo;eau en g\u00e9n\u00e9ral. Une fois que vous vous sentez suffisamment en confiance pour essayer quelques \u00abvraie\u00bb plong\u00e9e sous-marine, nous vous emm\u00e8nerons sur une croisi\u00e8re de plong\u00e9e sur un de nos bateaux. Pour cette raison vous ne sera pas manquer sur certains des meilleurs sites de plong\u00e9e que du monde a \u00e0 offrir.<\/p>\n<p>Le co\u00fbt est de <span style=\"text-decoration: underline;\">140 $ US par personne<\/span>, y compris:<\/p>\n<ul>\n<li>Pr\u00e9paration th\u00e9orie\/pratique<\/li>\n<li>Tous les r\u00e9servoirs de l&rsquo;\u00e9quipement n\u00e9cessaire<\/li>\n<li>Les poids et ceinture poids trois supervis\u00e9 ouvrent l&rsquo;eau<\/li>\n<li>Three supervised open water dives<\/li>\n<li>Assurance \u00e9tudiant plong\u00e9es<\/li>\n<\/ul>\n<\/div><\/div><\/div><div class=\"fusion-panel panel-default\"><div class=\"panel-heading\"><h4 class=\"panel-title toggle\"><a data-toggle=\"collapse\" data-parent=\"#accordion-3112-1\" data-target=\"#a55d43bbad90bea04\" href=\"#a55d43bbad90bea04\"><i class=\"fa-fusion-box\"><\/i><div class=\"fusion-toggle-heading\">PADI Open Water Cours<\/div><\/a><\/h4><\/div><div id=\"a55d43bbad90bea04\" class=\"panel-collapse collapse \"><div class=\"panel-body toggle-content\">Le <strong>PADI Open Water Diver cours<\/strong> est votre premi\u00e8re \u00e9tape dans le monde de la plong\u00e9e. A la fin de ce cours, vous serez dipl\u00f4m\u00e9 comme PADI Open Water Diver. Ce certificat est reconnu internationalement, il vous sera donc possible de plonger dans le monde entier \u00e0 une profondeur maximum de 18m.<\/p>\n<p>Il vous sera possible de compl\u00e9ter de PADI Open Water Diver Certificat en trois jours. Avec votre instructeur exp\u00e9riment\u00e9, vous couvrirez les bases de plong\u00e9e, inclus les th\u00e9ories de plong\u00e9e, le maniement de l\u00b4\u00e9quipement et les techniques de plong\u00e9e. Les le\u00e7ons de th\u00e9ories comprendront questionnaire, examens, s\u00e9ances vid\u00e9o et explications d\u00e9taill\u00e9es de votre instructeur. La pratique comprend six plong\u00e9es en piscines et en eaux ouverts.<\/p>\n<p>You will be able to complete the PADI Open Water Diver certification within three days. With your well experienced\u00a0instructor, you will cover the fundamentals of scuba diving, including dive theory, equipment handling and under water diving techniques. The theory lesson will include quizzes, exams, video sessions and detailed explanations of your instructor. The in water lesson will include six training dives in the confined water as well as in open water environment.<\/p>\n<p><span style=\"text-decoration: underline;\">Location<\/span>:<br \/>\nTous les cours de th\u00e9orie auront lieu dans notre office \u00e0 Labuan Bajo, Flores.<br \/>\nToutes les Plong\u00e9es seront effectu\u00e9es sur des sites diff\u00e9rents dans le Komodo National Park.<\/p>\n<p><span style=\"text-decoration: underline;\">Le PADI Open Water Cours inclus:<\/span>:<br \/>\nDe th\u00e9orie cours, plong\u00e9es, tous les \u00e9quipements n\u00e9cessaires, assurance, petit d\u00e9jeuner et d\u00e9jeuner (seulement sur le bateau), divers log book, bouteilles et poids. Maximum quatre plongeurs par instructeur.<\/p>\n<p><span style=\"text-decoration: underline;\">Le prix de 480,00 USD inclus:<\/span>:<br \/>\nPADI Open Water Cours (1 jour de th\u00e9orie, 2 jours entrainement sur notre bateau)<br \/>\nPADI cout certificat et mat\u00e9riel (92,00 USD)<br \/>\nEntr\u00e9 Komodo National Park (28,00 USD)<\/div><\/div><\/div><div class=\"fusion-panel panel-default\"><div class=\"panel-heading\"><h4 class=\"panel-title toggle\"><a data-toggle=\"collapse\" data-parent=\"#accordion-3112-1\" data-target=\"#369bff899d327e4de\" href=\"#369bff899d327e4de\"><i class=\"fa-fusion-box\"><\/i><div class=\"fusion-toggle-heading\">PADI Advanced Open Water Cours<\/div><\/a><\/h4><\/div><div id=\"369bff899d327e4de\" class=\"panel-collapse collapse \"><div class=\"panel-body toggle-content\">Le <strong>PADI Advanced Open Water cours<\/strong> est votre prochaine \u00e9tape apr\u00e8s avoir compl\u00e8te le PADI Open Water Diver. Ce cours est appel\u00e9 \u00abAdvanced\u00bb parce qu\u2019il va vous emmener plus loin que les connaissances que vous avez acquis avec le PADI Open Water cours.<\/p>\n<p>L\u2019Advanced Open Water cours est concentr\u00e9 sur l\u2019am\u00e9lioration de votre attitude pratique en plong\u00e9e, et la majorit\u00e9 de L\u00b4enseignement est fait en s\u00e9ances de plong\u00e9es pratiques. Ce cours consiste en 5 modules, chacun d\u00b4entre eux comprend un plong\u00e9e en mer et une s\u00e9ance th\u00e9orie. La flexibilit\u00e9 de ce cours et la possibilit\u00e9 de choisir les modules vous permettent d\u00b4apporter le cours \u00e0 vos besoins et int\u00e9r\u00eats personnelles. Il y a deux modules obligatoires, les trois autres sont facultatifs.<\/p>\n<p><strong>MODULES OBLIGATOIRES<\/strong><\/p>\n<p><span style=\"text-decoration: underline;\">PADI Deep Dive<\/span> \u2013 Cette plong\u00e9e vous apprend les bases de plong\u00e9es jusqu\u00b4\u00e0 30m de profondeur et comment reconnaitre et r\u00e9pondre aux consid\u00e9rations de plonger plus profond que votre Open Water limites.<\/p>\n<p><span style=\"text-decoration: underline;\">PADI Underwater Navigation dive<\/span> \u2013 Cette plong\u00e9e vous apprend les principes de navigation sous l\u00b4eau, utilisation d\u00b4un compas, estimation des distances et les difficult\u00e9s impliqu\u00e9es en navigation sous l\u00b4eau.<\/p>\n<p><strong>MODULES FACULTATIFS<\/strong><\/p>\n<p>Chacun des trois modules suivant peuvent \u00eatre choisis en fonction de l\u00b4int\u00e9r\u00eat, du temps ou des possibilit\u00e9s.<\/p>\n<p><span style=\"text-decoration: underline;\">PADI Night Dive<\/span> \u2013 Hautement recommand\u00e9 entant que facultatif, ce qui vous apprend les bases de la Plong\u00e9e de nuit.<\/p>\n<p><span style=\"text-decoration: underline;\">PADI Peak Performance Buoyancy dive<\/span> \u2013 Ce module facultatif est un des plus populaire puisqu\u00b4il aide les plongeurs \u00e0 mettre au point leur comp\u00e9tences en flottabilit\u00e9, comme la r\u00e9partition des poids, le poids correct, profil de plong\u00e9e, s\u00e9curit\u00e9 stop comp\u00e9tences et habilet\u00e9s g\u00e9n\u00e9rales de plong\u00e9e.<\/p>\n<p><span style=\"text-decoration: underline;\">PADI Enriched Air Nitrox<\/span> \u2013 Apprendre les avantages d\u00b4un bon ajustement de votre oxyg\u00e8ne et Nitrox, ainsi que vous donnez plus temps en bas.<\/p>\n<p><span style=\"text-decoration: underline;\">PADI Boat Dive<\/span> \u2013 Une plong\u00e9e relax \u00e0 la fin du cours dans les eaux spectaculaires du Komodo National Park pour ceux qui ont travaill\u00e9 dur pour maitriser et am\u00e9liorer de nouvelles attitudes, ceci vous permet de pratiquer le que vous avez appris tout au long du cours en plongeant.<\/p>\n<p><span style=\"text-decoration: underline;\">PADI Underwater Photographer<\/span> \u2013 Am\u00e9liorez vos connaissance en photo et apprenez \u00e0 les appliquer dans l\u00b4environnement sous-marin.<\/p>\n<p><span style=\"text-decoration: underline;\">PADI Search &amp; Recovery dive<\/span> \u2013 Pratiquez vos capacit\u00e9s en navigation, divers mod\u00e8les de recherche, l&rsquo;utilisation d&rsquo;un sac de levage et en planification d&rsquo;une op\u00e9ration de recherche.<\/p>\n<p><span style=\"text-decoration: underline;\">PADI Underwater Naturalist<\/span> \u2013 Pour ceux qui sont int\u00e9ress\u00e9s d`apprendre plus sur leur environnement sous-marin, ceci vous permet d\u00b4apprendre un peu plus sur l\u00b4oc\u00e9an, ainsi que des informations locale sp\u00e9cifique.<\/p>\n<p>Pour votre pr\u00e9paration de cours, vous lirez parmi le chapitre choisis de votre PADI Manual et remplirez dans le <strong>\u00abKnowledge Reviews\u00bb<\/strong> de chaque chapitre que vous trouverez \u00e0 la fin de chaque chapitre.<\/p>\n<p>Quand votre cours sera fini, votre instructeur gardera le dossier \u00abKnowledge Reviews\u00bb pour preuve que le cours a \u00e9t\u00e9 compl\u00e9t\u00e9. Il n\u00b4y n\u2019a pas d\u00b4examen.<\/p>\n<p><span style=\"text-decoration: underline;\">Location<\/span>:<br \/>\nToutes les s\u00e9ances de th\u00e9orie se tiendront sur le bateau, entre les plong\u00e9es.<br \/>\nToutes les entrainements dans l\u00b4eau seront effectu\u00e9s dans diff\u00e8rent sites du Komodo National Park.<\/p>\n<p><span style=\"text-decoration: underline;\">Le PADI Advanced Open Water Cours inclus<\/span>:<br \/>\nCours de th\u00e9orie, plong\u00e9es, tout l\u2019\u00e9quipement n\u00e9cessaire, assurance, petit d\u00e9jeuner et d\u00e9jeuner (seulement sur le bateau), Log Book, bouteilles et poids. Quatre plongeurs maximum par l\u00b4instructeur.<\/p>\n<p><span style=\"text-decoration: underline;\">450 USD inclus<\/span>:<br \/>\nPADI Advanced Open Water cours (deux jours entrainement dans l\u00b4eau sur notre bateau)<br \/>\nPADI certificat et mat\u00e9riel (92 USD)<br \/>\nEntr\u00e9 Komodo National Park (28 USD)<\/div><\/div><\/div><div class=\"fusion-panel panel-default\"><div class=\"panel-heading\"><h4 class=\"panel-title toggle\"><a data-toggle=\"collapse\" data-parent=\"#accordion-3112-1\" data-target=\"#5ae057b539ac2c380\" href=\"#5ae057b539ac2c380\"><i class=\"fa-fusion-box\"><\/i><div class=\"fusion-toggle-heading\">PADI Rescue Diver<\/div><\/a><\/h4><\/div><div id=\"5ae057b539ac2c380\" class=\"panel-collapse collapse \"><div class=\"panel-body toggle-content\">Comment prenez-vous un sujet comme pr\u00e9vention d\u00b4accident et tournez le en quelque chose d\u00b4amusant\u00a0? Appelez le <strong>\u00abLe PADI Rescue Diver Cours\u00bb<\/strong>. Ce cours d\u00e9veloppe votre connaissances et vos attitudes, de sorte que vous pouvez ex\u00e9cuter plongeur assistances et sauvetage, g\u00e9rer des accidentes de plong\u00e9e et donner les Premiers Secours. Le programme est une marche importante dans l\u00b4extension de vos connaissances et votre exp\u00e9rience de plongeur. C\u00b4est probablement le plus int\u00e9ressant et important entrainement de plongeur que vous effectuez. Vous apprendrez des choses qui non seulement vous qualifieront pour assister votre partenaire ou un autre plongeur qui a besoin d\u00b4aide, mais vous augmenterez le niveau de vos propres comp\u00e9tences et connaissance dans l\u00b4eau.<\/p>\n<p>Avec un maximum de 3 plongeurs par l\u00b4instructeur, vous aurez des instructions plus personnalis\u00e9e que dans n\u00b4importe quel autre cours! Vous compl\u00e9tez th\u00e9orie et les s\u00e9ances dans la piscine en deux soir\u00e9es, couvrant des situations comme auto sauvage, plongeur en panique, plongeur en stress, premiers secours pour plongeurs, emergency management and equipment considerations.<\/p>\n<p>Les situations que vous pr\u00e9parerez pour sont:<br \/>\nPlongeur fatigu\u00e9, plongeur en panique, r\u00e9ponse de rive\/bateau \u00e0 une victime consciente, plongeur troubl\u00e9 sous l&rsquo;eau, plongeur manquant, surfa\u00e7age du plongeur inconscient, inconscient plongeur \u00e0 la surface, sortir avec un plongeur inconscient, premiers soins pour les accidents li\u00e9s \u00e0 la pression, r\u00e9ponse de rive\/bateau \u00e0 une victime inconsciente.<\/p>\n<p>Scenario #\u00a01 &#8211; Recherche sous-marin<br \/>\nScenario #\u00a02 &#8211; R\u00e9ponse, recherche sous-marine et la gestion.<\/p>\n<p>Pour vous enr\u00f4lez dans le PADI Rescue Diver, vous aurez besoin d\u00b4\u00eatre certifie comme PADI Advanced Open Water Diver (ou \u00e9quivalent).<\/p>\n<p>Vous aurez aussi besoin d\u00b4avoir avec succ\u00e8s compl\u00e8te un cours \u00abPremiers secours\u00bb durent les deux derni\u00e8res ann\u00e9es.<\/div><\/div><\/div><div class=\"fusion-panel panel-default\"><div class=\"panel-heading\"><h4 class=\"panel-title toggle\"><a data-toggle=\"collapse\" data-parent=\"#accordion-3112-1\" data-target=\"#2eaa549e3ab9833c8\" href=\"#2eaa549e3ab9833c8\"><i class=\"fa-fusion-box\"><\/i><div class=\"fusion-toggle-heading\">PADI Divemaster<\/div><\/a><\/h4><\/div><div id=\"2eaa549e3ab9833c8\" class=\"panel-collapse collapse \"><div class=\"panel-body toggle-content\">Sur demande \u2013 veuillez <strong><a href=\"https:\/\/www.komododivecenter.com\/fr\/contact\/\">nous contacter<\/a><\/strong> pour plus amples renseignements<\/div><\/div><\/div><\/div><\/div><\/div><\/div><div class=\"fusion-one-third one_third fusion-layout-column fusion-spacing-yes\" style=\"margin-top:0px;margin-bottom:20px;\"><div class=\"fusion-column-wrapper\"><\/div><\/div><div class=\"fusion-one-third one_third fusion-layout-column fusion-spacing-yes\" style=\"margin-top:0px;margin-bottom:20px;\"><div class=\"fusion-column-wrapper\"><a href=\"http:\/\/www.komododivecenter.com\/fr\/contact\/\" class=\"learn-more-btn more-padding\">BOOK YOUR COURSE TODAY!<\/a><\/div><\/div><div class=\"fusion-one-third one_third fusion-layout-column fusion-column-last fusion-spacing-yes\" style=\"margin-top:0px;margin-bottom:20px;\"><div class=\"fusion-column-wrapper\"><\/div><\/div><div class=\"fusion-clearfix\"><\/div>\n","protected":false},"excerpt":{"rendered":"","protected":false},"author":2,"featured_media":0,"parent":3099,"menu_order":0,"comment_status":"open","ping_status":"closed","template":"100-width.php","meta":{"_acf_changed":false,"footnotes":""},"class_list":["post-3112","page","type-page","status-publish","hentry"],"acf":[],"_links":{"self":[{"href":"https:\/\/www.komododivecenter.com\/fr\/wp-json\/wp\/v2\/pages\/3112","targetHints":{"allow":["GET"]}}],"collection":[{"href":"https:\/\/www.komododivecenter.com\/fr\/wp-json\/wp\/v2\/pages"}],"about":[{"href":"https:\/\/www.komododivecenter.com\/fr\/wp-json\/wp\/v2\/types\/page"}],"author":[{"embeddable":true,"href":"https:\/\/www.komododivecenter.com\/fr\/wp-json\/wp\/v2\/users\/2"}],"replies":[{"embeddable":true,"href":"https:\/\/www.komododivecenter.com\/fr\/wp-json\/wp\/v2\/comments?post=3112"}],"version-history":[{"count":0,"href":"https:\/\/www.komododivecenter.com\/fr\/wp-json\/wp\/v2\/pages\/3112\/revisions"}],"up":[{"embeddable":true,"href":"https:\/\/www.komododivecenter.com\/fr\/wp-json\/wp\/v2\/pages\/3099"}],"wp:attachment":[{"href":"https:\/\/www.komododivecenter.com\/fr\/wp-json\/wp\/v2\/media?parent=3112"}],"curies":[{"name":"wp","href":"https:\/\/api.w.org\/{rel}","templated":true}]}}