{"id":3125,"date":"2015-05-19T06:23:46","date_gmt":"2015-05-18T22:23:46","guid":{"rendered":"http:\/\/www.komododivecenter.com\/plongee\/dive-sites\/"},"modified":"2016-01-10T22:52:23","modified_gmt":"2016-01-10T14:52:23","slug":"sites-de-plongee","status":"publish","type":"page","link":"https:\/\/www.komododivecenter.com\/fr\/plongee\/sites-de-plongee\/","title":{"rendered":"SITES DE PLONG\u00c9E"},"content":{"rendered":"<div class=\"fusion-fullwidth fullwidth-box fusion-parallax-none\" style=\"border-color:#eae9e9;border-bottom-width: 0px;border-top-width: 0px;border-bottom-style: solid;border-top-style: solid;padding-bottom:0px;padding-left:0px;padding-right:0px;padding-top:0px;background-position:left top;background-repeat:no-repeat;-webkit-background-size:cover;-moz-background-size:cover;-o-background-size:cover;background-size:cover;\"><div class=\"fusion-row\"><h3 style=\"text-align: center;\">D\u00e9couvrez les sites de plong\u00e9es uniques et diversifi\u00e9e, nous explorons r\u00e9guli\u00e8rement dans le Parc National de Komodo <a href=\"https:\/\/www.komododivecenter.com\/diving\/dive-sites\/\">sur notre site Web<\/a>.<\/h3>\n<div class=\"imageframe-align-center\"><span class=\"fusion-imageframe imageframe-none imageframe-1\"> <img decoding=\"async\" alt=\"Komodo Dive Sites Map\" src=\"https:\/\/www.komododivecenter.com\/wp-content\/uploads\/Komodo-Dive-Map.jpg\" class=\"img-responsive\"\/><\/span><\/div><div class=\"fusion-sep-clear\"><\/div><div class=\"fusion-separator fusion-full-width-sep sep-none\" style=\"border-color:#e0dede;margin-left: auto;margin-right: auto;margin-top:50px;\"><\/div><\/div><\/div>\n","protected":false},"excerpt":{"rendered":"","protected":false},"author":2,"featured_media":0,"parent":3099,"menu_order":0,"comment_status":"open","ping_status":"closed","template":"100-width.php","meta":{"_acf_changed":false,"footnotes":""},"class_list":["post-3125","page","type-page","status-publish","hentry"],"acf":[],"_links":{"self":[{"href":"https:\/\/www.komododivecenter.com\/fr\/wp-json\/wp\/v2\/pages\/3125","targetHints":{"allow":["GET"]}}],"collection":[{"href":"https:\/\/www.komododivecenter.com\/fr\/wp-json\/wp\/v2\/pages"}],"about":[{"href":"https:\/\/www.komododivecenter.com\/fr\/wp-json\/wp\/v2\/types\/page"}],"author":[{"embeddable":true,"href":"https:\/\/www.komododivecenter.com\/fr\/wp-json\/wp\/v2\/users\/2"}],"replies":[{"embeddable":true,"href":"https:\/\/www.komododivecenter.com\/fr\/wp-json\/wp\/v2\/comments?post=3125"}],"version-history":[{"count":0,"href":"https:\/\/www.komododivecenter.com\/fr\/wp-json\/wp\/v2\/pages\/3125\/revisions"}],"up":[{"embeddable":true,"href":"https:\/\/www.komododivecenter.com\/fr\/wp-json\/wp\/v2\/pages\/3099"}],"wp:attachment":[{"href":"https:\/\/www.komododivecenter.com\/fr\/wp-json\/wp\/v2\/media?parent=3125"}],"curies":[{"name":"wp","href":"https:\/\/api.w.org\/{rel}","templated":true}]}}