{"id":3154,"date":"2015-07-20T16:37:28","date_gmt":"2015-07-20T08:37:28","guid":{"rendered":"http:\/\/www.komododivecenter.com\/?page_id=3154"},"modified":"2018-06-12T08:33:54","modified_gmt":"2018-06-12T00:33:54","slug":"contact","status":"publish","type":"page","link":"https:\/\/www.komododivecenter.com\/fr\/contact\/","title":{"rendered":"Contact"},"content":{"rendered":"<div class=\"fusion-fullwidth fullwidth-box fusion-parallax-none nomargin-heading center-mobile komodo-location \" style=\"border-color:#eae9e9;border-bottom-width: 0px;border-top-width: 0px;border-bottom-style: solid;border-top-style: solid;padding-bottom:20px;padding-left:0px;padding-right:0px;padding-top:20px;background-position:left top;background-repeat:no-repeat;-webkit-background-size:cover;-moz-background-size:cover;-o-background-size:cover;background-size:cover;\"><div class=\"fusion-row\"><div class=\"fusion-one-half fusion-layout-column fusion-spacing-yes k-first_col\" style=\"margin-top:0px;margin-bottom:20px;\"><div class=\"fusion-column-wrapper\"><div class=\"fusion-title title\"><h3 class=\"title-heading-left\">KOMODO DIVE CENTER<\/h3><div class=\"title-sep-container\"><div class=\"title-sep sep-none\"><\/div><\/div><\/div><p>Jalan Soekarno Hatta RT 010 RW 005 (Across the road of Surya Jaya supermarket), Labuan Bajo, Nusa Tenggara Timur 86554, Indonesia.<\/p>\n<ul class=\"komodo-info\">\r\n<li>\r\n<a href=\"mailto:info@komododivecenter.com\"><i class=\"fa fa-envelope fa-2x\"><\/i><span>info@komododivecenter.com<\/span><\/a>\r\n<\/li>\r\n<li>\r\n<a href=\"tel:081236303644\"><i class=\"fa fa-phone fa-2x\"><\/i><span>+62 (0) 81236303644<\/span><\/a>\r\n<\/li>\r\n<li>\r\n<a href=\"tel:08113897007\"><i class=\"fa fa-phone fa-2x\"><\/i><span>+62 (0) 8113897007<\/span><\/a>\r\n<\/li>\r\n<li>\r\n<a href=\"https:\/\/api.whatsapp.com\/send?phone=081236303644\"><i class=\"fa fa-whatsapp fa-2x\"><\/i><span>+62081236303644<\/span><\/a>\r\n<\/li>\r\n<\/ul><script type=\"text\/javascript\" src=\"http:\/\/www.skypeassets.com\/i\/scom\/js\/skype-uri.js\"><\/script>\r\n<div id=\"SkypeButton_Call_www.komododivecenter.com_1\">\r\n  <script type=\"text\/javascript\">\r\n    Skype.ui({\r\n      \"name\": \"dropdown\",\r\n      \"element\": \"SkypeButton_Call_www.komododivecenter.com_1\",\r\n      \"participants\": [\"www.komododivecenter.com\"],\r\n      \"imageSize\": 24\r\n    });\r\n  <\/script>\r\n<\/div><\/div><\/div><div class=\"fusion-one-half fusion-layout-column fusion-column-last fusion-spacing-yes\" style=\"margin-top:0px;margin-bottom:20px;\"><div class=\"fusion-column-wrapper\"><div class=\"fusion-title title\"><h3 class=\"title-heading-left\">LOCATION<\/h3><div class=\"title-sep-container\"><div class=\"title-sep sep-none\"><\/div><\/div><\/div><div class=\"fusion-one-half fusion-layout-column fusion-column-last fusion-spacing-yes\">\n<div class=\"fusion-column-wrapper\">Notre bureau de r\u00e9servation est situ\u00e9 sur Jalan Soekarno-Hatta dans le centre de la ville de Labuanbajo, Flores. Juste marcher le long de la route principale et vous nous trouverez sur la droite, juste en face du supermarch\u00e9 \u00abSurya Jaya\u00bb, environ 30 m\u00e8tres apr\u00e8s la poste. En esp\u00e9rant vous voir bient\u00f4t! Jalan Soekarno Hatta RT 010 RW 005 (Across the road of Surya Jaya supermarket), Labuan Bajo, Nusa Tenggara Timur 86554, Indonesia<\/div>\n<\/div>\n<\/div><\/div><div class=\"fusion-clearfix\"><\/div><\/div><\/div><div class=\"fusion-fullwidth fullwidth-box fusion-parallax-none nomargin-heading center-mobile contact-us\" style=\"border-color:#eae9e9;border-bottom-width: 0px;border-top-width: 0px;border-bottom-style: solid;border-top-style: solid;padding-bottom:20px;padding-left:0px;padding-right:0px;padding-top:20px;background-position:left top;background-repeat:no-repeat;-webkit-background-size:cover;-moz-background-size:cover;-o-background-size:cover;background-size:cover;\"><div class=\"fusion-row\"><div class=\"fusion-one-third one_third fusion-layout-column fusion-spacing-yes\" style=\"margin-top:0px;margin-bottom:20px;\"><div class=\"fusion-column-wrapper\"><div class=\"fusion-title title\"><h3 class=\"title-heading-left\">CONTACT FORMULAIRE<\/h3><div class=\"title-sep-container\"><div class=\"title-sep sep-none\"><\/div><\/div><\/div>\n<div class=\"wpcf7 no-js\" id=\"wpcf7-f239-o1\" lang=\"en-US\" dir=\"ltr\">\n<div class=\"screen-reader-response\"><p role=\"status\" aria-live=\"polite\" aria-atomic=\"true\"><\/p> <ul><\/ul><\/div>\n<form action=\"\/fr\/wp-json\/wp\/v2\/pages\/3154#wpcf7-f239-o1\" method=\"post\" class=\"wpcf7-form init\" aria-label=\"Contact form\" novalidate=\"novalidate\" data-status=\"init\">\n<div style=\"display: none;\">\n<input type=\"hidden\" name=\"_wpcf7\" value=\"239\" \/>\n<input type=\"hidden\" name=\"_wpcf7_version\" value=\"5.9.5\" \/>\n<input type=\"hidden\" name=\"_wpcf7_locale\" value=\"en_US\" \/>\n<input type=\"hidden\" name=\"_wpcf7_unit_tag\" value=\"wpcf7-f239-o1\" \/>\n<input type=\"hidden\" name=\"_wpcf7_container_post\" value=\"0\" \/>\n<input type=\"hidden\" name=\"_wpcf7_posted_data_hash\" value=\"\" \/>\n<\/div>\n<p>Your Name (required)\n<\/p>\n<p><span class=\"wpcf7-form-control-wrap\" data-name=\"your-name\"><input size=\"40\" class=\"wpcf7-form-control wpcf7-text wpcf7-validates-as-required\" aria-required=\"true\" aria-invalid=\"false\" value=\"\" type=\"text\" name=\"your-name\" \/><\/span>\n<\/p>\n<p>Your Email (required)\n<\/p>\n<p><span class=\"wpcf7-form-control-wrap\" data-name=\"your-email\"><input size=\"40\" class=\"wpcf7-form-control wpcf7-email wpcf7-validates-as-required wpcf7-text wpcf7-validates-as-email\" aria-required=\"true\" aria-invalid=\"false\" value=\"\" type=\"email\" name=\"your-email\" \/><\/span>\n<\/p>\n<p>Subject\n<\/p>\n<p><span class=\"wpcf7-form-control-wrap\" data-name=\"your-subject\"><input size=\"40\" class=\"wpcf7-form-control wpcf7-text\" aria-invalid=\"false\" value=\"\" type=\"text\" name=\"your-subject\" \/><\/span>\n<\/p>\n<p>Your Message\n<\/p>\n<p><span class=\"wpcf7-form-control-wrap\" data-name=\"your-message\"><textarea cols=\"40\" rows=\"10\" class=\"wpcf7-form-control wpcf7-textarea\" aria-invalid=\"false\" name=\"your-message\"><\/textarea><\/span>\n<\/p>\n<p>[recaptcha]\n<\/p>\n<p style=\"margin-top: 10px;\"><input class=\"wpcf7-form-control wpcf7-submit has-spinner learn-more-btn\" type=\"submit\" value=\"Send\" \/>\n<\/p><div class=\"wpcf7-response-output\" aria-hidden=\"true\"><\/div>\n<\/form>\n<\/div>\n\n<\/div><\/div><div class=\"fusion-two-third fusion-layout-column fusion-column-last fusion-spacing-yes maps-section\" style=\"margin-top:0px;margin-bottom:20px;\"><div class=\"fusion-column-wrapper\"><div class=\"fusion-title title\"><h3 class=\"title-heading-left\">FIND US ON GOOGLE MAPS<\/h3><div class=\"title-sep-container\"><div class=\"title-sep sep-none\"><\/div><\/div><\/div><iframe loading=\"lazy\" src=\"https:\/\/www.google.com\/maps\/embed?pb=!1m18!1m12!1m3!1d3946.06574395472!2d119.87958746058962!3d-8.492988991808996!2m3!1f0!2f0!3f0!3m2!1i1024!2i768!4f13.1!3m3!1m2!1s0x2db46683d3568e6f%3A0x9e071dc7531c0445!2sKomodo+Dive+Center!5e0!3m2!1sen!2s!4v1437199575235\" width=\"800\" height=\"600\" frameborder=\"0\" style=\"border:0\" allowfullscreen><\/iframe><\/div><\/div><div class=\"fusion-clearfix\"><\/div><\/div><\/div><div class=\"fusion-fullwidth fullwidth-box fusion-parallax-none nomargin-heading gallery-team center-mobile\" style=\"border-color:#eae9e9;border-bottom-width: 0px;border-top-width: 0px;border-bottom-style: solid;border-top-style: solid;padding-bottom:20px;padding-left:0px;padding-right:0px;padding-top:20px;background-position:left top;background-repeat:no-repeat;-webkit-background-size:cover;-moz-background-size:cover;-o-background-size:cover;background-size:cover;\"><div class=\"fusion-row\"><div class=\"fusion-title title\"><h3 class=\"title-heading-left\">TEAM<\/h3><div class=\"title-sep-container\"><div class=\"title-sep sep-none\"><\/div><\/div><\/div><div class=\"fusion-tabs fusion-tabs-1 classic horizontal-tabs\"><style type=\"text\/css\">.fusion-tabs.fusion-tabs-1 .nav-tabs li a{border-top-color:#ebeaea;background-color:#ebeaea;}.fusion-tabs.fusion-tabs-1 .nav-tabs{background-color:#ffffff;}.fusion-tabs.fusion-tabs-1 .nav-tabs li.active a,.fusion-tabs.fusion-tabs-1 .nav-tabs li.active a:hover,.fusion-tabs.fusion-tabs-1 .nav-tabs li.active a:focus{border-right-color:#ffffff;}.fusion-tabs.fusion-tabs-1 .nav-tabs li.active a,.fusion-tabs.fusion-tabs-1 .nav-tabs li.active a:hover,.fusion-tabs.fusion-tabs-1 .nav-tabs li.active a:focus{background-color:#ffffff;}.fusion-tabs.fusion-tabs-1 .nav-tabs li a:hover{background-color:#ffffff;border-top-color:#ffffff;}.fusion-tabs.fusion-tabs-1 .tab-pane{background-color:#ffffff;}.fusion-tabs.fusion-tabs-1 .nav,.fusion-tabs.fusion-tabs-1 .nav-tabs,.fusion-tabs.fusion-tabs-1 .tab-content .tab-pane{border-color:#c5c5d7;}<\/style><div class=\"nav\"><ul class=\"nav-tabs nav-justified\"><li class=\"active\"><a class=\"tab-link\" id=\"personnelbureau\" href=\"#tab-0799f3d71578d92557b\" data-toggle=\"tab\"><h4 class=\"fusion-tab-heading\">Personnel bureau<\/h4><\/a><\/li><li><a class=\"tab-link\" id=\"\u00c9quipagedeplong\u00e9e\" href=\"#tab-96417d4e10eea877bdc\" data-toggle=\"tab\"><h4 class=\"fusion-tab-heading\">\u00c9quipage de plong\u00e9e<\/h4><\/a><\/li><li><a class=\"tab-link\" id=\"\u00c9quipagedebateaudejour\" href=\"#tab-6459bc0ce31d3e98a52\" data-toggle=\"tab\"><h4 class=\"fusion-tab-heading\">\u00c9quipage de bateau de jour<\/h4><\/a><\/li><li><a class=\"tab-link\" id=\"\u00c9quipagedeliveaboard\" href=\"#tab-de52ee1b82b11808324\" data-toggle=\"tab\"><h4 class=\"fusion-tab-heading\">\u00c9quipage de Liveaboard<\/h4><\/a><\/li><\/ul><\/div><div class=\"tab-content\"><div class=\"tab-pane fade in active\" id=\"tab-0799f3d71578d92557b\">Directeur MORITZ \u2013 en charge de toute \u00b4organisation, sera ravi de r\u00e9pondre \u00e0 vos Email et vos appelles. Car il est coll\u00e9 \u00e0 sa chaise dans le bureau, vous le verrez tr\u00e8s rarement sur le bateau. Assistante directrice et comptabilit\u00e9 RANY \u2013 pas assez de place ici pour d\u00e9crire ce qu\u00b4elle fait, et croyez-nous, c\u00b4est ENORME! Secr\u00e9taire LERI aka VALERIE \u2013 pr\u00e9pare les tours, fait les courses, organise l\u00b4approvisionnement, toujours de bonne humeur et s\u00b4assure que tout roule tranquillement dans la soci\u00e9t\u00e9. Et elle veut \u00eatre un pirate! En charge du mat\u00e9riel DARMIN \u2013 il s\u00b4assure que tous les \u00e9quipements sont pr\u00e8s pour la prochaine excursion.<\/div><div class=\"tab-pane fade\" id=\"tab-96417d4e10eea877bdc\">Guides de plong\u00e9e ALEX, STONER, SOLEMAN, SARDINE, ODY, DOM, MARTYN \u2013 toujours des plong\u00e9es fantastiques! Directeurs de croisi\u00e8re DOM and MARTYN \u2013 les hommes en charge<\/div><div class=\"tab-pane fade\" id=\"tab-6459bc0ce31d3e98a52\">Capitaine OVAN \u2013 renfrogne et en m\u00eame temps un caract\u00e8re amusant, il sera la quand vous aurez besoin de lui. Sp\u00e9cialement en attentant le ramassage sur le site de plong\u00e9e apr\u00e8s avoir fait surface. Oven connait le KNP comme sa poche. M\u00e9canicien et aide DENI et MARTO \u2013 si vous vous demandez comment vous \u00eates rentr\u00e9 dans votre tenue de plong\u00e9e et palme, alors c\u00b4\u00e9tait l\u00b4un d\u00b4eux qui vous a aid\u00e9 \u00e0 vous habiller pour plonger plus vite que vous pouvez le r\u00e9aliser! Quand vous plongez, ils nettoient et entretiennent le bateau. Service HANS \u2013 caf\u00e9, th\u00e9, snack, d\u00e9jeuner, fruits \u2013 c\u00b4est le monde de HANS. Il sera en charge des boissons et des repas du jour. Il a aussi organis\u00e9 son \u00abMini Bar\u00bb sur le bateau, content de vous vendre des boissons fraiches ou m\u00eame une bi\u00e8re apr\u00e8s la derni\u00e8re plong\u00e9e.<\/div><div class=\"tab-pane fade\" id=\"tab-de52ee1b82b11808324\">Captain SAIFUL &#8211; toujours planquer dans ses quartiers. Capitaine en second HASNU &#8211; qu\u00b4on trouve souvent \u00e0 jouer aux cartes sur le second pont. Pilote petite embarcation RISHWAN &#8211; parle tr\u00e8s bien l\u00b4anglais et aime la plaisanterie. Chef-m\u00e9canicien DODY &#8211; que l\u00b4on voit rarement mais vitale pour le bateau, souvent cach\u00e9 dans la salle des machines. Joue aussi tr\u00e8s bien de la guitare! Aide-m\u00e9canicien ZAKKA &#8211; apr\u00e8s quelques jours si vous voyez un nouveau visage, c\u00b4est Zak et finalement sortis de la salle des machines. Chef de cuisine DIMAS &#8211; toujours occupe dans la cuisine. Si vous avez faim, parlez-lui, il fait aussi une super omelette. Aides de cuisine FRANS and ERICK \u2013 couper, d\u00e9couper, remuer, nettoyer et encore et encore&#8230;! Service EFAS &#8211; pour tous ce donc vous avez besoin demandez-lui. Vous le trouverez partout et n\u00b4importe o\u00f9. HARRIS &#8211; service et room staff, parle toutes les langues connues par l\u00b4homme ! Au moins quelques mots \u2026<\/div><\/div><\/div><div class=\"fusion-one-sixth fusion-layout-column fusion-spacing-yes\" style=\"margin-top:0px;margin-bottom:20px;\"><div class=\"fusion-column-wrapper\"><span class=\"fusion-imageframe imageframe-none imageframe-1\"> <img decoding=\"async\" alt=\"Moritz, Komodo Dive Center\" src=\"https:\/\/www.komododivecenter.com\/wp-content\/uploads\/moritz.jpg\" class=\"img-responsive\"\/><\/span><p>Moritz<\/p>\n<\/div><\/div><div class=\"fusion-one-sixth fusion-layout-column fusion-spacing-yes\" style=\"margin-top:0px;margin-bottom:20px;\"><div class=\"fusion-column-wrapper\"><span class=\"fusion-imageframe imageframe-none imageframe-2\"> <img decoding=\"async\" alt=\"Alex, Dive Guide at Komodo Dive Center\" src=\"https:\/\/www.komododivecenter.com\/wp-content\/uploads\/alex.jpg\" class=\"img-responsive\"\/><\/span><p>Alex<\/p>\n<\/div><\/div><div class=\"fusion-one-sixth fusion-layout-column fusion-spacing-yes\" style=\"margin-top:0px;margin-bottom:20px;\"><div class=\"fusion-column-wrapper\"><span class=\"fusion-imageframe imageframe-none imageframe-3\"> <img decoding=\"async\" alt=\"Ovan, Captain at Komodo Dive Center\" src=\"https:\/\/www.komododivecenter.com\/wp-content\/uploads\/ovan-kdc.jpg\" class=\"img-responsive\"\/><\/span><p>Ovan<\/p>\n<\/div><\/div><div class=\"fusion-one-sixth fusion-layout-column fusion-spacing-yes\" style=\"margin-top:0px;margin-bottom:20px;\"><div class=\"fusion-column-wrapper\"><span class=\"fusion-imageframe imageframe-none imageframe-4\"> <img decoding=\"async\" alt=\"Hans, Komodo Dive Center\" src=\"https:\/\/www.komododivecenter.com\/wp-content\/uploads\/hans-kdc.jpg\" class=\"img-responsive\"\/><\/span><p>Hans<\/p>\n<\/div><\/div><div class=\"fusion-one-sixth fusion-layout-column fusion-spacing-yes\" style=\"margin-top:0px;margin-bottom:20px;\"><div class=\"fusion-column-wrapper\"><span class=\"fusion-imageframe imageframe-none imageframe-5\"> <img decoding=\"async\" alt=\"Harris, Komodo Dive Center\" src=\"https:\/\/www.komododivecenter.com\/wp-content\/uploads\/harris.jpg\" class=\"img-responsive\"\/><\/span><p>Harris<\/p>\n<\/div><\/div><div class=\"fusion-one-sixth fusion-layout-column fusion-column-last fusion-spacing-yes\" style=\"margin-top:0px;margin-bottom:20px;\"><div class=\"fusion-column-wrapper\"><span class=\"fusion-imageframe imageframe-none imageframe-6\"> <img decoding=\"async\" alt=\"Manung, Komodo Dive Center\" src=\"https:\/\/www.komododivecenter.com\/wp-content\/uploads\/manung-kdc.jpg\" class=\"img-responsive\"\/><\/span><p>Manung<\/p>\n<\/div><\/div><div class=\"fusion-clearfix\"><\/div><\/div><\/div>\n","protected":false},"excerpt":{"rendered":"","protected":false},"author":2,"featured_media":0,"parent":0,"menu_order":0,"comment_status":"closed","ping_status":"closed","template":"100-width.php","meta":{"_acf_changed":false,"footnotes":""},"class_list":["post-3154","page","type-page","status-publish","hentry"],"acf":[],"_links":{"self":[{"href":"https:\/\/www.komododivecenter.com\/fr\/wp-json\/wp\/v2\/pages\/3154","targetHints":{"allow":["GET"]}}],"collection":[{"href":"https:\/\/www.komododivecenter.com\/fr\/wp-json\/wp\/v2\/pages"}],"about":[{"href":"https:\/\/www.komododivecenter.com\/fr\/wp-json\/wp\/v2\/types\/page"}],"author":[{"embeddable":true,"href":"https:\/\/www.komododivecenter.com\/fr\/wp-json\/wp\/v2\/users\/2"}],"replies":[{"embeddable":true,"href":"https:\/\/www.komododivecenter.com\/fr\/wp-json\/wp\/v2\/comments?post=3154"}],"version-history":[{"count":0,"href":"https:\/\/www.komododivecenter.com\/fr\/wp-json\/wp\/v2\/pages\/3154\/revisions"}],"wp:attachment":[{"href":"https:\/\/www.komododivecenter.com\/fr\/wp-json\/wp\/v2\/media?parent=3154"}],"curies":[{"name":"wp","href":"https:\/\/api.w.org\/{rel}","templated":true}]}}