{"id":3311,"date":"2015-05-18T08:52:09","date_gmt":"2015-05-18T00:52:09","guid":{"rendered":"http:\/\/www.komododivecenter.com\/diving-2\/"},"modified":"2018-06-11T08:43:46","modified_gmt":"2018-06-11T00:43:46","slug":"immersioni","status":"publish","type":"page","link":"https:\/\/www.komododivecenter.com\/it\/immersioni\/","title":{"rendered":"Immersioni"},"content":{"rendered":"<div class=\"fusion-fullwidth fullwidth-box fusion-parallax-none nobottom center-mobile\" style=\"border-color:#eae9e9;border-bottom-width: 0px;border-top-width: 0px;border-bottom-style: solid;border-top-style: solid;padding-bottom:20px;padding-left:0px;padding-right:0px;padding-top:20px;background-position:left top;background-repeat:no-repeat;-webkit-background-size:cover;-moz-background-size:cover;-o-background-size:cover;background-size:cover;\"><div class=\"fusion-row\"><div class=\"fusion-one-full fusion-layout-column fusion-column-last fusion-spacing-yes nomargin-heading\" style=\"margin-top:0px;margin-bottom:20px;\"><div class=\"fusion-column-wrapper\"><div class=\"fusion-title title\"><h1 class=\"title-heading-left\">Le immersioni a Komodo<\/h1><div class=\"title-sep-container\"><div class=\"title-sep sep-none\"><\/div><\/div><\/div><h3>Sei attratto dalla multiforme e infinita variet\u00e0 della fauna e dei pesci della incontaminata barriera corallina? Il diving a Komodo risulter\u00e0 essere l\u2019avventura perfetta per te! Ecco cosa ti offriamo:<\/h3>\n<\/div><\/div><div class=\"fusion-clearfix\"><\/div><div class=\"fusion-one-third one_third fusion-layout-column fusion-spacing-yes\" style=\"margin-top:35px;margin-bottom:20px;\"><div class=\"fusion-column-wrapper\"><div class=\"fusion-title title\"><h2 class=\"title-heading-left\"><strong><a href=\"https:\/\/www.komododivecenter.com\/it\/immersioni\/escursioni-subacquee-giornaliere\/\">Gite giornaliere<\/a><\/strong><\/h2><div class=\"title-sep-container\"><div class=\"title-sep sep-none\"><\/div><\/div><\/div><p><a href=\"https:\/\/www.komododivecenter.com\/it\/immersioni\/escursioni-subacquee-giornaliere\/\"><img loading=\"lazy\" decoding=\"async\" class=\"alignnone size-large wp-image-362\" src=\"https:\/\/www.komododivecenter.com\/wp-content\/uploads\/day-boat-dining-area-guests-1024x683.jpg\" alt=\"Diving Day Trips Boat\" width=\"669\" height=\"446\" srcset=\"https:\/\/www.komododivecenter.com\/wp-content\/uploads\/day-boat-dining-area-guests-1024x683.jpg 1024w, https:\/\/www.komododivecenter.com\/wp-content\/uploads\/day-boat-dining-area-guests-300x200.jpg 300w, https:\/\/www.komododivecenter.com\/wp-content\/uploads\/day-boat-dining-area-guests.jpg 1900w\" sizes=\"auto, (max-width: 669px) 100vw, 669px\" \/><\/a><\/p>\n<p>Esplora l\u2019immensa biodiversit\u00e4 del Komodo National Park a bordo della <a href=\"https:\/\/www.komododivecenter.com\/it\/immersioni\/escursioni-subacquee-giornaliere\/\"><strong>nostra lussuosa barca di legno<\/strong><\/a>. Tre immersioni ogni giorno!<\/p>\n<\/div><\/div><div class=\"fusion-one-third one_third fusion-layout-column fusion-spacing-yes\" style=\"margin-top:35px;margin-bottom:20px;\"><div class=\"fusion-column-wrapper\"><div class=\"fusion-title title\"><h2 class=\"title-heading-left\"><strong><a href=\"https:\/\/www.komododivecenter.com\/it\/immersioni\/liveaboard\/\">Liveaboards<\/a><\/strong><\/h2><div class=\"title-sep-container\"><div class=\"title-sep sep-none\"><\/div><\/div><\/div><p><a href=\"https:\/\/www.komododivecenter.com\/it\/immersioni\/liveaboard\/\"><img loading=\"lazy\" decoding=\"async\" class=\"alignnone size-large wp-image-152\" src=\"https:\/\/www.komododivecenter.com\/wp-content\/uploads\/liveaboard-1024x683.jpg\" alt=\"Liveaboard | Komodo Dive Center\" width=\"669\" height=\"446\" srcset=\"https:\/\/www.komododivecenter.com\/wp-content\/uploads\/liveaboard-1024x683.jpg 1024w, https:\/\/www.komododivecenter.com\/wp-content\/uploads\/liveaboard-300x200.jpg 300w, https:\/\/www.komododivecenter.com\/wp-content\/uploads\/liveaboard.jpg 1900w\" sizes=\"auto, (max-width: 669px) 100vw, 669px\" \/><\/a><\/p>\n<p>Scivola dal letto direttamente nelle acque cristalline di Komodo! <a href=\"https:\/\/www.komododivecenter.com\/it\/immersioni\/liveaboard\/\"><strong>Liveaboard<\/strong><\/a> \u00e8 il miglior modo per esplorare l\u2019universo marino sopra e sotto le onde.<\/p>\n<\/div><\/div><div class=\"fusion-one-third one_third fusion-layout-column fusion-column-last fusion-spacing-yes\" style=\"margin-top:35px;margin-bottom:20px;\"><div class=\"fusion-column-wrapper\"><div class=\"fusion-title title\"><h2 class=\"title-heading-left\"><strong><a href=\"https:\/\/www.komododivecenter.com\/it\/immersioni\/corsi-padi\/\">Corsi PADI<\/a><\/strong><\/h2><div class=\"title-sep-container\"><div class=\"title-sep sep-none\"><\/div><\/div><\/div><p><a href=\"https:\/\/www.komododivecenter.com\/it\/immersioni\/corsi-padi\/\"><img loading=\"lazy\" decoding=\"async\" class=\"alignnone size-large wp-image-524\" src=\"https:\/\/www.komododivecenter.com\/wp-content\/uploads\/manta-point-komodo-diver-1024x683.jpg\" alt=\"Dive Site \" width=\"669\" height=\"446\" srcset=\"https:\/\/www.komododivecenter.com\/wp-content\/uploads\/manta-point-komodo-diver-1024x683.jpg 1024w, https:\/\/www.komododivecenter.com\/wp-content\/uploads\/manta-point-komodo-diver-300x200.jpg 300w, https:\/\/www.komododivecenter.com\/wp-content\/uploads\/manta-point-komodo-diver.jpg 1900w\" sizes=\"auto, (max-width: 669px) 100vw, 669px\" \/><\/a><\/p>\n<p>Vuoi ottenere il brevetto? Ti offriamo una completa gamma di <a href=\"https:\/\/www.komododivecenter.com\/it\/immersioni\/corsi-padi\/\"><strong>corsi certificati PADI<\/strong><\/a> e non esiste luogo migliore per imparare delle entusiasmanti acque del Komodo Nationa Park.<\/p>\n<\/div><\/div><div class=\"fusion-clearfix\"><\/div><p><span class=\"fusion-dropcap dropcap\" style=\"color:#1a80b6;\">K<\/span>omodo ha attualmente fama di offrire le immersioni pi\u00f9 emozionanti nel suo scenario marino. Questo \u00e8 vero, ma ci\u00f2 non significa che ti sia richiesta un\u2019esperienza particolare per goderti i numerosi siti presenti negli itinerari. Le nostre guide, subacquei professionisti, conoscono perfettamente le correnti locali e gli orari delle maree, cos\u00ec da proporti sempre il luogo giusto al momento giusto, tenendo conto naturalmente anche del tuo livello di esperienza. Evitare le correnti \u00e8 importante, come importante \u00e8 che qualcuno sappia sempre dove ti trovi.<\/p>\n<p>Se quello che cerchi \u00e8 la sfida, saremo felici di accontentarti anche in questo caso. L\u2019equipaggio non si far\u00e0 pregare per avere un incontro ravvicinato con \u201eROBA GROSSA\u201c a Grey Reef c\u2019\u00e8 sempre abbondanza di squali che si godono la corrente rinfrescante, o luoghi come Castle Rock, Crystal Rock e Cauldron. I branchi di mante e mobula passano copiosi attraverso siti come Makassar Reef o Mawan, ma non potrai mai prevedere cosa apparir\u00e0 in luoghi di diving estremo come Batu Tiga, Bonsai o Police Corner. Il Komodo National Park copre una vasta area, ti stiamo aspettando per balzarci dentro ad esplorarlo insieme.<\/p>\n<p>Tutti i siti diving si trovano a 2 ore di navigazione sul nostro vascello di legno veloce e spazioso, basta scegliere una delle numerose opzioni di crociera. Comunque tu desideri esplorare il parco, Komodo Dive Center ha la soluzione per soddisfarti.<\/p>\n<\/div><\/div><div class=\"fusion-fullwidth fullwidth-box fusion-parallax-none\" style=\"border-color:#eae9e9;border-bottom-width: 0px;border-top-width: 0px;border-bottom-style: solid;border-top-style: solid;padding-bottom:45px;padding-left:0px;padding-right:0px;padding-top:20px;background-color:#f0f0ed;background-position:left top;background-repeat:no-repeat;-webkit-background-size:cover;-moz-background-size:cover;-o-background-size:cover;background-size:cover;\"><div class=\"fusion-row\"><h1 style=\"text-align: center;\"><a href=\"https:\/\/www.komododivecenter.com\/it\/gallery\/\">GALLERY<\/a><\/h1>\n<div class=\"fusion-sep-clear\"><\/div><div class=\"fusion-separator sep-single\" style=\"border-color:#000000;border-top-width:1px;margin-left: auto;margin-right: auto;margin-top:px;margin-bottom:40px;width:100%;max-width:170px;\"><\/div><div class=\"fusion-one-sixth fusion-layout-column fusion-spacing-yes\" style=\"margin-top:0px;margin-bottom:20px;\"><div class=\"fusion-column-wrapper\"><\/div><\/div><div class=\"fusion-two-third fusion-layout-column fusion-spacing-yes\" style=\"margin-top:0px;margin-bottom:20px;\"><div class=\"fusion-column-wrapper\"><h3 style=\"text-align: center;\">Naviga attraverso la nostra <a href=\"https:\/\/www.komododivecenter.com\/it\/gallery\/\">galleria<\/a> per intuire la ricchezza dell\u2019incredibile biodiversit\u00e0 del Komodo National Park. Offriamo inoltre <a href=\"https:\/\/www.komododivecenter.com\/it\/corso-fotografia-subacquea\/\">corsi di fotografia subacquea<\/a>.<\/h3>\n<\/div><\/div><div class=\"fusion-one-sixth fusion-layout-column fusion-column-last fusion-spacing-yes\" style=\"margin-top:0px;margin-bottom:20px;\"><div class=\"fusion-column-wrapper\"><\/div><\/div><div class=\"fusion-clearfix\"><\/div><div class=\"fusion-sep-clear\"><\/div><div class=\"fusion-separator fusion-full-width-sep sep-none\" style=\"border-color:#e0dede;margin-left: auto;margin-right: auto;margin-top:20px;width:100%;max-width:100%;\"><\/div><div class=\"fusion-image-carousel lightbox-enabled\"><div class=\"fusion-carousel\" data-autoplay=\"yes\" data-columns=\"5\" data-itemmargin=\"13\" data-itemwidth=\"180\" data-touchscroll=\"no\" data-imagesize=\"fixed\"><div class=\"fusion-carousel-positioner\"><ul class=\"fusion-carousel-holder\"><li class=\"fusion-carousel-item\"><div class=\"fusion-carousel-item-wrapper\"><div class=\"fusion-image-wrapper\"><a data-rel=\"iLightbox[gallery_image_1]\" data-title=\"Schildkr\u00f6te in Batu Bolong in Komodo\" href=\"https:\/\/www.komododivecenter.com\/wp-content\/uploads\/turtle-batu-bolong-komodo.jpg\" target=\"_self\"><img decoding=\"async\" src=\"https:\/\/www.komododivecenter.com\/wp-content\/uploads\/turtle-batu-bolong-komodo-300x200.jpg\" alt=\"Turtle at Batu Bolong\" \/><\/a><\/div><\/div><\/li><li class=\"fusion-carousel-item\"><div class=\"fusion-carousel-item-wrapper\"><div class=\"fusion-image-wrapper\"><a data-rel=\"iLightbox[gallery_image_1]\" data-caption=\"Dive Site &quot;The Cauldron&quot;\" data-title=\"Dive Site &quot;The Cauldron&quot; in Komodo\" href=\"https:\/\/www.komododivecenter.com\/wp-content\/uploads\/the-cauldron-komodo.jpg\" target=\"_self\"><img decoding=\"async\" src=\"https:\/\/www.komododivecenter.com\/wp-content\/uploads\/the-cauldron-komodo-300x200.jpg\" alt=\"\" \/><\/a><\/div><\/div><\/li><li class=\"fusion-carousel-item\"><div class=\"fusion-carousel-item-wrapper\"><div class=\"fusion-image-wrapper\"><a data-rel=\"iLightbox[gallery_image_1]\" data-title=\"Tauchplatz &quot;Tatawa Kecil&quot; in Komodo\" href=\"https:\/\/www.komododivecenter.com\/wp-content\/uploads\/tatawa-kecil-komodo.jpg\" target=\"_self\"><img decoding=\"async\" src=\"https:\/\/www.komododivecenter.com\/wp-content\/uploads\/tatawa-kecil-komodo-300x200.jpg\" alt=\"Tauchplatz \"Tatawa Kecil\" in Komodo\" \/><\/a><\/div><\/div><\/li><li class=\"fusion-carousel-item\"><div class=\"fusion-carousel-item-wrapper\"><div class=\"fusion-image-wrapper\"><a data-rel=\"iLightbox[gallery_image_1]\" data-caption=\"Surgeonfish in Komodo\" data-title=\"Surgeonfish in Komodo\" href=\"https:\/\/www.komododivecenter.com\/wp-content\/uploads\/surgeon-fish-komodo.jpg\" target=\"_self\"><img decoding=\"async\" src=\"https:\/\/www.komododivecenter.com\/wp-content\/uploads\/surgeon-fish-komodo-300x200.jpg\" alt=\"Surgeonfish in Komodo\" \/><\/a><\/div><\/div><\/li><li class=\"fusion-carousel-item\"><div class=\"fusion-carousel-item-wrapper\"><div class=\"fusion-image-wrapper\"><a data-rel=\"iLightbox[gallery_image_1]\" data-caption=\"Squat Lobster in Komodo\" data-title=\"Squat Lobster in Komodo\" href=\"https:\/\/www.komododivecenter.com\/wp-content\/uploads\/squat-lobster-komodo.jpg\" target=\"_self\"><img decoding=\"async\" src=\"https:\/\/www.komododivecenter.com\/wp-content\/uploads\/squat-lobster-komodo-300x200.jpg\" alt=\"Squat Lobster\" \/><\/a><\/div><\/div><\/li><li class=\"fusion-carousel-item\"><div class=\"fusion-carousel-item-wrapper\"><div class=\"fusion-image-wrapper\"><a data-rel=\"iLightbox[gallery_image_1]\" data-title=\"Nacktkiemer in Komodo\" href=\"https:\/\/www.komododivecenter.com\/wp-content\/uploads\/nudibranch-komodo.jpg\" target=\"_self\"><img decoding=\"async\" src=\"https:\/\/www.komododivecenter.com\/wp-content\/uploads\/nudibranch-komodo-300x200.jpg\" alt=\"Nudibranch\" \/><\/a><\/div><\/div><\/li><li class=\"fusion-carousel-item\"><div class=\"fusion-carousel-item-wrapper\"><div class=\"fusion-image-wrapper\"><a data-rel=\"iLightbox[gallery_image_1]\" data-caption=\"Manta train at Dive Site &quot;Manta Point&quot;\" data-title=\"Manta train at Manta Point in Komodo\" href=\"https:\/\/www.komododivecenter.com\/wp-content\/uploads\/manta-train-komodo.jpg\" target=\"_self\"><img decoding=\"async\" src=\"https:\/\/www.komododivecenter.com\/wp-content\/uploads\/manta-train-komodo-300x200.jpg\" alt=\"Manta rays at Dive Site Manta Point\" \/><\/a><\/div><\/div><\/li><li class=\"fusion-carousel-item\"><div class=\"fusion-carousel-item-wrapper\"><div class=\"fusion-image-wrapper\"><a data-rel=\"iLightbox[gallery_image_1]\" data-caption=\"Dive Site &quot;Karang Makassar&quot; aka Manta Point\" data-title=\"Dive Site &quot;Karang Makassar&quot; in Komodo\" href=\"https:\/\/www.komododivecenter.com\/wp-content\/uploads\/manta-point-komodo-diver.jpg\" target=\"_self\"><img decoding=\"async\" src=\"https:\/\/www.komododivecenter.com\/wp-content\/uploads\/manta-point-komodo-diver-300x200.jpg\" alt=\"\" \/><\/a><\/div><\/div><\/li><li class=\"fusion-carousel-item\"><div class=\"fusion-carousel-item-wrapper\"><div class=\"fusion-image-wrapper\"><a data-rel=\"iLightbox[gallery_image_1]\" data-title=\"Tauchplatz &quot;Golden Passage&quot; in Komodo\" href=\"https:\/\/www.komododivecenter.com\/wp-content\/uploads\/golden-passage-komodo.jpg\" target=\"_self\"><img decoding=\"async\" src=\"https:\/\/www.komododivecenter.com\/wp-content\/uploads\/golden-passage-komodo-300x200.jpg\" alt=\"Tauchplatz \"Golden Passage\" in Komodo\" \/><\/a><\/div><\/div><\/li><li class=\"fusion-carousel-item\"><div class=\"fusion-carousel-item-wrapper\"><div class=\"fusion-image-wrapper\"><a data-rel=\"iLightbox[gallery_image_1]\" data-caption=\"Dive Site &quot;Cannibal Rock&quot; in Komodo\" data-title=\"Dive Site Cannibal Rock in Komodo\" href=\"https:\/\/www.komododivecenter.com\/wp-content\/uploads\/cannibal-rock-komodo-diver.jpg\" target=\"_self\"><img decoding=\"async\" src=\"https:\/\/www.komododivecenter.com\/wp-content\/uploads\/cannibal-rock-komodo-diver-300x200.jpg\" alt=\"Dive Site Cannibal Rock in Komodo\" \/><\/a><\/div><\/div><\/li><\/ul><div class=\"fusion-carousel-nav\"><span class=\"fusion-nav-prev\"><\/span><span class=\"fusion-nav-next\"><\/span><\/div><\/div><\/div><\/div><\/div><\/div><div class=\"fusion-fullwidth fullwidth-box fusion-parallax-none contact-us mobile-center\" style=\"border-color:#eae9e9;border-bottom-width: 0px;border-top-width: 0px;border-bottom-style: solid;border-top-style: solid;padding-bottom:20px;padding-left:0px;padding-right:0px;padding-top:20px;background-position:left top;background-repeat:no-repeat;-webkit-background-size:cover;-moz-background-size:cover;-o-background-size:cover;background-size:cover;\"><div class=\"fusion-row\"><div class=\"fusion-sep-clear\"><\/div><div class=\"fusion-separator fusion-full-width-sep sep-none\" style=\"border-color:#e0dede;margin-left: auto;margin-right: auto;margin-top:px;\"><\/div><div class=\"fusion-one-half fusion-layout-column fusion-spacing-yes decrease-lineheight\" style=\"margin-top:0px;margin-bottom:20px;\"><div class=\"fusion-column-wrapper\"><div class=\"fusion-title title\"><h3 class=\"title-heading-left\">\n<p style=\"text-align: center;\">Contattaci o usa il modulo qui sotto:<\/p>\n<\/h3><div class=\"title-sep-container\"><div class=\"title-sep sep-none\"><\/div><\/div><\/div>\n<div class=\"wpcf7 no-js\" id=\"wpcf7-f239-o1\" lang=\"en-US\" dir=\"ltr\">\n<div class=\"screen-reader-response\"><p role=\"status\" aria-live=\"polite\" aria-atomic=\"true\"><\/p> <ul><\/ul><\/div>\n<form action=\"\/it\/wp-json\/wp\/v2\/pages\/3311#wpcf7-f239-o1\" method=\"post\" class=\"wpcf7-form init\" aria-label=\"Contact form\" novalidate=\"novalidate\" data-status=\"init\">\n<div style=\"display: none;\">\n<input type=\"hidden\" name=\"_wpcf7\" value=\"239\" \/>\n<input type=\"hidden\" name=\"_wpcf7_version\" value=\"5.9.5\" \/>\n<input type=\"hidden\" name=\"_wpcf7_locale\" value=\"en_US\" \/>\n<input type=\"hidden\" name=\"_wpcf7_unit_tag\" value=\"wpcf7-f239-o1\" \/>\n<input type=\"hidden\" name=\"_wpcf7_container_post\" value=\"0\" \/>\n<input type=\"hidden\" name=\"_wpcf7_posted_data_hash\" value=\"\" \/>\n<\/div>\n<p>Your Name (required)\n<\/p>\n<p><span class=\"wpcf7-form-control-wrap\" data-name=\"your-name\"><input size=\"40\" class=\"wpcf7-form-control wpcf7-text wpcf7-validates-as-required\" aria-required=\"true\" aria-invalid=\"false\" value=\"\" type=\"text\" name=\"your-name\" \/><\/span>\n<\/p>\n<p>Your Email (required)\n<\/p>\n<p><span class=\"wpcf7-form-control-wrap\" data-name=\"your-email\"><input size=\"40\" class=\"wpcf7-form-control wpcf7-email wpcf7-validates-as-required wpcf7-text wpcf7-validates-as-email\" aria-required=\"true\" aria-invalid=\"false\" value=\"\" type=\"email\" name=\"your-email\" \/><\/span>\n<\/p>\n<p>Subject\n<\/p>\n<p><span class=\"wpcf7-form-control-wrap\" data-name=\"your-subject\"><input size=\"40\" class=\"wpcf7-form-control wpcf7-text\" aria-invalid=\"false\" value=\"\" type=\"text\" name=\"your-subject\" \/><\/span>\n<\/p>\n<p>Your Message\n<\/p>\n<p><span class=\"wpcf7-form-control-wrap\" data-name=\"your-message\"><textarea cols=\"40\" rows=\"10\" class=\"wpcf7-form-control wpcf7-textarea\" aria-invalid=\"false\" name=\"your-message\"><\/textarea><\/span>\n<\/p>\n<p>[recaptcha]\n<\/p>\n<p style=\"margin-top: 10px;\"><input class=\"wpcf7-form-control wpcf7-submit has-spinner learn-more-btn\" type=\"submit\" value=\"Send\" \/>\n<\/p><div class=\"wpcf7-response-output\" aria-hidden=\"true\"><\/div>\n<\/form>\n<\/div>\n\n<\/div><\/div><div class=\"fusion-one-half fusion-layout-column fusion-column-last fusion-spacing-yes decrease-lineheight\" style=\"margin-top:0px;margin-bottom:20px;\"><div class=\"fusion-column-wrapper\"><div class=\"fusion-title title\"><h3 class=\"title-heading-left\">\n<p style=\"text-align: center;\">Mappa dei siti diving a Komodo:<\/p>\n<\/h3><div class=\"title-sep-container\"><div class=\"title-sep sep-none\"><\/div><\/div><\/div><span class=\"fusion-imageframe imageframe-none imageframe-1 imgfull-mobile\"><a href=\"https:\/\/www.komododivecenter.com\/diving\/dive-sites\/\" target=\"_self\"> <img decoding=\"async\" alt=\"Komodo Dive Map\" src=\"https:\/\/www.komododivecenter.com\/wp-content\/uploads\/Komodo-Dive-Map-562x393.jpg\" class=\"img-responsive\"\/><\/a><\/span><\/div><\/div><div class=\"fusion-clearfix\"><\/div><\/div><\/div>\n","protected":false},"excerpt":{"rendered":"","protected":false},"author":2,"featured_media":0,"parent":0,"menu_order":0,"comment_status":"open","ping_status":"closed","template":"100-width.php","meta":{"_acf_changed":false,"footnotes":""},"class_list":["post-3311","page","type-page","status-publish","hentry"],"acf":[],"_links":{"self":[{"href":"https:\/\/www.komododivecenter.com\/it\/wp-json\/wp\/v2\/pages\/3311","targetHints":{"allow":["GET"]}}],"collection":[{"href":"https:\/\/www.komododivecenter.com\/it\/wp-json\/wp\/v2\/pages"}],"about":[{"href":"https:\/\/www.komododivecenter.com\/it\/wp-json\/wp\/v2\/types\/page"}],"author":[{"embeddable":true,"href":"https:\/\/www.komododivecenter.com\/it\/wp-json\/wp\/v2\/users\/2"}],"replies":[{"embeddable":true,"href":"https:\/\/www.komododivecenter.com\/it\/wp-json\/wp\/v2\/comments?post=3311"}],"version-history":[{"count":0,"href":"https:\/\/www.komododivecenter.com\/it\/wp-json\/wp\/v2\/pages\/3311\/revisions"}],"wp:attachment":[{"href":"https:\/\/www.komododivecenter.com\/it\/wp-json\/wp\/v2\/media?parent=3311"}],"curies":[{"name":"wp","href":"https:\/\/api.w.org\/{rel}","templated":true}]}}