{"id":3322,"date":"2015-05-19T06:16:24","date_gmt":"2015-05-18T22:16:24","guid":{"rendered":"http:\/\/www.komododivecenter.com\/immersioni\/padi-courses\/"},"modified":"2018-06-11T11:00:24","modified_gmt":"2018-06-11T03:00:24","slug":"corsi-padi","status":"publish","type":"page","link":"https:\/\/www.komododivecenter.com\/it\/immersioni\/corsi-padi\/","title":{"rendered":"CORSI PADI"},"content":{"rendered":"<div class=\"fusion-fullwidth fullwidth-box fusion-parallax-none\" style=\"border-color:#eae9e9;border-bottom-width: 0px;border-top-width: 0px;border-bottom-style: solid;border-top-style: solid;padding-bottom:20px;padding-left:0px;padding-right:0px;padding-top:20px;background-position:left top;background-repeat:no-repeat;-webkit-background-size:cover;-moz-background-size:cover;-o-background-size:cover;background-size:cover;\"><div class=\"fusion-row\"><div class=\"fusion-title title center-heading italian\"><h1 class=\"title-heading-left\">Corsi PADI<\/h1><div class=\"title-sep-container\"><div class=\"title-sep sep-none\"><\/div><\/div><\/div><p style=\"text-align: center;\">Scopri i nostri corsi di immersione subacquea e inizia oggi.<br \/>\nI nostri istruttori esperti ti trasmetteranno la migliore esperienza si possa avere.<\/p>\n<div class=\"fusion-sep-clear\"><\/div><div class=\"fusion-separator fusion-full-width-sep sep-none\" style=\"border-color:#e0dede;margin-left: auto;margin-right: auto;margin-top:px;\"><\/div><div class=\"imageframe-align-center\"><span class=\"fusion-imageframe imageframe-none imageframe-1 courses-image\"> <img decoding=\"async\" src=\"https:\/\/www.komododivecenter.com\/wp-content\/uploads\/PADI-ladder.jpg\" alt=\"PADI Courses Ladder\" class=\"img-responsive\"\/><\/span><\/div><div class=\"accordian fusion-accordian\"><div class=\"panel-group\" id=\"accordion-3322-1\"><div class=\"fusion-panel panel-default\"><div class=\"panel-heading\"><h4 class=\"panel-title toggle\"><a data-toggle=\"collapse\" data-parent=\"#accordion-3322-1\" data-target=\"#ece5fca5e8bbe26ab\" href=\"#ece5fca5e8bbe26ab\"><i class=\"fa-fusion-box\"><\/i><div class=\"fusion-toggle-heading\">PADI Discover Scuba Diving<\/div><\/a><\/h4><\/div><div id=\"ece5fca5e8bbe26ab\" class=\"panel-collapse collapse \"><div class=\"panel-body toggle-content\">Se non disponi di un brevetto di immersione ma vuoi dare un&#8217;occhiata e vedere ci\u00f2 che il mondo sommerso del Parco Nazionale di Komodo offre, si potrebbe partecipare ad una esperienza di un giorno, che si chiama immersione introduttiva.<br \/>\nTi sei mai chiesto cosa si prova a respirare sott&#8217;acqua? Se vuoi scoprirlo, ma non sei ancora pronto a fare il grande passo per un corso con certificazione, Discover Scuba Diving ti consente di provare le immersioni per vedere se ti piace.<\/p>\n<p>Pur non facendoti conseguire una certificazione, durante l&#8217;esperienza Discover Scuba Diving si imparer\u00e0 a utilizzare l&#8217;attrezzatura subacquea in acque poco profonde e ad ottenere una rapida e facile introduzione di quello che serve per esplorare il mondo sottomarino del Parco Nazionale di Komodo.<\/p>\n<p>Non esiste nulla come respirare sott&#8217;acqua per la prima volta. Ci vuole un po &#8216;per abituarsi -dopo tutto, gli esseri umani non sono stati progettati per farlo, ma dopo pochi minuti di stupore e sorpresa, la maggior parte dei partecipanti si rende conto di quanto sia davvero facile.<\/p>\n<p>Si apprender\u00e0 una preparazione teorica e pratica per poi essere accompagnato in acque poco profonde per abituarsi alle apparecchiature ed alla respirazione sott&#8217;acqua. Una volta che ci si sente abbastanza sicuri per provare qualche &#8220;vero&#8221; scuba diving, ti porteremo in crociera subacquea su una delle nostre barche. Grazie a questo non ti perderai alcuni tra i migliori siti di immersione del mondo.<\/p>\n<p>Il costo della preparazione \u00e8 di 140 US$ a persona e prevede:<\/p>\n<p>Preparazione teorica e pratica<br \/>\nTutte le attrezzature necessarie<br \/>\nBombola e cintura di zavorra<br \/>\nTre immersioni supervisionate in acque libere<br \/>\nAssicurazione studenti.<\/div><\/div><\/div><div class=\"fusion-panel panel-default\"><div class=\"panel-heading\"><h4 class=\"panel-title toggle\"><a data-toggle=\"collapse\" data-parent=\"#accordion-3322-1\" data-target=\"#db91b2e79a8f13776\" href=\"#db91b2e79a8f13776\"><i class=\"fa-fusion-box\"><\/i><div class=\"fusion-toggle-heading\">Corsi PADI Open Water <\/div><\/a><\/h4><\/div><div id=\"db91b2e79a8f13776\" class=\"panel-collapse collapse \"><div class=\"panel-body toggle-content\">Il corso PADI Open Water Diver \u00e8 il primo passo nel mondo subacqueo. Al termine di questo corso sar\u00e0 conferito il brevetto PADI Open Water Diver. Questa certificazione \u00e8 riconosciuta a livello internazionale in modo da essere in grado di immergersi in qualsiasi parte del mondo, ad una profondit\u00e0 di massima 18m.<br \/>\nSarete in grado di completare la certificazione PADI Open Water Diver entro tre giorni. Con il vostro istruttore di grande esperienza, si apprendono i fondamenti della subacquea, teoria dell&#8217;immersione,uso di attrezzature e tecniche di immersione nell&#8217;acqua. La lezione teorica prevede quiz, esami, sessioni video e spiegazioni dettagliate dell\u2018 istruttore. La lezione in acqua comprender\u00e0 sei immersioni di addestramento in acque confinate ed aperte.<\/p>\n<p>Localit\u00e0:<br \/>\nTutte le sessioni di teoria si terranno presso la nostra sede in Labuanbajo, Flores.<br \/>\nLa formazione in acqua viene condotta in diversi siti di immersione nel Parco Nazionale di Komodo.<\/p>\n<p>Il corso PADI Open Water include:<\/p>\n<p>Lezioni teoriche, formazione in acqua, tutte le attrezzature necessarie alle immersioni, assicurazione, colazione e pranzo (quando sulla nostra barca), sub log-book, bombole e pesi. Istruttore: massimo quattro principianti per insegnante.<\/p>\n<p>Costi<\/p>\n<p>480 USD includono<br \/>\nCorso PADI Open Water (una giorno di teoria, due giorni di formazione in acqua sulla nostra barca)<br \/>\nSpese di certificazione PADI e il materiale scolastico (92 USD)<br \/>\nBiglietti Komodo National Park (28 USD)<\/div><\/div><\/div><div class=\"fusion-panel panel-default\"><div class=\"panel-heading\"><h4 class=\"panel-title toggle\"><a data-toggle=\"collapse\" data-parent=\"#accordion-3322-1\" data-target=\"#4bc8b59a61b82d614\" href=\"#4bc8b59a61b82d614\"><i class=\"fa-fusion-box\"><\/i><div class=\"fusion-toggle-heading\">PADI Advanced Open Water<\/div><\/a><\/h4><\/div><div id=\"4bc8b59a61b82d614\" class=\"panel-collapse collapse \"><div class=\"panel-body toggle-content\">Il corso PADI Advanced Open Water \u00e8 il tuo prossimo passo, dopo aver completato il corso di base PADI Open Water. Il corso si chiama &#8220;avanzato&#8221;, non perch\u00e9 \u00e8 necessario essere professionisti per accedervi, ma perch\u00e9 questo corso fornisce ulteriori tecniche e competenze di immersione rispetto a quelle apprese con il corso PADI Open Water.<br \/>\nIl corso avanzato open water \u00e8 focalizzato sul miglioramento delle abilit\u00e0 pratiche di immersione, che vengono testate in sessioni pratiche. Il corso consta di cinque moduli, ognuno dei quali prevede un\u2018immersione nell&#8217;oceano e una sessione di teoria. La flessibilit\u00e0 di questo corso e la facolt\u00e0 di selezionare e scegliere i moduli permettono di personalizzare il corso secondo esigenze ed interessi individuali. Ci sono due moduli di base, gli altri tre sono adattabili alle richieste.<\/p>\n<p>Moduli di base<\/p>\n<p>PADI Deep Dive \u2013 Questo modulo insegna le basi di immersione a 30 metri di profondit\u00e0, e come riconoscere e rispondere alle condizioni ed ai tuoi limiti in immersione pi\u00f9 profonda.<\/p>\n<p>PADI Underwater Navigation dive &#8211; Questa immersione ti insegna i principi dell\u2018orientamento subacqueo, con l&#8217;uso della bussola, la stima delle distanze e le difficolt\u00e0 connesse con lo spazio subacqueo.<\/p>\n<p>Moduli elettivi<\/p>\n<p>Qualsiasi modulo fra i seguenti pu\u00f2 essere scelto, fino a un numero di tre, a seconda di interessi, tempo e disponibilit\u00e0:<\/p>\n<p>PADI Night Dive &#8211; Altamente raccomandato fra le opzioni, questo corso insegna le basi dell\u2018 immersione notturna.<\/p>\n<p>PADI Peak Performance Buoyancy dive &#8211; Questa \u00e8 una delle scelte pi\u00f9 classiche in quanto fornisce ai sub fini competenze di sintonia di galleggiamento comprese la distribuzione del peso, corretta valutazione delle situazioni, abilit\u00e0 di arresto di sicurezza, e le competenze generali di immersione.<\/p>\n<p>PADI Enriched Air Nitrox &#8211; Scopri i vantaggi di controllare l\u2018erogazione di ossigeno e di azoto, dandoti pi\u00f9 tempo in immersione.<\/p>\n<p>PADI Boat Dive- Un\u2019immersione rilassante al termine del corso per coloro che hanno lavorato duramente per padroneggiare e migliorare nuove competenze, questo permette di praticare ci\u00f2 che hai imparato durante il corso, durante le immersioni in alcuni dei pi\u00f9 spettacolari paesaggi sottomarini presso il &#8220;Parco Nazionale di Komodo&#8221;<\/p>\n<p>PADI Underwater Photographer &#8211; Migliora le tue conoscenze fotografiche, e insegna come applicarle nelle condizioni straordinarie del set subacqueo!<\/p>\n<p>PADI Search &amp; Recovery dive &#8211; Allena le tue abilit\u00e0 di navigazione subacquea e insegna ad organizzare una ricerca, usare borse di sollevamento e condurre le ricerche in scala reale.<\/p>\n<p>PADI Underwater Naturalist &#8211; Per coloro che sono interessati a saperne di pi\u00f9 circa l\u2019 ambiente subacqueo, questo modulo ti permette di imparare un po &#8216;di pi\u00f9 dell&#8217;oceano, oltre ad apprendere specifiche informazioni locali.<\/p>\n<p>La frequentazione del corso comprende la lettura dei capitoli scelti del manuale PADI e il completamento del test sull\u2019apprendimento che si trova alla fine di ogni capitolo.<\/p>\n<p>Una volta che il corso \u00e8 completato, il tuo istruttore tratterr\u00e0 i test compilati per dimostrare il completamento del corso. Non \u00e8 previsto alcun esame.<\/p>\n<p>Sedi:<br \/>\nTutte le sessioni di teoria si terranno sulla nostra barca.<br \/>\nTutta la formazione in acqua sar\u00e0 condotta in diversi siti di immersione nel Parco Nazionale di Komodo.<\/p>\n<p>Il corso Open Water PADI Advanced include:<br \/>\nLezioni teoriche, formazione in acqua, tutte le attrezzature necessarie per le immersioni, assicurazione, colazione e pranzo (quando sulla nostra barca), sub log-book, bombole e pesi. Istruttore: 1 ogni 4 studenti.<\/p>\n<p>450 USD, includono:<br \/>\nPADI Advanced Open Water Course (due giorni di allenamento in acqua sulla nostra barca)<br \/>\nSpese di certificazione PADI e il materiale scolastico (92 USD)<br \/>\nBiglietti Komodo National Park (28 USD)<\/div><\/div><\/div><div class=\"fusion-panel panel-default\"><div class=\"panel-heading\"><h4 class=\"panel-title toggle\"><a data-toggle=\"collapse\" data-parent=\"#accordion-3322-1\" data-target=\"#33507267e9df3c4a2\" href=\"#33507267e9df3c4a2\"><i class=\"fa-fusion-box\"><\/i><div class=\"fusion-toggle-heading\">PADI Rescue Diver<\/div><\/a><\/h4><\/div><div id=\"33507267e9df3c4a2\" class=\"panel-collapse collapse \"><div class=\"panel-body toggle-content\">Come si fa a considerare un argomento come la prevenzione e la gestione degli incidenti e trasformarlo in divertimento? Chiamatelo corso PADI Rescue Diver! Il corso sviluppa le vostre conoscenze e competenze in modo da poter efficacemente svolgere assist subacqueo e salvataggi, gestire le situazioni di incidente subacqueo e prestare un pronto soccorso.<br \/>\nIl programma \u00e8 un passo importante per arricchire conoscenza ed esperienza come diver. Questo \u00e8 probabilmente l\u2018 addestramento subacqueo pi\u00f9 interessante e importante che porterai mai a compimento. Imparerai le manovre e la prontezza che non solo necessitano per aiutare un amico, ma sar\u00e0 anche un valore aggiunto alla tua abilit\u00e0 e consapevolezza in acqua.<\/p>\n<p>Con un istruttore ogni tre studenti al massimo otterrai un\u2018 istruzione molto pi\u00f9 personalizzata rispetto a qualsiasi altro corso! Potrai completare le sessioni di teoria e la piscina in due serate, che contemplano situazioni come sicurezza, Diver Stress, immersioni subacquee primo soccorso, gestione delle emergenze e controllo attrezzature.<\/p>\n<p>Le situazioni contemplate sono:<br \/>\nSubacqueo stanco, sub in preda al panico, soccorso dalla riva \/ barca a una vittima in stato cosciente, Diver Stress, diver disperso, emergere con subacqueo incosciente, subacqueo non cosciente in superficie, pronto soccorso per incidenti legati alla pressione, soccorso dalla riva\/barca a vittima incosciente.<br \/>\nScenario # 1 &#8211; ricerca subacquea<br \/>\nScenario # 2 &#8211; soccorso, uscita e gestione della situazione.<\/p>\n<p>L\u2019iscrizione al programma PADI Rescue Diver prevede il possesso di brevetto PADI Advanced Open Water Diver (o equivalente).<\/p>\n<p>Sar\u00e0 inoltre necessario mostrare la prova di aver frequentato un corso di &#8220;Primo Soccorso&#8221;completato con successo (PADI EFR, RedCross, &#8230;) negli ultimi due anni.<\/div><\/div><\/div><div class=\"fusion-panel panel-default\"><div class=\"panel-heading\"><h4 class=\"panel-title toggle\"><a data-toggle=\"collapse\" data-parent=\"#accordion-3322-1\" data-target=\"#f37e103bab496a5f8\" href=\"#f37e103bab496a5f8\"><i class=\"fa-fusion-box\"><\/i><div class=\"fusion-toggle-heading\">PADI Divemaster<\/div><\/a><\/h4><\/div><div id=\"f37e103bab496a5f8\" class=\"panel-collapse collapse \"><div class=\"panel-body toggle-content\">Su richiesta &#8211; non esitate a contattarci per ulteriori informazioni<\/div><\/div><\/div><\/div><\/div><\/div><\/div><div class=\"fusion-one-third one_third fusion-layout-column fusion-spacing-yes\" style=\"margin-top:0px;margin-bottom:20px;\"><div class=\"fusion-column-wrapper\"><\/div><\/div><div class=\"fusion-one-third one_third fusion-layout-column fusion-spacing-yes\" style=\"margin-top:0px;margin-bottom:20px;\"><div class=\"fusion-column-wrapper\"><a href=\"http:\/\/www.komododivecenter.com\/it\/contatto\/\" class=\"learn-more-btn more-padding\">BOOK YOUR COURSE TODAY!<\/a><\/div><\/div><div class=\"fusion-one-third one_third fusion-layout-column fusion-column-last fusion-spacing-yes\" style=\"margin-top:0px;margin-bottom:20px;\"><div class=\"fusion-column-wrapper\"><\/div><\/div><div class=\"fusion-clearfix\"><\/div>\n","protected":false},"excerpt":{"rendered":"","protected":false},"author":2,"featured_media":0,"parent":3311,"menu_order":0,"comment_status":"open","ping_status":"closed","template":"100-width.php","meta":{"_acf_changed":false,"footnotes":""},"class_list":["post-3322","page","type-page","status-publish","hentry"],"acf":[],"_links":{"self":[{"href":"https:\/\/www.komododivecenter.com\/it\/wp-json\/wp\/v2\/pages\/3322","targetHints":{"allow":["GET"]}}],"collection":[{"href":"https:\/\/www.komododivecenter.com\/it\/wp-json\/wp\/v2\/pages"}],"about":[{"href":"https:\/\/www.komododivecenter.com\/it\/wp-json\/wp\/v2\/types\/page"}],"author":[{"embeddable":true,"href":"https:\/\/www.komododivecenter.com\/it\/wp-json\/wp\/v2\/users\/2"}],"replies":[{"embeddable":true,"href":"https:\/\/www.komododivecenter.com\/it\/wp-json\/wp\/v2\/comments?post=3322"}],"version-history":[{"count":0,"href":"https:\/\/www.komododivecenter.com\/it\/wp-json\/wp\/v2\/pages\/3322\/revisions"}],"up":[{"embeddable":true,"href":"https:\/\/www.komododivecenter.com\/it\/wp-json\/wp\/v2\/pages\/3311"}],"wp:attachment":[{"href":"https:\/\/www.komododivecenter.com\/it\/wp-json\/wp\/v2\/media?parent=3322"}],"curies":[{"name":"wp","href":"https:\/\/api.w.org\/{rel}","templated":true}]}}