{"id":3349,"date":"2015-05-19T05:51:31","date_gmt":"2015-05-18T21:51:31","guid":{"rendered":"http:\/\/www.komododivecenter.com\/contact-2\/"},"modified":"2018-06-12T08:37:59","modified_gmt":"2018-06-12T00:37:59","slug":"contatto","status":"publish","type":"page","link":"https:\/\/www.komododivecenter.com\/it\/contatto\/","title":{"rendered":"Contatto | Komodo Dive Center"},"content":{"rendered":"<div class=\"fusion-fullwidth fullwidth-box fusion-parallax-none nomargin-heading center-mobile komodo-location\" style=\"border-color:#eae9e9;border-bottom-width: 0px;border-top-width: 0px;border-bottom-style: solid;border-top-style: solid;padding-bottom:20px;padding-left:0px;padding-right:0px;padding-top:20px;background-position:left top;background-repeat:no-repeat;-webkit-background-size:cover;-moz-background-size:cover;-o-background-size:cover;background-size:cover;\"><div class=\"fusion-row\"><div class=\"fusion-one-half fusion-layout-column fusion-spacing-yes k-first_col\" style=\"margin-top:0px;margin-bottom:20px;\"><div class=\"fusion-column-wrapper\"><div class=\"fusion-title title\"><h3 class=\"title-heading-left\">KOMODO DIVE CENTER<\/h3><div class=\"title-sep-container\"><div class=\"title-sep sep-none\"><\/div><\/div><\/div><p>Jalan Soekarno Hatta RT 010 RW 005 (Across the road of Surya Jaya supermarket), Labuan Bajo, Nusa Tenggara Timur 86554, Indonesia.<\/p>\n<ul class=\"komodo-info\">\r\n<li>\r\n<a href=\"mailto:info@komododivecenter.com\"><i class=\"fa fa-envelope fa-2x\"><\/i><span>info@komododivecenter.com<\/span><\/a>\r\n<\/li>\r\n<li>\r\n<a href=\"tel:081236303644\"><i class=\"fa fa-phone fa-2x\"><\/i><span>+62 (0) 81236303644<\/span><\/a>\r\n<\/li>\r\n<li>\r\n<a href=\"tel:08113897007\"><i class=\"fa fa-phone fa-2x\"><\/i><span>+62 (0) 8113897007<\/span><\/a>\r\n<\/li>\r\n<li>\r\n<a href=\"https:\/\/api.whatsapp.com\/send?phone=081236303644\"><i class=\"fa fa-whatsapp fa-2x\"><\/i><span>+62081236303644<\/span><\/a>\r\n<\/li>\r\n<\/ul><script type=\"text\/javascript\" src=\"http:\/\/www.skypeassets.com\/i\/scom\/js\/skype-uri.js\"><\/script>\r\n<div id=\"SkypeButton_Call_www.komododivecenter.com_1\">\r\n  <script type=\"text\/javascript\">\r\n    Skype.ui({\r\n      \"name\": \"dropdown\",\r\n      \"element\": \"SkypeButton_Call_www.komododivecenter.com_1\",\r\n      \"participants\": [\"www.komododivecenter.com\"],\r\n      \"imageSize\": 24\r\n    });\r\n  <\/script>\r\n<\/div><\/div><\/div><div class=\"fusion-one-half fusion-layout-column fusion-column-last fusion-spacing-yes\" style=\"margin-top:0px;margin-bottom:20px;\"><div class=\"fusion-column-wrapper\"><div class=\"fusion-title title\"><h3 class=\"title-heading-left\">POSIZIONE<\/h3><div class=\"title-sep-container\"><div class=\"title-sep sep-none\"><\/div><\/div><\/div><div class=\"fusion-one-half fusion-layout-column fusion-column-last fusion-spacing-yes\">\n<div class=\"fusion-column-wrapper\">Il nostro ufficio prenotazioni si trova in Jalan Soekarno-Hatta nel centro della citt\u00e0 di Labuanbajo, Flores. Solo a piedi lungo la strada principale e ci troverai sul lato destro, proprio di fronte al supermercato &#8220;Surya Jaya&#8221;, a circa 30 mt dopo l&#8217;ufficio postale. Speriamo di vederti presto! Jalan Soekarno Hatta RT 010 RW 005 (Across the road of Surya Jaya supermarket), Labuan Bajo, Nusa Tenggara Timur 86554, Indonesia<\/div>\n<\/div>\n<\/div><\/div><div class=\"fusion-clearfix\"><\/div><\/div><\/div><div class=\"fusion-fullwidth fullwidth-box fusion-parallax-none nomargin-heading center-mobile contact-us\" style=\"border-color:#eae9e9;border-bottom-width: 0px;border-top-width: 0px;border-bottom-style: solid;border-top-style: solid;padding-bottom:20px;padding-left:0px;padding-right:0px;padding-top:20px;background-position:left top;background-repeat:no-repeat;-webkit-background-size:cover;-moz-background-size:cover;-o-background-size:cover;background-size:cover;\"><div class=\"fusion-row\"><div class=\"fusion-one-third one_third fusion-layout-column fusion-spacing-yes\" style=\"margin-top:0px;margin-bottom:20px;\"><div class=\"fusion-column-wrapper\"><div class=\"fusion-title title\"><h3 class=\"title-heading-left\">CONTACT FORM<\/h3><div class=\"title-sep-container\"><div class=\"title-sep sep-none\"><\/div><\/div><\/div>\n<div class=\"wpcf7 no-js\" id=\"wpcf7-f239-o1\" lang=\"en-US\" dir=\"ltr\">\n<div class=\"screen-reader-response\"><p role=\"status\" aria-live=\"polite\" aria-atomic=\"true\"><\/p> <ul><\/ul><\/div>\n<form action=\"\/it\/wp-json\/wp\/v2\/pages\/3349#wpcf7-f239-o1\" method=\"post\" class=\"wpcf7-form init\" aria-label=\"Contact form\" novalidate=\"novalidate\" data-status=\"init\">\n<div style=\"display: none;\">\n<input type=\"hidden\" name=\"_wpcf7\" value=\"239\" \/>\n<input type=\"hidden\" name=\"_wpcf7_version\" value=\"5.9.5\" \/>\n<input type=\"hidden\" name=\"_wpcf7_locale\" value=\"en_US\" \/>\n<input type=\"hidden\" name=\"_wpcf7_unit_tag\" value=\"wpcf7-f239-o1\" \/>\n<input type=\"hidden\" name=\"_wpcf7_container_post\" value=\"0\" \/>\n<input type=\"hidden\" name=\"_wpcf7_posted_data_hash\" value=\"\" \/>\n<\/div>\n<p>Your Name (required)\n<\/p>\n<p><span class=\"wpcf7-form-control-wrap\" data-name=\"your-name\"><input size=\"40\" class=\"wpcf7-form-control wpcf7-text wpcf7-validates-as-required\" aria-required=\"true\" aria-invalid=\"false\" value=\"\" type=\"text\" name=\"your-name\" \/><\/span>\n<\/p>\n<p>Your Email (required)\n<\/p>\n<p><span class=\"wpcf7-form-control-wrap\" data-name=\"your-email\"><input size=\"40\" class=\"wpcf7-form-control wpcf7-email wpcf7-validates-as-required wpcf7-text wpcf7-validates-as-email\" aria-required=\"true\" aria-invalid=\"false\" value=\"\" type=\"email\" name=\"your-email\" \/><\/span>\n<\/p>\n<p>Subject\n<\/p>\n<p><span class=\"wpcf7-form-control-wrap\" data-name=\"your-subject\"><input size=\"40\" class=\"wpcf7-form-control wpcf7-text\" aria-invalid=\"false\" value=\"\" type=\"text\" name=\"your-subject\" \/><\/span>\n<\/p>\n<p>Your Message\n<\/p>\n<p><span class=\"wpcf7-form-control-wrap\" data-name=\"your-message\"><textarea cols=\"40\" rows=\"10\" class=\"wpcf7-form-control wpcf7-textarea\" aria-invalid=\"false\" name=\"your-message\"><\/textarea><\/span>\n<\/p>\n<p>[recaptcha]\n<\/p>\n<p style=\"margin-top: 10px;\"><input class=\"wpcf7-form-control wpcf7-submit has-spinner learn-more-btn\" type=\"submit\" value=\"Send\" \/>\n<\/p><div class=\"wpcf7-response-output\" aria-hidden=\"true\"><\/div>\n<\/form>\n<\/div>\n\n<\/div><\/div><div class=\"fusion-two-third fusion-layout-column fusion-column-last fusion-spacing-yes maps-section\" style=\"margin-top:0px;margin-bottom:20px;\"><div class=\"fusion-column-wrapper\"><div class=\"fusion-title title\"><h3 class=\"title-heading-left\">FIND US ON GOOGLE MAPS<\/h3><div class=\"title-sep-container\"><div class=\"title-sep sep-none\"><\/div><\/div><\/div><iframe loading=\"lazy\" src=\"https:\/\/www.google.com\/maps\/embed?pb=!1m18!1m12!1m3!1d3946.06574395472!2d119.87958746058962!3d-8.492988991808996!2m3!1f0!2f0!3f0!3m2!1i1024!2i768!4f13.1!3m3!1m2!1s0x2db46683d3568e6f%3A0x9e071dc7531c0445!2sKomodo+Dive+Center!5e0!3m2!1sen!2s!4v1437199575235\" width=\"800\" height=\"600\" frameborder=\"0\" style=\"border:0\" allowfullscreen><\/iframe><\/div><\/div><div class=\"fusion-clearfix\"><\/div><\/div><\/div><div class=\"fusion-fullwidth fullwidth-box fusion-parallax-none nomargin-heading gallery-team center-mobile\" style=\"border-color:#eae9e9;border-bottom-width: 0px;border-top-width: 0px;border-bottom-style: solid;border-top-style: solid;padding-bottom:20px;padding-left:0px;padding-right:0px;padding-top:20px;background-position:left top;background-repeat:no-repeat;-webkit-background-size:cover;-moz-background-size:cover;-o-background-size:cover;background-size:cover;\"><div class=\"fusion-row\"><div class=\"fusion-title title\"><h3 class=\"title-heading-left\">TEAM<\/h3><div class=\"title-sep-container\"><div class=\"title-sep sep-none\"><\/div><\/div><\/div><div class=\"fusion-tabs fusion-tabs-1 classic horizontal-tabs\"><style type=\"text\/css\">.fusion-tabs.fusion-tabs-1 .nav-tabs li a{border-top-color:#ebeaea;background-color:#ebeaea;}.fusion-tabs.fusion-tabs-1 .nav-tabs{background-color:#ffffff;}.fusion-tabs.fusion-tabs-1 .nav-tabs li.active a,.fusion-tabs.fusion-tabs-1 .nav-tabs li.active a:hover,.fusion-tabs.fusion-tabs-1 .nav-tabs li.active a:focus{border-right-color:#ffffff;}.fusion-tabs.fusion-tabs-1 .nav-tabs li.active a,.fusion-tabs.fusion-tabs-1 .nav-tabs li.active a:hover,.fusion-tabs.fusion-tabs-1 .nav-tabs li.active a:focus{background-color:#ffffff;}.fusion-tabs.fusion-tabs-1 .nav-tabs li a:hover{background-color:#ffffff;border-top-color:#ffffff;}.fusion-tabs.fusion-tabs-1 .tab-pane{background-color:#ffffff;}.fusion-tabs.fusion-tabs-1 .nav,.fusion-tabs.fusion-tabs-1 .nav-tabs,.fusion-tabs.fusion-tabs-1 .tab-content .tab-pane{border-color:#c5c5d7;}<\/style><div class=\"nav\"><ul class=\"nav-tabs nav-justified\"><li class=\"active\"><a class=\"tab-link\" id=\"personaledell&#039;ufficio\" href=\"#tab-b51b73ce03857271307\" data-toggle=\"tab\"><h4 class=\"fusion-tab-heading\">PERSONALE DELL'UFFICIO<\/h4><\/a><\/li><li><a class=\"tab-link\" id=\"personaledive\" href=\"#tab-d9df5e0997fbd90ee44\" data-toggle=\"tab\"><h4 class=\"fusion-tab-heading\">PERSONALE DIVE<\/h4><\/a><\/li><li><a class=\"tab-link\" id=\"equipaggiodayboat\" href=\"#tab-4a8666526ce369e8d2c\" data-toggle=\"tab\"><h4 class=\"fusion-tab-heading\">Equipaggio Day Boat<\/h4><\/a><\/li><li><a class=\"tab-link\" id=\"equipaggiocrociere\" href=\"#tab-f2b7cc3a46c11271402\" data-toggle=\"tab\"><h4 class=\"fusion-tab-heading\">Equipaggio Crociere <\/h4><\/a><\/li><\/ul><\/div><div class=\"tab-content\"><div class=\"tab-pane fade in active\" id=\"tab-b51b73ce03857271307\">Gestore MORITZ \u2013 Mantiene l&#8217;operativit\u00e0 delle aziende e sar\u00e0 lieto di rispondere alle vostre e-mail e telefonate. Siccome egli \u00e8 incollato alla sua sedia in ufficio potrai vederlo molto raramente sulla barca. Assistant manager e contabilit\u00e0 RANY \u2013 Non c&#8217;\u00e8 abbastanza spazio qui annotare tutte le cose che sta facendo. Fidatevi di noi, sono un sacco! Segretaria ed assistente LERI aka VALERIE \u2013 Preparano i viaggi, lo shopping, l&#8217;organizzazione di forniture, mantenendo il business senza intoppi. E lei vuole essere una pirata! Responsabile attrezzatura DARMIN \u2013 egli si assicura che tutte le attrezzature sub siano pronte per il viaggio del giorno successivo.<\/div><div class=\"tab-pane fade\" id=\"tab-d9df5e0997fbd90ee44\">Guide Dive ALEX, STONER, SOLEMAN, SARDINE, ODY, DOM, MARTYN \u2013 organizzano immersioni epiche Direttore di crociera DOM and MARTYN \u2013 gli uomini in carica!<\/div><div class=\"tab-pane fade\" id=\"tab-4a8666526ce369e8d2c\">Capitano OVAN \u2013 scontroso e nello stesso tempo personaggio buffo, lui sar\u00e0 l\u00ec quando quando avrai bisogno di lui. Soprattutto quando sarai in attesa per il pick-up sul sito di emersione. Ovan conosce il KNP dentro e fuori. Aiutante barca e meccanico DENI and MARTO \u2013 se vi chiedete come improvvisamente siete con muta e pinne&#8230; era uno di loro a vestirti per le immersioni pi\u00f9 velocemente di quanto tu potessi notare! Mentre tu sei sott\u2019acqua loro si occupano della pulizia e manutenzione della barca. Servizi HANS \u2013 Caff\u00e8, t\u00e8, spuntini, frutta, pranzo. Questo \u00e8 il mondo di HANS. Egli sar\u00e0 responsabile delle bevande e pasti della giornata. Anche lui ha creato il suo piccolo &#8220;HANS mini bar&#8221; sulla barca, felice di servirti bevande analcoliche fresche o una birra dopo l&#8217;ultima immersione.<\/div><div class=\"tab-pane fade\" id=\"tab-f2b7cc3a46c11271402\">Capitano SAIFUL &#8211; si nasconde sempre nei suoi alloggi. Co-capitano HASNU &#8211; trovato spesso a giocare a carte sul secondo ponte. Timoniere barca piccola RISHWAN &#8211; parla molto bene l&#8217;inglese e ama scherzare. Capo Meccanico DODY &#8211; raramente visibile, ma di vitale importanza per la barca, si nasconde spesso sotto coperta nella sala macchine. Suona anche molto bene la chitarra! Aiutante meccanico e barca ZAKKA &#8211; se vedete una faccia nuova tra i giocatori in barca \u00e8 sicuramente Zak che \u00e8 finalmente uscito dalla sala macchine. Capo Cuoco DIMAS &#8211; sempre al lavoro in cucina. Se sei affamato devi parlare con Dimas, che ti fa anche una mega frittata. Cucina aiutante FRANS and ERICK \u2013 Tagliano, tritano, mescolano, lavano. Pulizia generale e\u2026 ripetere! Servizi EFAS &#8211; tutto il necessario lo si pu\u00f2 chiedere a lui, lo troverete ovunque e da nessuna parte. HARRIS &#8211; servizio in camera, parla ogni lingua conosciuta all&#8217;umanit\u00e0! Almeno un paio di parole &#8230; <\/div><\/div><\/div><div class=\"fusion-one-sixth fusion-layout-column fusion-spacing-yes\" style=\"margin-top:0px;margin-bottom:20px;\"><div class=\"fusion-column-wrapper\"><span class=\"fusion-imageframe imageframe-none imageframe-1\"> <img decoding=\"async\" alt=\"Moritz, Komodo Dive Center\" src=\"https:\/\/www.komododivecenter.com\/wp-content\/uploads\/moritz.jpg\" class=\"img-responsive\"\/><\/span><p>Moritz<\/p>\n<\/div><\/div><div class=\"fusion-one-sixth fusion-layout-column fusion-spacing-yes\" style=\"margin-top:0px;margin-bottom:20px;\"><div class=\"fusion-column-wrapper\"><span class=\"fusion-imageframe imageframe-none imageframe-2\"> <img decoding=\"async\" alt=\"Alex, Dive Guide at Komodo Dive Center\" src=\"https:\/\/www.komododivecenter.com\/wp-content\/uploads\/alex.jpg\" class=\"img-responsive\"\/><\/span><p>Alex<\/p>\n<\/div><\/div><div class=\"fusion-one-sixth fusion-layout-column fusion-spacing-yes\" style=\"margin-top:0px;margin-bottom:20px;\"><div class=\"fusion-column-wrapper\"><span class=\"fusion-imageframe imageframe-none imageframe-3\"> <img decoding=\"async\" alt=\"Ovan, Captain at Komodo Dive Center\" src=\"https:\/\/www.komododivecenter.com\/wp-content\/uploads\/ovan-kdc.jpg\" class=\"img-responsive\"\/><\/span><p>Ovan<\/p>\n<\/div><\/div><div class=\"fusion-one-sixth fusion-layout-column fusion-spacing-yes\" style=\"margin-top:0px;margin-bottom:20px;\"><div class=\"fusion-column-wrapper\"><span class=\"fusion-imageframe imageframe-none imageframe-4\"> <img decoding=\"async\" alt=\"Hans, Komodo Dive Center\" src=\"https:\/\/www.komododivecenter.com\/wp-content\/uploads\/hans-kdc.jpg\" class=\"img-responsive\"\/><\/span><p>Hans<\/p>\n<\/div><\/div><div class=\"fusion-one-sixth fusion-layout-column fusion-spacing-yes\" style=\"margin-top:0px;margin-bottom:20px;\"><div class=\"fusion-column-wrapper\"><span class=\"fusion-imageframe imageframe-none imageframe-5\"> <img decoding=\"async\" alt=\"Harris, Komodo Dive Center\" src=\"https:\/\/www.komododivecenter.com\/wp-content\/uploads\/harris.jpg\" class=\"img-responsive\"\/><\/span><p>Harris<\/p>\n<\/div><\/div><div class=\"fusion-one-sixth fusion-layout-column fusion-column-last fusion-spacing-yes\" style=\"margin-top:0px;margin-bottom:20px;\"><div class=\"fusion-column-wrapper\"><span class=\"fusion-imageframe imageframe-none imageframe-6\"> <img decoding=\"async\" alt=\"Manung, Komodo Dive Center\" src=\"https:\/\/www.komododivecenter.com\/wp-content\/uploads\/manung-kdc.jpg\" class=\"img-responsive\"\/><\/span><p>Manung<\/p>\n<\/div><\/div><div class=\"fusion-clearfix\"><\/div><\/div><\/div>\n","protected":false},"excerpt":{"rendered":"","protected":false},"author":2,"featured_media":0,"parent":0,"menu_order":0,"comment_status":"closed","ping_status":"closed","template":"100-width.php","meta":{"_acf_changed":false,"footnotes":""},"class_list":["post-3349","page","type-page","status-publish","hentry"],"acf":[],"_links":{"self":[{"href":"https:\/\/www.komododivecenter.com\/it\/wp-json\/wp\/v2\/pages\/3349","targetHints":{"allow":["GET"]}}],"collection":[{"href":"https:\/\/www.komododivecenter.com\/it\/wp-json\/wp\/v2\/pages"}],"about":[{"href":"https:\/\/www.komododivecenter.com\/it\/wp-json\/wp\/v2\/types\/page"}],"author":[{"embeddable":true,"href":"https:\/\/www.komododivecenter.com\/it\/wp-json\/wp\/v2\/users\/2"}],"replies":[{"embeddable":true,"href":"https:\/\/www.komododivecenter.com\/it\/wp-json\/wp\/v2\/comments?post=3349"}],"version-history":[{"count":0,"href":"https:\/\/www.komododivecenter.com\/it\/wp-json\/wp\/v2\/pages\/3349\/revisions"}],"wp:attachment":[{"href":"https:\/\/www.komododivecenter.com\/it\/wp-json\/wp\/v2\/media?parent=3349"}],"curies":[{"name":"wp","href":"https:\/\/api.w.org\/{rel}","templated":true}]}}